{"id":40736,"date":"2026-03-30T12:55:19","date_gmt":"2026-03-30T11:55:19","guid":{"rendered":"https:\/\/bigbuy.tupique.com\/produto\/smartwatch-apple-watch-series-10-gps-cellular-silver-196-46-mm\/"},"modified":"2026-05-11T19:55:34","modified_gmt":"2026-05-11T17:55:34","slug":"smartwatch-apple-watch-series-10-gps-cellular-silver-196-46-mm","status":"publish","type":"product","link":"https:\/\/bigbuy.tupique.com\/pt\/produto\/smartwatch-apple-watch-series-10-gps-cellular-silver-196-46-mm\/","title":{"rendered":"Montre intelligente Apple Watch Series 10 GPS + Cellular Argent\u00e9 1,96&#8243; 46 mm"},"content":{"rendered":"<p>Si vous \u00eates passionn\u00e9 d&#8217;<b>informatique et d&#8217;\u00e9lectronique<\/b>, si vous \u00eates \u00e0 la pointe de la technologie et qu&#8217;aucun d\u00e9tail ne vous \u00e9chappe, achetez <b>Montre intelligente Apple Watch Series 10 GPS + Cellular Argent\u00e9 1,96&#8243; 46 mm<\/b> au meilleur prix.<\/p>\n<p>L\u2019<b>Apple MWY13QL\/A<\/b> est une <b>smartwatch<\/b> de derni\u00e8re g\u00e9n\u00e9ration qui se distingue par son design raffin\u00e9 et ses fonctionnalit\u00e9s avanc\u00e9es, tout en conservant la qualit\u00e9 et la pr\u00e9cision reconnues de la marque Apple. Ce mod\u00e8le dispose d\u2019un <b>grand \u00e9cran<\/b>, propos\u00e9 en versions <b>1,96 et 1,81 pouces<\/b>, permettant de consulter notifications, applications et donn\u00e9es avec une excellente clart\u00e9 et un grand confort, id\u00e9al pour ceux qui recherchent une interaction rapide et efficace directement au poignet. Con\u00e7u en <b>aluminium<\/b> l\u00e9ger et r\u00e9sistant, avec des options de <b>bracelet en caoutchouc<\/b> pour un port confortable, la montre est disponible en <b>bleu et gris<\/b> pour s\u2019adapter \u00e0 diff\u00e9rents styles. L\u2019appareil int\u00e8gre un <b>acc\u00e9l\u00e9rom\u00e8tre<\/b> pour enregistrer les mouvements et l\u2019activit\u00e9 physique, ainsi que des <b>haut-parleurs int\u00e9gr\u00e9s<\/b> permettant de r\u00e9pondre aux appels et d\u2019\u00e9couter les notifications sans avoir besoin d\u2019autres appareils. Cette g\u00e9n\u00e9ration d\u2019Apple Watch est sp\u00e9cialement con\u00e7ue pour les utilisateurs souhaitant suivre leur activit\u00e9 quotidienne, surveiller leur sant\u00e9 et rester connect\u00e9s \u00e0 tout moment, en associant des mat\u00e9riaux de haute qualit\u00e9 \u00e0 un \u00e9cosyst\u00e8me d\u2019applications favorisant bien-\u00eatre et productivit\u00e9. L\u2019ensemble de ces caract\u00e9ristiques fait de l\u2019Apple MWY13QL\/A une option moderne et \u00e9quilibr\u00e9e parmi les montres connect\u00e9es de r\u00e9f\u00e9rence.<\/p>\n<ul>\n<li>Genre: Homme<\/li>\n<li>Syst\u00e8me d&#8217;exploitation:\n<ul>\n<li>iOS<\/li>\n<li>iOS 11<\/li>\n<\/ul>\n<\/li>\n<li>Liens suppl\u00e9mentaires: Non<\/li>\n<li>Type de prise: Prise EU<\/li>\n<li>Type de montre: Montre intelligente<\/li>\n<li>Produit \u00e0 brancher: Oui<\/li>\n<li>Type: Montre-bracelet<\/li>\n<li>Connectivit\u00e9:\n<ul>\n<li>4G<\/li>\n<li>Wi-Fi 4 (802.11n)<\/li>\n<li>Bluetooth<\/li>\n<li>Wi-Fi<\/li>\n<li>GPS<\/li>\n<li>NFC<\/li>\n<li>BeiDou<\/li>\n<li>Galileo<\/li>\n<li>LTE<\/li>\n<li>Bluetooth 5.3<\/li>\n<\/ul>\n<\/li>\n<li>Autonomie approx.: 18 heures<\/li>\n<li>Ecran:\n<ul>\n<li>1,81&#8243;<\/li>\n<li>1,96&#8243;<\/li>\n<\/ul>\n<\/li>\n<li>Acc\u00e9l\u00e9rom\u00e8tre: Oui<\/li>\n<li>Gyroscope: Oui<\/li>\n<li>Microphone int\u00e9gr\u00e9: Oui<\/li>\n<li>Design: Rectangulaire<\/li>\n<li>Couleur du cadran: Argent<\/li>\n<li>Couleur du bracelet: Bleu<\/li>\n<li>Couleur:\n<ul>\n<li>Gris<\/li>\n<li>Argent\u00e9<\/li>\n<li>Bleu<\/li>\n<\/ul>\n<\/li>\n<li>Casque: Bluetooth<\/li>\n<li>Bloc d\u2019Alimentation: r\u00e9seau \u00e9lectrique<\/li>\n<li>M\u00e9moire interne: 64 GB<\/li>\n<li>Processeur: Dual Core<\/li>\n<li>Mati\u00e8re:\n<ul>\n<li>Caoutchouc<\/li>\n<li>Aluminium<\/li>\n<\/ul>\n<\/li>\n<li>Caract\u00e9ristiques:\n<ul>\n<li>Acc\u00e9l\u00e9rom\u00e8tre<\/li>\n<li>Haut-parleurs int\u00e9gr\u00e9s<\/li>\n<li>Ecran tactile<\/li>\n<li>Capteur de lumi\u00e8re ambiante<\/li>\n<li>Gyroscope<\/li>\n<li>R\u00e9sistant \u00e0 l&#8217;eau et \u00e0 la poussi\u00e8re<\/li>\n<li>Altim\u00e8tre<\/li>\n<li>Microphone int\u00e9gr\u00e9<\/li>\n<li>Moniteur de Sommeil<\/li>\n<li>SMS<\/li>\n<li>Connexion au r\u00e9seau mobile<\/li>\n<li>Charge magn\u00e9tique<\/li>\n<li>\u00c9cran avec coins arrondis<\/li>\n<\/ul>\n<\/li>\n<li>Connexions: 4G<\/li>\n<li>Type de batterie:\n<ul>\n<li>Int\u00e9gr\u00e9e<\/li>\n<li>Litio Ion<\/li>\n<\/ul>\n<\/li>\n<li>Compatible: Siri<\/li>\n<li>Caisse: 46 mm<\/li>\n<li>Forme: Rectangulaire<\/li>\n<li>Cam\u00e9ra\/Appareil Photo: Non<\/li>\n<li>Fonctions:\n<ul>\n<li>Moniteur de Sommeil<\/li>\n<li>Moniteur de fr\u00e9quence cardiaque<\/li>\n<\/ul>\n<\/li>\n<li>Chargeur sans fil: Oui<\/li>\n<li>Radio FM: Non<\/li>\n<li>R\u00e9sistant \u00e0 l&#8217;eau: 50 m<\/li>\n<li>Technologie: OLED<\/li>\n<li>Connexion USB: Non<\/li>\n<li>Inclut: Chargeur<\/li>\n<li>Sangle: Amovible<\/li>\n<li>M\u00e9moire Flash: 64 MB<\/li>\n<\/ul>","protected":false},"excerpt":{"rendered":"<p>Si vous \u00eates passionn\u00e9 d&#8217;informatique et d&#8217;\u00e9lectronique, si vous \u00eates \u00e0 la pointe de la technologie et qu&#8217;aucun d\u00e9tail ne vous \u00e9chappe, achetez Montre intelligente Apple Watch Series 10 GPS + Cellular Argent\u00e9 1,96&#8243; 46 mm au meilleur prix. L\u2019Apple MWY13QL\/A est une smartwatch de derni\u00e8re g\u00e9n\u00e9ration qui se distingue par son design raffin\u00e9 et [&hellip;]<\/p>\n","protected":false},"featured_media":40714,"comment_status":"open","ping_status":"closed","template":"","meta":[],"product_brand":[979],"product_cat":[575,65,748],"product_tag":[103,566,106],"class_list":{"0":"post-40736","1":"product","2":"type-product","3":"status-publish","4":"has-post-thumbnail","6":"product_brand-brandp_533","7":"product_cat-electronique-telephonie-et-tablettes","8":"product_cat-informatique-electronique","9":"product_cat-smartwatches","10":"product_tag-tag_1261","11":"product_tag-tag_547","12":"product_tag-tag_1295","14":"first","15":"instock","16":"taxable","17":"shipping-taxable","18":"purchasable","19":"product-type-simple"},"_links":{"self":[{"href":"https:\/\/bigbuy.tupique.com\/pt\/wp-json\/wp\/v2\/product\/40736","targetHints":{"allow":["GET"]}}],"collection":[{"href":"https:\/\/bigbuy.tupique.com\/pt\/wp-json\/wp\/v2\/product"}],"about":[{"href":"https:\/\/bigbuy.tupique.com\/pt\/wp-json\/wp\/v2\/types\/product"}],"replies":[{"embeddable":true,"href":"https:\/\/bigbuy.tupique.com\/pt\/wp-json\/wp\/v2\/comments?post=40736"}],"wp:featuredmedia":[{"embeddable":true,"href":"https:\/\/bigbuy.tupique.com\/pt\/wp-json\/wp\/v2\/media\/40714"}],"wp:attachment":[{"href":"https:\/\/bigbuy.tupique.com\/pt\/wp-json\/wp\/v2\/media?parent=40736"}],"wp:term":[{"taxonomy":"product_brand","embeddable":true,"href":"https:\/\/bigbuy.tupique.com\/pt\/wp-json\/wp\/v2\/product_brand?post=40736"},{"taxonomy":"product_cat","embeddable":true,"href":"https:\/\/bigbuy.tupique.com\/pt\/wp-json\/wp\/v2\/product_cat?post=40736"},{"taxonomy":"product_tag","embeddable":true,"href":"https:\/\/bigbuy.tupique.com\/pt\/wp-json\/wp\/v2\/product_tag?post=40736"}],"curies":[{"name":"wp","href":"https:\/\/api.w.org\/{rel}","templated":true}]}}