{"id":40713,"date":"2026-03-30T12:54:18","date_gmt":"2026-03-30T11:54:18","guid":{"rendered":"https:\/\/bigbuy.tupique.com\/produto\/surveillance-camcorder-axis-03037-001\/"},"modified":"2026-04-15T05:49:04","modified_gmt":"2026-04-15T04:49:04","slug":"surveillance-camcorder-axis-03037-001","status":"publish","type":"product","link":"https:\/\/bigbuy.tupique.com\/pt\/produto\/surveillance-camcorder-axis-03037-001\/","title":{"rendered":"Camescope de surveillance Axis 03037-001"},"content":{"rendered":"<p>Si vous \u00eates \u00e0 la recherche de nouvelles tendances sur le march\u00e9, nous vous pr\u00e9sentons <b>Camescope de surveillance Axis 03037-001<\/b> !<\/p>\n<ul>\n<li>Type: Cam\u00e9scope<\/li>\n<\/ul>","protected":false},"excerpt":{"rendered":"<p>Si vous \u00eates \u00e0 la recherche de nouvelles tendances sur le march\u00e9, nous vous pr\u00e9sentons Camescope de surveillance Axis 03037-001 ! Type: Cam\u00e9scope<\/p>","protected":false},"featured_media":40710,"comment_status":"open","ping_status":"closed","template":"","meta":[],"product_brand":[645],"product_cat":[580,239,579],"product_tag":[567,210],"class_list":{"0":"post-40713","1":"product","2":"type-product","3":"status-publish","4":"has-post-thumbnail","6":"product_brand-brandp_4776","7":"product_cat-cameras-de-surveillance-video","8":"product_cat-maison-jardin","9":"product_cat-securite-a-la-maison","10":"product_tag-tag_556","11":"product_tag-tag_25","13":"first","14":"instock","15":"taxable","16":"shipping-taxable","17":"purchasable","18":"product-type-simple"},"_links":{"self":[{"href":"https:\/\/bigbuy.tupique.com\/pt\/wp-json\/wp\/v2\/product\/40713","targetHints":{"allow":["GET"]}}],"collection":[{"href":"https:\/\/bigbuy.tupique.com\/pt\/wp-json\/wp\/v2\/product"}],"about":[{"href":"https:\/\/bigbuy.tupique.com\/pt\/wp-json\/wp\/v2\/types\/product"}],"replies":[{"embeddable":true,"href":"https:\/\/bigbuy.tupique.com\/pt\/wp-json\/wp\/v2\/comments?post=40713"}],"wp:featuredmedia":[{"embeddable":true,"href":"https:\/\/bigbuy.tupique.com\/pt\/wp-json\/wp\/v2\/media\/40710"}],"wp:attachment":[{"href":"https:\/\/bigbuy.tupique.com\/pt\/wp-json\/wp\/v2\/media?parent=40713"}],"wp:term":[{"taxonomy":"product_brand","embeddable":true,"href":"https:\/\/bigbuy.tupique.com\/pt\/wp-json\/wp\/v2\/product_brand?post=40713"},{"taxonomy":"product_cat","embeddable":true,"href":"https:\/\/bigbuy.tupique.com\/pt\/wp-json\/wp\/v2\/product_cat?post=40713"},{"taxonomy":"product_tag","embeddable":true,"href":"https:\/\/bigbuy.tupique.com\/pt\/wp-json\/wp\/v2\/product_tag?post=40713"}],"curies":[{"name":"wp","href":"https:\/\/api.w.org\/{rel}","templated":true}]}}