{"id":40659,"date":"2026-03-30T12:52:21","date_gmt":"2026-03-30T11:52:21","guid":{"rendered":"https:\/\/bigbuy.tupique.com\/produto\/gas-hob-daewoo-bh7gkf51bnm\/"},"modified":"2026-04-16T16:51:37","modified_gmt":"2026-04-16T15:51:37","slug":"gas-hob-daewoo-bh7gkf51bnm","status":"publish","type":"product","link":"https:\/\/bigbuy.tupique.com\/pt\/produto\/gas-hob-daewoo-bh7gkf51bnm\/","title":{"rendered":"Plaque au gaz Daewoo BH7GKF51BNM"},"content":{"rendered":"<p>Si vous \u00eates \u00e0 la recherche de nouvelles tendances sur le march\u00e9, nous vous pr\u00e9sentons <b>Plaque au gaz Daewoo BH7GKF51BNM<\/b> !<\/p>\n<p>La <b>BH7GKF51BNM de Daewoo<\/b> est une <b>plaque de cuisson \u00e0 gaz<\/b> con\u00e7ue pour ceux qui recherchent polyvalence et capacit\u00e9 dans la cuisine domestique, avec une <b>largeur de 70 cm<\/b> offrant une surface spacieuse et confortable pour pr\u00e9parer plusieurs plats simultan\u00e9ment. Ce mod\u00e8le se distingue par ses <b>5 zones de cuisson<\/b>, facilitant l\u2019organisation et la gestion de diff\u00e9rentes casseroles et po\u00eales en m\u00eame temps, id\u00e9al pour les familles ou pour cuisiner en grande quantit\u00e9. La finition <b>noire<\/b> et la surface <b>mate<\/b> lui donnent un aspect moderne et \u00e9l\u00e9gant qui s\u2019int\u00e8gre facilement \u00e0 tout style de cuisine, tandis que sa <b>structure en m\u00e9tal<\/b> assure une bonne durabilit\u00e9 et une r\u00e9sistance \u00e0 l\u2019usage quotidien. Fabriqu\u00e9e en Turquie, cette plaque r\u00e9pond aux standards de qualit\u00e9 et d\u2019efficacit\u00e9 propres \u00e0 Daewoo, garantissant des performances fiables dans le temps. Bien que l\u2019induction soit mentionn\u00e9e dans les attributs, ce mod\u00e8le est clairement identifi\u00e9 comme une plaque \u00e0 gaz, offrant un contr\u00f4le imm\u00e9diat de la temp\u00e9rature gr\u00e2ce au r\u00e9glage direct de la flamme, une caract\u00e9ristique appr\u00e9ci\u00e9e des cuisiniers recherchant la pr\u00e9cision. Cette combinaison d\u2019espace, de mat\u00e9riaux et de design fait de la Daewoo BH7GKF51BNM un choix pratique et fiable pour \u00e9quiper des cuisines ax\u00e9es sur la fonctionnalit\u00e9 et la simplicit\u00e9 d\u2019utilisation.<\/p>\n<ul>\n<li>Type: Plaque \u00e0 Induction<\/li>\n<li>Produit \u00e0 brancher: Oui<\/li>\n<li>Bloc d\u2019Alimentation:\n<ul>\n<li>r\u00e9seau \u00e9lectrique<\/li>\n<li>Gaz<\/li>\n<\/ul>\n<\/li>\n<li>Couleur:\n<ul>\n<li>Noir<\/li>\n<li>noir<\/li>\n<\/ul>\n<\/li>\n<li>Largeur:\n<ul>\n<li>70 cm<\/li>\n<li>56 cm<\/li>\n<\/ul>\n<\/li>\n<li>Type d&#8217;installation: Encastrable<\/li>\n<li>puissance: 11100 W<\/li>\n<li>Profondeur: 52 cm<\/li>\n<li>Hauteur: 4,4 cm<\/li>\n<li>Tension: 230 V \/ 50-60 Hz<\/li>\n<li>Zones de cuisson: 5<\/li>\n<li>Dimensions approx.:\n<ul>\n<li>56 cm<\/li>\n<li>49 cm<\/li>\n<\/ul>\n<\/li>\n<li>Mati\u00e8re:\n<ul>\n<li>M\u00e9tal<\/li>\n<li>Verre tremp\u00e9<\/li>\n<li>Verre et c\u00e9ramique<\/li>\n<\/ul>\n<\/li>\n<li>Finition: Mat<\/li>\n<li>Inclut: Manuel d\u2019utilisation<\/li>\n<li>Contr\u00f4le: Plaque Tournante<\/li>\n<li>Connectivit\u00e9: No<\/li>\n<\/ul>\n<p>Informations importantes: En ce qui concerne le raccordement au gaz, il convient de respecter les r\u00e9glementations nationales en vigueur..<\/p>","protected":false},"excerpt":{"rendered":"<p>Si vous \u00eates \u00e0 la recherche de nouvelles tendances sur le march\u00e9, nous vous pr\u00e9sentons Plaque au gaz Daewoo BH7GKF51BNM ! La BH7GKF51BNM de Daewoo est une plaque de cuisson \u00e0 gaz con\u00e7ue pour ceux qui recherchent polyvalence et capacit\u00e9 dans la cuisine domestique, avec une largeur de 70 cm offrant une surface spacieuse et [&hellip;]<\/p>\n","protected":false},"featured_media":152989,"comment_status":"open","ping_status":"closed","template":"","meta":[],"product_brand":[1382],"product_cat":[60,77,78],"product_tag":[55,59,56],"class_list":{"0":"post-40659","1":"product","2":"type-product","3":"status-publish","4":"has-post-thumbnail","6":"product_brand-brandp_945","7":"product_cat-cuisine-gourmet","8":"product_cat-petit-electromenager","9":"product_cat-plaques-de-cuisson","10":"product_tag-tag_926","11":"product_tag-tag_1304","12":"product_tag-tag_930","14":"first","15":"instock","16":"taxable","17":"shipping-taxable","18":"purchasable","19":"product-type-simple"},"_links":{"self":[{"href":"https:\/\/bigbuy.tupique.com\/pt\/wp-json\/wp\/v2\/product\/40659","targetHints":{"allow":["GET"]}}],"collection":[{"href":"https:\/\/bigbuy.tupique.com\/pt\/wp-json\/wp\/v2\/product"}],"about":[{"href":"https:\/\/bigbuy.tupique.com\/pt\/wp-json\/wp\/v2\/types\/product"}],"replies":[{"embeddable":true,"href":"https:\/\/bigbuy.tupique.com\/pt\/wp-json\/wp\/v2\/comments?post=40659"}],"wp:featuredmedia":[{"embeddable":true,"href":"https:\/\/bigbuy.tupique.com\/pt\/wp-json\/wp\/v2\/media\/152989"}],"wp:attachment":[{"href":"https:\/\/bigbuy.tupique.com\/pt\/wp-json\/wp\/v2\/media?parent=40659"}],"wp:term":[{"taxonomy":"product_brand","embeddable":true,"href":"https:\/\/bigbuy.tupique.com\/pt\/wp-json\/wp\/v2\/product_brand?post=40659"},{"taxonomy":"product_cat","embeddable":true,"href":"https:\/\/bigbuy.tupique.com\/pt\/wp-json\/wp\/v2\/product_cat?post=40659"},{"taxonomy":"product_tag","embeddable":true,"href":"https:\/\/bigbuy.tupique.com\/pt\/wp-json\/wp\/v2\/product_tag?post=40659"}],"curies":[{"name":"wp","href":"https:\/\/api.w.org\/{rel}","templated":true}]}}