{"id":40649,"date":"2026-03-30T12:52:01","date_gmt":"2026-03-30T11:52:01","guid":{"rendered":"https:\/\/bigbuy.tupique.com\/produto\/smartphone-oppo-reno14-659-octa-core-12-gb-ram-512-gb-green\/"},"modified":"2026-04-15T10:48:56","modified_gmt":"2026-04-15T09:48:56","slug":"smartphone-oppo-reno14-659-octa-core-12-gb-ram-512-gb-green","status":"publish","type":"product","link":"https:\/\/bigbuy.tupique.com\/pt\/produto\/smartphone-oppo-reno14-659-octa-core-12-gb-ram-512-gb-green\/","title":{"rendered":"Smartphone Oppo Reno14 6,59&#8243; Octa Core 12 GB RAM 512 GB Vert"},"content":{"rendered":"<p>Si vous \u00eates \u00e0 la recherche de nouvelles tendances sur le march\u00e9, nous vous pr\u00e9sentons <b>Smartphone Oppo Reno14 6,59&#8243; Octa Core 12 GB RAM 512 GB Vert<\/b> !<\/p>\n<p>Le <b>Reno14 5G<\/b> d\u2019Oppo est un <b>smartphone<\/b> de derni\u00e8re g\u00e9n\u00e9ration con\u00e7u pour les utilisateurs recherchant des performances \u00e9lev\u00e9es, un large espace de stockage et une exp\u00e9rience fluide au quotidien. Il est \u00e9quip\u00e9 de <b>12 Go de RAM<\/b>, permettant d\u2019ex\u00e9cuter plusieurs applications et t\u00e2ches exigeantes sans ralentissement, soutenu par une g\u00e9n\u00e9reuse <b>capacit\u00e9 de stockage interne de 512 Go<\/b>, id\u00e9ale pour conserver de nombreuses photos, vid\u00e9os et fichiers sans contrainte. Son <b>\u00e9cran de 6,59&#8243;<\/b> offre une visualisation large et immersive, parfaite pour le divertissement multim\u00e9dia comme pour la navigation quotidienne. L\u2019appareil pr\u00e9sente une finition \u00e9l\u00e9gante en <b>vert<\/b> et une conception en <b>plastique<\/b> r\u00e9sistant, garantissant l\u00e9g\u00e8ret\u00e9 et durabilit\u00e9 lors d\u2019une utilisation prolong\u00e9e. C\u00f4t\u00e9 connectivit\u00e9, le Reno14 5G int\u00e8gre un <b>port USB-C<\/b> pour une charge rapide et un transfert de donn\u00e9es efficace, ainsi que le <b>Wi-Fi<\/b> pour une connexion stable aux r\u00e9seaux sans fil, tandis que le syst\u00e8me d\u2019exploitation <b>Android<\/b> assure une grande compatibilit\u00e9 avec les applications et services actuels. Ce mod\u00e8le prend en charge la connexion au <b>secteur<\/b> pour une recharge classique, int\u00e9grant toutes les fonctionnalit\u00e9s essentielles attendues par les utilisateurs avanc\u00e9s. Le Reno14 5G d\u2019Oppo s\u2019impose comme une solution efficace, polyvalente et moderne dans la gamme des smartphones destin\u00e9s \u00e0 ceux qui exigent capacit\u00e9, fluidit\u00e9 et connectivit\u00e9 fiable au quotidien.<\/p>\n<ul>\n<li>Diagonale de l&#8217;\u00e9cran (cm): 16,7 cm<\/li>\n<li>Produit \u00e0 brancher: Oui<\/li>\n<li>Type: Smartphone<\/li>\n<li>Bloc d\u2019Alimentation: r\u00e9seau \u00e9lectrique<\/li>\n<li>Type de prise: Prise EU<\/li>\n<li>Technologie: AMOLED<\/li>\n<li>Capacit\u00e9 de la batterie: 6000 mAh<\/li>\n<li>Ecran: 6,59&#8243;<\/li>\n<li>Syst\u00e8me d&#8217;exploitation: Android<\/li>\n<li>puissance: 80 W<\/li>\n<li>Connectivit\u00e9:\n<ul>\n<li>Wi-Fi<\/li>\n<li>NFC<\/li>\n<li>Bluetooth<\/li>\n<\/ul>\n<\/li>\n<li>Cam\u00e9ra\/Appareil Photo: 50 Mp<\/li>\n<li>Connexions: USB-C<\/li>\n<li>Processeur: Octa Core<\/li>\n<li>M\u00e9moire RAM: 12 GB RAM<\/li>\n<li>M\u00e9moire interne: 512 GB<\/li>\n<li>Couleur: Vert<\/li>\n<li>Mati\u00e8re: Plastique<\/li>\n<li>Caract\u00e9ristiques:\n<ul>\n<li>Imperm\u00e9able<\/li>\n<li>GPS<\/li>\n<li>Cam\u00e9ra frontale<\/li>\n<li>Flash<\/li>\n<li>Enregistrement vid\u00e9o<\/li>\n<li>M\u00e9moire extensible<\/li>\n<li>\u00c9cran couleur<\/li>\n<li>Ecran tactile<\/li>\n<li>Cam\u00e9ra\/Appareil Photo<\/li>\n<li>\u00c9cran HDR<\/li>\n<li>Haut-parleur<\/li>\n<li>NFC<\/li>\n<li>Capteur d&#8217;empreintes digitales<\/li>\n<li>Dual SIM<\/li>\n<li>Wi-Fi<\/li>\n<li>\u00c9cran LED<\/li>\n<li>Batterie rechargeable<\/li>\n<li>HD<\/li>\n<li>HDR<\/li>\n<li>Microphone int\u00e9gr\u00e9<\/li>\n<li>Batterie<\/li>\n<li>Ecran<\/li>\n<li>R\u00e9sistant aux \u00e9claboussures<\/li>\n<li>Sans fil<\/li>\n<li>R\u00e9sistance aux chocs<\/li>\n<li>Haut-parleurs<\/li>\n<li>Full HD<\/li>\n<li>Android<\/li>\n<li>Capteur de lumi\u00e8re<\/li>\n<li>M\u00e9moire<\/li>\n<li>4 Haut-parleurs<\/li>\n<li>Connexion au r\u00e9seau mobile<\/li>\n<li>Batterie int\u00e9gr\u00e9e<\/li>\n<li>Haut-parleurs int\u00e9gr\u00e9s<\/li>\n<li>Chargement rapide<\/li>\n<li>Cam\u00e9ra arri\u00e8re<\/li>\n<li>Capteur de proximit\u00e9<\/li>\n<\/ul>\n<\/li>\n<li>R\u00e9solution: 120 Hz<\/li>\n<li>SIM: Dual SIM<\/li>\n<li>Noyaux: 8 Noyaux<\/li>\n<\/ul>","protected":false},"excerpt":{"rendered":"<p>Si vous \u00eates \u00e0 la recherche de nouvelles tendances sur le march\u00e9, nous vous pr\u00e9sentons Smartphone Oppo Reno14 6,59&#8243; Octa Core 12 GB RAM 512 GB Vert ! Le Reno14 5G d\u2019Oppo est un smartphone de derni\u00e8re g\u00e9n\u00e9ration con\u00e7u pour les utilisateurs recherchant des performances \u00e9lev\u00e9es, un large espace de stockage et une exp\u00e9rience fluide [&hellip;]<\/p>\n","protected":false},"featured_media":40644,"comment_status":"open","ping_status":"closed","template":"","meta":[],"product_brand":[1152],"product_cat":[575,65,960],"product_tag":[213,566,106],"class_list":{"0":"post-40649","1":"product","2":"type-product","3":"status-publish","4":"has-post-thumbnail","6":"product_brand-brandp_3498","7":"product_cat-electronique-telephonie-et-tablettes","8":"product_cat-informatique-electronique","9":"product_cat-telephones-portables","10":"product_tag-tag_933","11":"product_tag-tag_547","12":"product_tag-tag_1295","14":"first","15":"instock","16":"taxable","17":"shipping-taxable","18":"purchasable","19":"product-type-simple"},"_links":{"self":[{"href":"https:\/\/bigbuy.tupique.com\/pt\/wp-json\/wp\/v2\/product\/40649","targetHints":{"allow":["GET"]}}],"collection":[{"href":"https:\/\/bigbuy.tupique.com\/pt\/wp-json\/wp\/v2\/product"}],"about":[{"href":"https:\/\/bigbuy.tupique.com\/pt\/wp-json\/wp\/v2\/types\/product"}],"replies":[{"embeddable":true,"href":"https:\/\/bigbuy.tupique.com\/pt\/wp-json\/wp\/v2\/comments?post=40649"}],"wp:featuredmedia":[{"embeddable":true,"href":"https:\/\/bigbuy.tupique.com\/pt\/wp-json\/wp\/v2\/media\/40644"}],"wp:attachment":[{"href":"https:\/\/bigbuy.tupique.com\/pt\/wp-json\/wp\/v2\/media?parent=40649"}],"wp:term":[{"taxonomy":"product_brand","embeddable":true,"href":"https:\/\/bigbuy.tupique.com\/pt\/wp-json\/wp\/v2\/product_brand?post=40649"},{"taxonomy":"product_cat","embeddable":true,"href":"https:\/\/bigbuy.tupique.com\/pt\/wp-json\/wp\/v2\/product_cat?post=40649"},{"taxonomy":"product_tag","embeddable":true,"href":"https:\/\/bigbuy.tupique.com\/pt\/wp-json\/wp\/v2\/product_tag?post=40649"}],"curies":[{"name":"wp","href":"https:\/\/api.w.org\/{rel}","templated":true}]}}