{"id":40404,"date":"2026-03-30T12:31:54","date_gmt":"2026-03-30T11:31:54","guid":{"rendered":"https:\/\/bigbuy.tupique.com\/produto\/tablet-apple-ipad-air-m3-11-octa-core-8-gb-ram-256-gb-grey\/"},"modified":"2026-05-11T19:55:34","modified_gmt":"2026-05-11T17:55:34","slug":"tablet-apple-ipad-air-m3-11-octa-core-8-gb-ram-256-gb-grey","status":"publish","type":"product","link":"https:\/\/bigbuy.tupique.com\/pt\/produto\/tablet-apple-ipad-air-m3-11-octa-core-8-gb-ram-256-gb-grey\/","title":{"rendered":"Tablette Apple iPad Air M3 11&#8243; Octa Core 8 GB RAM 256 GB Gris"},"content":{"rendered":"<p>Si vous \u00eates passionn\u00e9 d&#8217;<b>informatique et d&#8217;\u00e9lectronique<\/b>, si vous \u00eates \u00e0 la pointe de la technologie et qu&#8217;aucun d\u00e9tail ne vous \u00e9chappe, achetez <b>Tablette Apple iPad Air M3 11&#8243; Octa Core 8 GB RAM 256 GB Gris<\/b> au meilleur prix.<\/p>\n<p>L\u2019<b>iPad Air M3<\/b> d\u2019Apple est une <b>tablette<\/b> avanc\u00e9e con\u00e7ue pour ceux qui recherchent la combinaison id\u00e9ale de puissance, de portabilit\u00e9 et de polyvalence dans un format compact. Il int\u00e8gre la puce moderne <b>M3<\/b> qui, associ\u00e9e \u00e0 ses <b>8 Go de m\u00e9moire RAM<\/b>, assure des performances rapides et efficaces, aussi bien en multit\u00e2che que pour les applications cr\u00e9atives ou de productivit\u00e9 exigeantes. Son <b>\u00e9cran de 11 pouces<\/b> offre une exp\u00e9rience visuelle nette et \u00e9tendue, id\u00e9ale pour l\u2019\u00e9dition de documents, la lecture de contenus multim\u00e9dias et une navigation fluide, tandis que le <b>stockage interne de 256 Go<\/b> offre suffisamment d\u2019espace pour applications, fichiers, projets multim\u00e9dias et photos sans souci de capacit\u00e9. L\u2019appareil pr\u00e9sente une finition soign\u00e9e en <b>aluminium gris<\/b>, alliant l\u00e9g\u00e8ret\u00e9, robustesse et esth\u00e9tique \u00e9l\u00e9gante propre \u00e0 Apple. Parmi ses fonctionnalit\u00e9s cl\u00e9s figurent la <b>cam\u00e9ra arri\u00e8re de 12 MP<\/b>, parfaite pour capturer des images et vid\u00e9os de haute qualit\u00e9, une cam\u00e9ra frontale id\u00e9ale pour les appels vid\u00e9o et r\u00e9unions en ligne, ainsi qu\u2019un <b>microphone int\u00e9gr\u00e9<\/b> garantissant une capture sonore claire pour la communication et l\u2019enregistrement audio. Gr\u00e2ce \u00e0 la <b>connectivit\u00e9 Bluetooth<\/b>, il se connecte instantan\u00e9ment \u00e0 des accessoires comme claviers, \u00e9couteurs et stylet, optimisant l\u2019exp\u00e9rience utilisateur. Ce mod\u00e8le, dot\u00e9 de fonctions de s\u00e9curit\u00e9 avanc\u00e9es, s\u2019int\u00e8gre \u00e0 l\u2019\u00e9cosyst\u00e8me Apple pour une synchronisation fluide avec les autres appareils de la marque. L\u2019iPad Air M3 est la solution id\u00e9ale pour ceux qui souhaitent des performances professionnelles, un design sophistiqu\u00e9 et une mobilit\u00e9 optimale dans un seul appareil technologique.<\/p>\n<ul>\n<li>Type:\n<ul>\n<li>Tablette<\/li>\n<li>Flash<\/li>\n<\/ul>\n<\/li>\n<li>Type de prise: Prise EU<\/li>\n<li>Produit \u00e0 brancher: Oui<\/li>\n<li>Formats: AAC<\/li>\n<li>Interface: Wi-Fi<\/li>\n<li>Caract\u00e9ristiques:\n<ul>\n<li>Wi-Fi<\/li>\n<li>Capteur de lumi\u00e8re ambiante<\/li>\n<li>eSIM<\/li>\n<li>Contr\u00f4le vocal<\/li>\n<li>Cam\u00e9ra frontale<\/li>\n<li>Microphone int\u00e9gr\u00e9<\/li>\n<li>Autofocus<\/li>\n<li>2 Haut-parleurs<\/li>\n<li>4 Haut-parleurs<\/li>\n<li>Lecteur d&#8217;empreintes<\/li>\n<li>Boussole \u00e9lectronique<\/li>\n<li>\u00c9cran avec coins arrondis<\/li>\n<\/ul>\n<\/li>\n<li>Bloc d\u2019Alimentation:\n<ul>\n<li>r\u00e9seau \u00e9lectrique<\/li>\n<li>USB<\/li>\n<\/ul>\n<\/li>\n<li>R\u00e9solution:\n<ul>\n<li>12 MP<\/li>\n<li>2360 x 1640 px<\/li>\n<\/ul>\n<\/li>\n<li>Technologie:\n<ul>\n<li>LED<\/li>\n<li>IPS<\/li>\n<li>Mime<\/li>\n<\/ul>\n<\/li>\n<li>Connexions:\n<ul>\n<li>USB-C<\/li>\n<li>USB-C 3.2 Gen 2 (3.1 Gen 2)<\/li>\n<\/ul>\n<\/li>\n<li>Cam\u00e9ra\/Appareil Photo:\n<ul>\n<li>12 mpx<\/li>\n<li>12 MP<\/li>\n<li>Arri\u00e8re<\/li>\n<\/ul>\n<\/li>\n<li>Connectivit\u00e9:\n<ul>\n<li>Wi-Fi<\/li>\n<li>Bluetooth<\/li>\n<li>GPS<\/li>\n<li>Wi-Fi 6 GHz<\/li>\n<li>Bluetooth 5.3<\/li>\n<\/ul>\n<\/li>\n<li>Syst\u00e8me d&#8217;exploitation:\n<ul>\n<li>iPadOS<\/li>\n<li>iOS<\/li>\n<\/ul>\n<\/li>\n<li>Ecran: 11&#8243;<\/li>\n<li>Processeur:\n<ul>\n<li>Octa Core<\/li>\n<li>M3<\/li>\n<\/ul>\n<\/li>\n<li>M\u00e9moire RAM: 8 GB RAM<\/li>\n<li>M\u00e9moire interne: 256 GB<\/li>\n<li>Couleur: Gris<\/li>\n<li>Mati\u00e8re: Aluminium<\/li>\n<li>Fonctions:\n<ul>\n<li>Barom\u00e8tre<\/li>\n<li>Acc\u00e9l\u00e9rom\u00e8tre<\/li>\n<li>G\u00e9olocalisation<\/li>\n<\/ul>\n<\/li>\n<li>Classification \u00e9nerg\u00e9tique: G<\/li>\n<li>Ouverture: F\/1,8<\/li>\n<li>Brille: 500 cd\/m2<\/li>\n<li>Non Inclus:\n<ul>\n<li>Adaptateur AC<\/li>\n<li>Connexion au r\u00e9seau mobile<\/li>\n<\/ul>\n<\/li>\n<li>Certificat: Certification ENERGY STAR<\/li>\n<li>Compatible: iPadOS<\/li>\n<li>Type de batterie: Litio Ion<\/li>\n<li>Noyaux:\n<ul>\n<li>8 Noyaux<\/li>\n<li>16 Noyaux<\/li>\n<\/ul>\n<\/li>\n<li>R\u00e9solution (px):\n<ul>\n<li>3840 x 2160 px<\/li>\n<li>2160 px<\/li>\n<\/ul>\n<\/li>\n<li>Diagonale de l&#8217;\u00e9cran (cm): 27,9 cm<\/li>\n<li>Autonomie approx.: 10 heures<\/li>\n<li>Dispositif intelligent: Apple Intelligence<\/li>\n<\/ul>","protected":false},"excerpt":{"rendered":"<p>Si vous \u00eates passionn\u00e9 d&#8217;informatique et d&#8217;\u00e9lectronique, si vous \u00eates \u00e0 la pointe de la technologie et qu&#8217;aucun d\u00e9tail ne vous \u00e9chappe, achetez Tablette Apple iPad Air M3 11&#8243; Octa Core 8 GB RAM 256 GB Gris au meilleur prix. L\u2019iPad Air M3 d\u2019Apple est une tablette avanc\u00e9e con\u00e7ue pour ceux qui recherchent la combinaison [&hellip;]<\/p>\n","protected":false},"featured_media":40382,"comment_status":"open","ping_status":"closed","template":"","meta":[],"product_brand":[979],"product_cat":[575,65,1052],"product_tag":[566,106],"class_list":{"0":"post-40404","1":"product","2":"type-product","3":"status-publish","4":"has-post-thumbnail","6":"product_brand-brandp_533","7":"product_cat-electronique-telephonie-et-tablettes","8":"product_cat-informatique-electronique","9":"product_cat-tablettes","10":"product_tag-tag_547","11":"product_tag-tag_1295","13":"first","14":"instock","15":"taxable","16":"shipping-taxable","17":"purchasable","18":"product-type-simple"},"_links":{"self":[{"href":"https:\/\/bigbuy.tupique.com\/pt\/wp-json\/wp\/v2\/product\/40404","targetHints":{"allow":["GET"]}}],"collection":[{"href":"https:\/\/bigbuy.tupique.com\/pt\/wp-json\/wp\/v2\/product"}],"about":[{"href":"https:\/\/bigbuy.tupique.com\/pt\/wp-json\/wp\/v2\/types\/product"}],"replies":[{"embeddable":true,"href":"https:\/\/bigbuy.tupique.com\/pt\/wp-json\/wp\/v2\/comments?post=40404"}],"wp:featuredmedia":[{"embeddable":true,"href":"https:\/\/bigbuy.tupique.com\/pt\/wp-json\/wp\/v2\/media\/40382"}],"wp:attachment":[{"href":"https:\/\/bigbuy.tupique.com\/pt\/wp-json\/wp\/v2\/media?parent=40404"}],"wp:term":[{"taxonomy":"product_brand","embeddable":true,"href":"https:\/\/bigbuy.tupique.com\/pt\/wp-json\/wp\/v2\/product_brand?post=40404"},{"taxonomy":"product_cat","embeddable":true,"href":"https:\/\/bigbuy.tupique.com\/pt\/wp-json\/wp\/v2\/product_cat?post=40404"},{"taxonomy":"product_tag","embeddable":true,"href":"https:\/\/bigbuy.tupique.com\/pt\/wp-json\/wp\/v2\/product_tag?post=40404"}],"curies":[{"name":"wp","href":"https:\/\/api.w.org\/{rel}","templated":true}]}}