{"id":40134,"date":"2026-03-30T12:17:27","date_gmt":"2026-03-30T11:17:27","guid":{"rendered":"https:\/\/bigbuy.tupique.com\/produto\/robot-vacuum-cleaner-roborock\/"},"modified":"2026-05-11T20:02:13","modified_gmt":"2026-05-11T18:02:13","slug":"robot-vacuum-cleaner-roborock","status":"publish","type":"product","link":"https:\/\/bigbuy.tupique.com\/pt\/produto\/robot-vacuum-cleaner-roborock\/","title":{"rendered":"Aspirateur robot Roborock"},"content":{"rendered":"<p>Si vous aimez prendre soin de chaque d\u00e9tail de votre maison et d&#8217;\u00eatre \u00e0 la derni\u00e8re mode en mati\u00e8re de produits qui vous rendront la vie plus facile, achetez <b>Aspirateur robot Roborock<\/b> au meilleur prix.<\/p>\n<ul>\n<li>Produit \u00e0 brancher: Oui<\/li>\n<li>Bloc d\u2019Alimentation: r\u00e9seau \u00e9lectrique<\/li>\n<li>Couleur:\n<ul>\n<li>Noir<\/li>\n<li>noir<\/li>\n<\/ul>\n<\/li>\n<li>Aspiration: 10000 Pa<\/li>\n<li>Volume sonore:\n<ul>\n<li>65 dB<\/li>\n<li>78 dB<\/li>\n<\/ul>\n<\/li>\n<li>Compatible:\n<ul>\n<li>Google Home<\/li>\n<li>Amazon Alexa<\/li>\n<\/ul>\n<\/li>\n<li>Niveau sonore:\n<ul>\n<li>78 dB<\/li>\n<li>65 dB<\/li>\n<\/ul>\n<\/li>\n<li>Certificat: CE<\/li>\n<li>Capacit\u00e9 de la batterie: 5200 mAh<\/li>\n<li>puissance: 45 W<\/li>\n<li>Poids: 6,7 Kg<\/li>\n<li>Indice de r\u00e9parabilit\u00e9: 8.6<\/li>\n<li>Dimensions approx.:\n<ul>\n<li>36 cm<\/li>\n<li>35,3 cm<\/li>\n<\/ul>\n<\/li>\n<li>Capacit\u00e9:\n<ul>\n<li>240 ml<\/li>\n<li>2,7 L<\/li>\n<li>0,35 L<\/li>\n<\/ul>\n<\/li>\n<li>Connectivit\u00e9: Wi-Fi<\/li>\n<li>Autonomie approx.: 2,5 heures<\/li>\n<li>Caract\u00e9ristiques:\n<ul>\n<li>Base de charge<\/li>\n<li>D\u00e9tecte les obstacles<\/li>\n<\/ul>\n<\/li>\n<li>Batterie rechargeable: 5200 mAh<\/li>\n<li>Inclut: Manuel de l&#8217;utilisateur<\/li>\n<li>Type de batterie: Litio Ion<\/li>\n<\/ul>","protected":false},"excerpt":{"rendered":"<p>Si vous aimez prendre soin de chaque d\u00e9tail de votre maison et d&#8217;\u00eatre \u00e0 la derni\u00e8re mode en mati\u00e8re de produits qui vous rendront la vie plus facile, achetez Aspirateur robot Roborock au meilleur prix. Produit \u00e0 brancher: Oui Bloc d\u2019Alimentation: r\u00e9seau \u00e9lectrique Couleur: Noir noir Aspiration: 10000 Pa Volume sonore: 65 dB 78 dB [&hellip;]<\/p>\n","protected":false},"featured_media":40127,"comment_status":"open","ping_status":"closed","template":"","meta":[],"product_brand":[1246],"product_cat":[762,239,240],"product_tag":[59,56],"class_list":{"0":"post-40134","1":"product","2":"type-product","3":"status-publish","4":"has-post-thumbnail","6":"product_brand-brandp_6694","7":"product_cat-aspirateurs-et-robots","8":"product_cat-maison-jardin","9":"product_cat-nettoyage-aspirateur-et-repassage","10":"product_tag-tag_1304","11":"product_tag-tag_930","13":"first","14":"instock","15":"taxable","16":"shipping-taxable","17":"purchasable","18":"product-type-simple"},"_links":{"self":[{"href":"https:\/\/bigbuy.tupique.com\/pt\/wp-json\/wp\/v2\/product\/40134","targetHints":{"allow":["GET"]}}],"collection":[{"href":"https:\/\/bigbuy.tupique.com\/pt\/wp-json\/wp\/v2\/product"}],"about":[{"href":"https:\/\/bigbuy.tupique.com\/pt\/wp-json\/wp\/v2\/types\/product"}],"replies":[{"embeddable":true,"href":"https:\/\/bigbuy.tupique.com\/pt\/wp-json\/wp\/v2\/comments?post=40134"}],"wp:featuredmedia":[{"embeddable":true,"href":"https:\/\/bigbuy.tupique.com\/pt\/wp-json\/wp\/v2\/media\/40127"}],"wp:attachment":[{"href":"https:\/\/bigbuy.tupique.com\/pt\/wp-json\/wp\/v2\/media?parent=40134"}],"wp:term":[{"taxonomy":"product_brand","embeddable":true,"href":"https:\/\/bigbuy.tupique.com\/pt\/wp-json\/wp\/v2\/product_brand?post=40134"},{"taxonomy":"product_cat","embeddable":true,"href":"https:\/\/bigbuy.tupique.com\/pt\/wp-json\/wp\/v2\/product_cat?post=40134"},{"taxonomy":"product_tag","embeddable":true,"href":"https:\/\/bigbuy.tupique.com\/pt\/wp-json\/wp\/v2\/product_tag?post=40134"}],"curies":[{"name":"wp","href":"https:\/\/api.w.org\/{rel}","templated":true}]}}