{"id":40008,"date":"2026-03-30T12:13:04","date_gmt":"2026-03-30T11:13:04","guid":{"rendered":"https:\/\/bigbuy.tupique.com\/produto\/cup-blender-kenwood\/"},"modified":"2026-04-17T00:25:03","modified_gmt":"2026-04-16T23:25:03","slug":"cup-blender-kenwood","status":"publish","type":"product","link":"https:\/\/bigbuy.tupique.com\/pt\/produto\/cup-blender-kenwood\/","title":{"rendered":"Bol mixeur Kenwood"},"content":{"rendered":"<p>Si vous \u00eates \u00e0 la recherche de nouvelles tendances sur le march\u00e9, nous vous pr\u00e9sentons <b>Bol mixeur Kenwood<\/b> !<\/p>\n<p>Le <b>mixeur Kenwood<\/b> est un appareil \u00e9lectrom\u00e9nager con\u00e7u pour offrir fonctionnalit\u00e9 et efficacit\u00e9 dans la pr\u00e9paration de m\u00e9langes et de smoothies \u00e0 domicile. Il dispose d\u2019une <b>capacit\u00e9 de 1 litre<\/b>, adapt\u00e9e pour pr\u00e9parer de petites portions comme des quantit\u00e9s mod\u00e9r\u00e9es de boissons, sauces ou p\u00e2tes liquides, facilitant son usage quotidien sans prendre trop de place. Il fonctionne sous <b>220 V<\/b> et \u00e9met un <b>niveau sonore faible de 44 dB<\/b>, contribuant \u00e0 un environnement plus silencieux lors de son utilisation, un avantage important pour ceux qui appr\u00e9cient le confort acoustique en cuisine. Il est compatible avec le courant continu (CC) et alternatif (CA), assurant une compatibilit\u00e9 avec diverses installations \u00e9lectriques domestiques. Son design correspond au type classique de <b>mixeur<\/b>, permettant de traiter les ingr\u00e9dients directement dans le bol, facilitant un m\u00e9lange homog\u00e8ne gr\u00e2ce \u00e0 l\u2019action de ses lames. Ce mod\u00e8le int\u00e8gre \u00e9galement un syst\u00e8me garantissant une utilisation s\u00fbre et pratique, con\u00e7u pour r\u00e9pondre aux besoins courants de ceux qui recherchent un appareil maniable et performant sans complications. En r\u00e9sum\u00e9, le mixeur Kenwood offre un \u00e9quilibre entre taille, puissance et faible niveau sonore, le rendant adapt\u00e9 aux t\u00e2ches quotidiennes en cuisine, se positionnant comme un appareil fiable pour le consommateur qui souhaite polyvalence et fonctionnalit\u00e9 essentielle dans ses m\u00e9langes et pr\u00e9parations liquides.<\/p>\n<ul>\n<li>Type: Bol mixeur<\/li>\n<li>Produit \u00e0 brancher: Oui<\/li>\n<li>Bloc d\u2019Alimentation:\n<ul>\n<li>r\u00e9seau \u00e9lectrique<\/li>\n<li>Courant CC\/CA<\/li>\n<\/ul>\n<\/li>\n<li>Couleur:\n<ul>\n<li>Blanc<\/li>\n<li>Champagne<\/li>\n<\/ul>\n<\/li>\n<li>puissance: 1000 W<\/li>\n<li>Programmes: 4<\/li>\n<li>Vitesse: 4<\/li>\n<li>Capacit\u00e9:\n<ul>\n<li>1,75 L<\/li>\n<li>1 L<\/li>\n<\/ul>\n<\/li>\n<li>Dimensions approx.:\n<ul>\n<li>22 cm<\/li>\n<li>47 cm<\/li>\n<li>29,8 cm<\/li>\n<li>24 x 30 x 45 cm<\/li>\n<li>22 x 22 x 47 cm<\/li>\n<li>23,2 cm<\/li>\n<\/ul>\n<\/li>\n<li>Tension: 220 V<\/li>\n<li>Niveau sonore: 44 dB<\/li>\n<\/ul>","protected":false},"excerpt":{"rendered":"<p>Si vous \u00eates \u00e0 la recherche de nouvelles tendances sur le march\u00e9, nous vous pr\u00e9sentons Bol mixeur Kenwood ! Le mixeur Kenwood est un appareil \u00e9lectrom\u00e9nager con\u00e7u pour offrir fonctionnalit\u00e9 et efficacit\u00e9 dans la pr\u00e9paration de m\u00e9langes et de smoothies \u00e0 domicile. Il dispose d\u2019une capacit\u00e9 de 1 litre, adapt\u00e9e pour pr\u00e9parer de petites portions [&hellip;]<\/p>\n","protected":false},"featured_media":40002,"comment_status":"open","ping_status":"closed","template":"","meta":[],"product_brand":[318],"product_cat":[735,60,77],"product_tag":[55,59,56],"class_list":{"0":"post-40008","1":"product","2":"type-product","3":"status-publish","4":"has-post-thumbnail","6":"product_brand-brandp_1023","7":"product_cat-batteurs","8":"product_cat-cuisine-gourmet","9":"product_cat-petit-electromenager","10":"product_tag-tag_926","11":"product_tag-tag_1304","12":"product_tag-tag_930","14":"first","15":"instock","16":"taxable","17":"shipping-taxable","18":"purchasable","19":"product-type-simple"},"_links":{"self":[{"href":"https:\/\/bigbuy.tupique.com\/pt\/wp-json\/wp\/v2\/product\/40008","targetHints":{"allow":["GET"]}}],"collection":[{"href":"https:\/\/bigbuy.tupique.com\/pt\/wp-json\/wp\/v2\/product"}],"about":[{"href":"https:\/\/bigbuy.tupique.com\/pt\/wp-json\/wp\/v2\/types\/product"}],"replies":[{"embeddable":true,"href":"https:\/\/bigbuy.tupique.com\/pt\/wp-json\/wp\/v2\/comments?post=40008"}],"wp:featuredmedia":[{"embeddable":true,"href":"https:\/\/bigbuy.tupique.com\/pt\/wp-json\/wp\/v2\/media\/40002"}],"wp:attachment":[{"href":"https:\/\/bigbuy.tupique.com\/pt\/wp-json\/wp\/v2\/media?parent=40008"}],"wp:term":[{"taxonomy":"product_brand","embeddable":true,"href":"https:\/\/bigbuy.tupique.com\/pt\/wp-json\/wp\/v2\/product_brand?post=40008"},{"taxonomy":"product_cat","embeddable":true,"href":"https:\/\/bigbuy.tupique.com\/pt\/wp-json\/wp\/v2\/product_cat?post=40008"},{"taxonomy":"product_tag","embeddable":true,"href":"https:\/\/bigbuy.tupique.com\/pt\/wp-json\/wp\/v2\/product_tag?post=40008"}],"curies":[{"name":"wp","href":"https:\/\/api.w.org\/{rel}","templated":true}]}}