{"id":39954,"date":"2026-03-30T12:00:34","date_gmt":"2026-03-30T11:00:34","guid":{"rendered":"https:\/\/bigbuy.tupique.com\/produto\/robot-vacuum-cleaner-eureka-3\/"},"modified":"2026-04-16T17:31:26","modified_gmt":"2026-04-16T16:31:26","slug":"robot-vacuum-cleaner-eureka-3","status":"publish","type":"product","link":"https:\/\/bigbuy.tupique.com\/pt\/produto\/robot-vacuum-cleaner-eureka-3\/","title":{"rendered":"Aspirateur robot Eureka"},"content":{"rendered":"<p>Si vous aimez prendre soin de chaque d\u00e9tail de votre maison et d&#8217;\u00eatre \u00e0 la derni\u00e8re mode en mati\u00e8re de produits qui vous rendront la vie plus facile, achetez <b>Aspirateur robot Eureka<\/b> au meilleur prix.<\/p>\n<p>Le <b>Robot Aspirateur<\/b> Eureka est un appareil con\u00e7u pour offrir un nettoyage efficace et pratique \u00e0 la maison, alliant fonctionnalit\u00e9 et technologie dans un format compact et maniable. Sa <b>couleur noire<\/b> et son <b>design rond<\/b> d\u2019environ <b>25 cm<\/b> facilitent ses d\u00e9placements sur diff\u00e9rentes surfaces et lui permettent d\u2019acc\u00e9der aux zones difficiles, optimisant le nettoyage quotidien. Il dispose d\u2019une <b>capacit\u00e9 de r\u00e9servoir de 2 litres<\/b>, permettant un fonctionnement prolong\u00e9 sans vidage fr\u00e9quent, am\u00e9liorant ainsi l\u2019autonomie et le confort d\u2019utilisation. Sa connectivit\u00e9 via <b>Wi-Fi<\/b> permet l\u2019int\u00e9gration avec des applications mobiles, facilitant la programmation et le contr\u00f4le \u00e0 distance pour adapter le nettoyage aux besoins sp\u00e9cifiques de chaque espace ou moment de la journ\u00e9e. De plus, il int\u00e8gre des indicateurs visuels pour l\u2019\u00e9tat de la batterie, fournissant une information claire sur son niveau de charge. Il est con\u00e7u pour un entretien facile, avec des surfaces et composants permettant un nettoyage simple, garantissant performance et durabilit\u00e9. Le pack inclut le <b>c\u00e2ble d\u2019alimentation<\/b> n\u00e9cessaire pour le recharger et le garder pr\u00eat \u00e0 l\u2019usage. Ce mod\u00e8le rechargeable propose une solution technologique accessible couvrant les fonctions essentielles du nettoyage automatis\u00e9 avec une utilisation intuitive et pratique. En somme, le Robot Aspirateur Eureka repr\u00e9sente une option \u00e9quilibr\u00e9e pour ceux qui souhaitent maintenir leurs espaces propres avec un minimum d\u2019intervention.<\/p>\n<ul>\n<li>Produit \u00e0 brancher: Oui<\/li>\n<li>Bloc d\u2019Alimentation:\n<ul>\n<li>r\u00e9seau \u00e9lectrique<\/li>\n<li>Batterie<\/li>\n<\/ul>\n<\/li>\n<li>Couleur:\n<ul>\n<li>Noir<\/li>\n<li>noir<\/li>\n<\/ul>\n<\/li>\n<li>Poids: 8 kg<\/li>\n<li>Contr\u00f4le: App<\/li>\n<li>Volume sonore: 65 dB<\/li>\n<li>Filtre: HEPA<\/li>\n<li>Indice de r\u00e9parabilit\u00e9: 8.5<\/li>\n<li>Capacit\u00e9:\n<ul>\n<li>2 L<\/li>\n<li>0,6 L<\/li>\n<\/ul>\n<\/li>\n<li>Dimensions approx.:\n<ul>\n<li>35 cm<\/li>\n<li>9,7 cm<\/li>\n<\/ul>\n<\/li>\n<li>Caract\u00e9ristiques:\n<ul>\n<li>Indicateur de batterie<\/li>\n<li>Facile \u00e0 nettoyer<\/li>\n<li>Programmable<\/li>\n<li>D\u00e9tecte les obstacles<\/li>\n<\/ul>\n<\/li>\n<li>Type de batterie:\n<ul>\n<li>Rechargeable<\/li>\n<li>Batterie au lithium rechargeable<\/li>\n<\/ul>\n<\/li>\n<li>Connectivit\u00e9: Wi-Fi<\/li>\n<li>Profondeur: 25 cm<\/li>\n<li>Forme: Rond<\/li>\n<li>Piles incluses: Oui<\/li>\n<li>Inclut:\n<ul>\n<li>C\u00e2ble Alimentation<\/li>\n<li>Manuel de l&#8217;utilisateur<\/li>\n<\/ul>\n<\/li>\n<li>Temps de charge approx.: 6 heures<\/li>\n<li>Batterie rechargeable: 5200 mAh<\/li>\n<li>Vitesse: 3 vitesses<\/li>\n<\/ul>","protected":false},"excerpt":{"rendered":"<p>Si vous aimez prendre soin de chaque d\u00e9tail de votre maison et d&#8217;\u00eatre \u00e0 la derni\u00e8re mode en mati\u00e8re de produits qui vous rendront la vie plus facile, achetez Aspirateur robot Eureka au meilleur prix. Le Robot Aspirateur Eureka est un appareil con\u00e7u pour offrir un nettoyage efficace et pratique \u00e0 la maison, alliant fonctionnalit\u00e9 [&hellip;]<\/p>\n","protected":false},"featured_media":39948,"comment_status":"open","ping_status":"closed","template":"","meta":[],"product_brand":[1177],"product_cat":[762,239,240],"product_tag":[59,56],"class_list":{"0":"post-39954","1":"product","2":"type-product","3":"status-publish","4":"has-post-thumbnail","6":"product_brand-brandp_10372","7":"product_cat-aspirateurs-et-robots","8":"product_cat-maison-jardin","9":"product_cat-nettoyage-aspirateur-et-repassage","10":"product_tag-tag_1304","11":"product_tag-tag_930","13":"first","14":"instock","15":"taxable","16":"shipping-taxable","17":"purchasable","18":"product-type-simple"},"_links":{"self":[{"href":"https:\/\/bigbuy.tupique.com\/pt\/wp-json\/wp\/v2\/product\/39954","targetHints":{"allow":["GET"]}}],"collection":[{"href":"https:\/\/bigbuy.tupique.com\/pt\/wp-json\/wp\/v2\/product"}],"about":[{"href":"https:\/\/bigbuy.tupique.com\/pt\/wp-json\/wp\/v2\/types\/product"}],"replies":[{"embeddable":true,"href":"https:\/\/bigbuy.tupique.com\/pt\/wp-json\/wp\/v2\/comments?post=39954"}],"wp:featuredmedia":[{"embeddable":true,"href":"https:\/\/bigbuy.tupique.com\/pt\/wp-json\/wp\/v2\/media\/39948"}],"wp:attachment":[{"href":"https:\/\/bigbuy.tupique.com\/pt\/wp-json\/wp\/v2\/media?parent=39954"}],"wp:term":[{"taxonomy":"product_brand","embeddable":true,"href":"https:\/\/bigbuy.tupique.com\/pt\/wp-json\/wp\/v2\/product_brand?post=39954"},{"taxonomy":"product_cat","embeddable":true,"href":"https:\/\/bigbuy.tupique.com\/pt\/wp-json\/wp\/v2\/product_cat?post=39954"},{"taxonomy":"product_tag","embeddable":true,"href":"https:\/\/bigbuy.tupique.com\/pt\/wp-json\/wp\/v2\/product_tag?post=39954"}],"curies":[{"name":"wp","href":"https:\/\/api.w.org\/{rel}","templated":true}]}}