{"id":39919,"date":"2026-03-30T11:59:13","date_gmt":"2026-03-30T10:59:13","guid":{"rendered":"https:\/\/bigbuy.tupique.com\/produto\/stick-vacuum-cleaner-dreame\/"},"modified":"2026-04-16T15:10:52","modified_gmt":"2026-04-16T14:10:52","slug":"stick-vacuum-cleaner-dreame","status":"publish","type":"product","link":"https:\/\/bigbuy.tupique.com\/pt\/produto\/stick-vacuum-cleaner-dreame\/","title":{"rendered":"Aspirateur balai Dreame"},"content":{"rendered":"<p>Si vous \u00eates \u00e0 la recherche de nouvelles tendances sur le march\u00e9, nous vous pr\u00e9sentons <b>Aspirateur balai Dreame<\/b> !<\/p>\n<p>Le <b>aspirateur balai Dreame<\/b> en couleur <b>noir<\/b> offre une solution efficace et pratique pour le nettoyage quotidien des foyers, alliant un design l\u00e9ger et ergonomique \u00e0 une fonctionnalit\u00e9 adapt\u00e9e \u00e0 plusieurs surfaces. Cet appareil, typique de la cat\u00e9gorie des <b>aspirateurs balais<\/b>, facilite la mobilit\u00e9 et l\u2019utilisation dans des espaces grands ou r\u00e9duits, optimisant le nettoyage sans effort gr\u00e2ce \u00e0 sa structure sans fil et sa polyvalence. Sa couleur <b>noir<\/b> lui conf\u00e8re une finition sobre et moderne qui s\u2019int\u00e8gre facilement dans tout int\u00e9rieur. Id\u00e9al pour les utilisateurs recherchant un \u00e9quipement maniable et fonctionnel, cet aspirateur est un outil essentiel pour maintenir la propret\u00e9 rapidement et efficacement, surpassant les limites des mod\u00e8les traditionnels avec fil ou plus encombrants. Dans l\u2019ensemble, l\u2019aspirateur balai Dreame se positionne comme un \u00e9quipement basique mais solide, con\u00e7u pour r\u00e9pondre aux besoins quotidiens de nettoyage \u00e0 domicile avec un bon \u00e9quilibre entre performance, esth\u00e9tique et confort.<\/p>\n<ul>\n<li>Produit \u00e0 brancher: Oui<\/li>\n<li>Type: Aspirateur balai<\/li>\n<li>Bloc d\u2019Alimentation: r\u00e9seau \u00e9lectrique<\/li>\n<li>Couleur: Noir<\/li>\n<li>Niveau sonore: 86 dB<\/li>\n<\/ul>","protected":false},"excerpt":{"rendered":"<p>Si vous \u00eates \u00e0 la recherche de nouvelles tendances sur le march\u00e9, nous vous pr\u00e9sentons Aspirateur balai Dreame ! Le aspirateur balai Dreame en couleur noir offre une solution efficace et pratique pour le nettoyage quotidien des foyers, alliant un design l\u00e9ger et ergonomique \u00e0 une fonctionnalit\u00e9 adapt\u00e9e \u00e0 plusieurs surfaces. Cet appareil, typique de [&hellip;]<\/p>\n","protected":false},"featured_media":39913,"comment_status":"open","ping_status":"closed","template":"","meta":[],"product_brand":[860],"product_cat":[762,239,240],"product_tag":[59,56,210],"class_list":{"0":"post-39919","1":"product","2":"type-product","3":"status-publish","4":"has-post-thumbnail","6":"product_brand-brandp_4590","7":"product_cat-aspirateurs-et-robots","8":"product_cat-maison-jardin","9":"product_cat-nettoyage-aspirateur-et-repassage","10":"product_tag-tag_1304","11":"product_tag-tag_930","12":"product_tag-tag_25","14":"first","15":"instock","16":"taxable","17":"shipping-taxable","18":"purchasable","19":"product-type-simple"},"_links":{"self":[{"href":"https:\/\/bigbuy.tupique.com\/pt\/wp-json\/wp\/v2\/product\/39919","targetHints":{"allow":["GET"]}}],"collection":[{"href":"https:\/\/bigbuy.tupique.com\/pt\/wp-json\/wp\/v2\/product"}],"about":[{"href":"https:\/\/bigbuy.tupique.com\/pt\/wp-json\/wp\/v2\/types\/product"}],"replies":[{"embeddable":true,"href":"https:\/\/bigbuy.tupique.com\/pt\/wp-json\/wp\/v2\/comments?post=39919"}],"wp:featuredmedia":[{"embeddable":true,"href":"https:\/\/bigbuy.tupique.com\/pt\/wp-json\/wp\/v2\/media\/39913"}],"wp:attachment":[{"href":"https:\/\/bigbuy.tupique.com\/pt\/wp-json\/wp\/v2\/media?parent=39919"}],"wp:term":[{"taxonomy":"product_brand","embeddable":true,"href":"https:\/\/bigbuy.tupique.com\/pt\/wp-json\/wp\/v2\/product_brand?post=39919"},{"taxonomy":"product_cat","embeddable":true,"href":"https:\/\/bigbuy.tupique.com\/pt\/wp-json\/wp\/v2\/product_cat?post=39919"},{"taxonomy":"product_tag","embeddable":true,"href":"https:\/\/bigbuy.tupique.com\/pt\/wp-json\/wp\/v2\/product_tag?post=39919"}],"curies":[{"name":"wp","href":"https:\/\/api.w.org\/{rel}","templated":true}]}}