{"id":39442,"date":"2026-03-30T11:23:34","date_gmt":"2026-03-30T10:23:34","guid":{"rendered":"https:\/\/bigbuy.tupique.com\/produto\/switch-d-link-dgs-1530-52p-e\/"},"modified":"2026-05-11T20:00:36","modified_gmt":"2026-05-11T18:00:36","slug":"switch-d-link-dgs-1530-52p-e","status":"publish","type":"product","link":"https:\/\/bigbuy.tupique.com\/pt\/produto\/switch-d-link-dgs-1530-52p-e\/","title":{"rendered":"Switch D-Link DGS-1530-52P\/E"},"content":{"rendered":"<p>Si vous \u00eates passionn\u00e9 d&#8217;<b>informatique et d&#8217;\u00e9lectronique<\/b>, si vous \u00eates \u00e0 la pointe de la technologie et qu&#8217;aucun d\u00e9tail ne vous \u00e9chappe, achetez <b>Switch D-Link DGS-1530-52P\/E<\/b> au meilleur prix.<\/p>\n<p>Le <b>DGS-1530-52P\/E<\/b> de <b>D-Link<\/b> est un <b>switch manageable<\/b> de niveau 2 con\u00e7u pour des environnements professionnels exigeant haute performance et flexibilit\u00e9 r\u00e9seau. Il dispose de <b>48 ports Gigabit Ethernet RJ-45<\/b> offrant des connexions jusqu\u2019\u00e0 1000 Mbps pour un transfert rapide et stable des donn\u00e9es, accompagn\u00e9 d\u2019un <b>port PoE (Power over Ethernet)<\/b> permettant l\u2019alimentation et la connexion simultan\u00e9e d\u2019appareils compatibles, tels que cam\u00e9ras IP ou points d\u2019acc\u00e8s sans fil, via un seul c\u00e2ble, simplifiant l\u2019infrastructure. Il int\u00e8gre \u00e9galement un <b>port USB 2.0<\/b> pour gestion ou mises \u00e0 jour. Ce dispositif supporte la communication en <b>full duplex<\/b>, optimisant le trafic et r\u00e9duisant la latence, avec une table d\u2019adresses MAC de 16 000 entr\u00e9es pour une meilleure efficacit\u00e9 dans le routage interne des paquets. Sa capacit\u00e9 de commutation est de <b>176 Gbit\/s<\/b>, garantissant une bande passante suffisante pour des r\u00e9seaux denses ou \u00e0 fort volume de donn\u00e9es. Ce switch respecte de nombreuses normes r\u00e9seau, dont IEEE 802.3 et ses variantes pour Gigabit et transmission efficace, assurant compatibilit\u00e9 et stabilit\u00e9. Son format <b>rackable<\/b> et sa finition <b>noire<\/b> compl\u00e8tent une installation professionnelle et ordonn\u00e9e en centres de donn\u00e9es ou salles t\u00e9l\u00e9com. L\u2019ensemble de ces caract\u00e9ristiques fait du DGS-1530-52P\/E une solution fiable pour une gestion avanc\u00e9e de r\u00e9seau avec fonctionnalit\u00e9s PoE int\u00e9gr\u00e9es et haute performance au niveau couche 2.<\/p>\n<ul>\n<li>Type de prise: Prise EU<\/li>\n<li>Produit \u00e0 brancher: Oui<\/li>\n<li>Type:\n<ul>\n<li>Switch<\/li>\n<li>Empilable<\/li>\n<\/ul>\n<\/li>\n<li>Bloc d\u2019Alimentation:\n<ul>\n<li>r\u00e9seau \u00e9lectrique<\/li>\n<li>Incluses<\/li>\n<\/ul>\n<\/li>\n<li>Couleur: Noir<\/li>\n<li>Connexions:\n<ul>\n<li>USB 2.0<\/li>\n<li>RJ45<\/li>\n<li>PoE x 1<\/li>\n<li>RJ45 x 48<\/li>\n<li>Ethernet LAN<\/li>\n<\/ul>\n<\/li>\n<li>Tension:\n<ul>\n<li>100-240 V<\/li>\n<li>100 &#8211; 240 V<\/li>\n<\/ul>\n<\/li>\n<li>Ventillateur: 3<\/li>\n<li>Fr\u00e9quence: 50-60 Hz<\/li>\n<li>Niveau sonore: 52,7 dB<\/li>\n<li>Support: Multisupport<\/li>\n<li>Profondeur: 25 cm<\/li>\n<li>N\u00b0 de rainures: 4<\/li>\n<li>puissance: 370 W<\/li>\n<li>Caract\u00e9ristiques:\n<ul>\n<li>T\u00e9moin de fonctionnement LED<\/li>\n<li>Protection des donn\u00e9es\/mot de passe<\/li>\n<\/ul>\n<\/li>\n<li>Fr\u00e9quence d&#8217;entr\u00e9e AC: 50-60 Hz<\/li>\n<li>vitesse: 10\/100\/1000 Mbps<\/li>\n<li>Largeur: 44 cm<\/li>\n<li>Temp\u00e9rature approximative: &#8211; 20\u00baC \/ 70\u00b0C<\/li>\n<li>S\u00e9curit\u00e9: IGMP<\/li>\n<\/ul>","protected":false},"excerpt":{"rendered":"<p>Si vous \u00eates passionn\u00e9 d&#8217;informatique et d&#8217;\u00e9lectronique, si vous \u00eates \u00e0 la pointe de la technologie et qu&#8217;aucun d\u00e9tail ne vous \u00e9chappe, achetez Switch D-Link DGS-1530-52P\/E au meilleur prix. Le DGS-1530-52P\/E de D-Link est un switch manageable de niveau 2 con\u00e7u pour des environnements professionnels exigeant haute performance et flexibilit\u00e9 r\u00e9seau. Il dispose de 48 [&hellip;]<\/p>\n","protected":false},"featured_media":39440,"comment_status":"open","ping_status":"closed","template":"","meta":[],"product_brand":[640],"product_cat":[65,584,585],"product_tag":[106],"class_list":{"0":"post-39442","1":"product","2":"type-product","3":"status-publish","4":"has-post-thumbnail","6":"product_brand-brandp_543","7":"product_cat-informatique-electronique","8":"product_cat-informatique-reseaux-et-composants","9":"product_cat-switch","10":"product_tag-tag_1295","12":"first","13":"instock","14":"taxable","15":"shipping-taxable","16":"purchasable","17":"product-type-simple"},"_links":{"self":[{"href":"https:\/\/bigbuy.tupique.com\/pt\/wp-json\/wp\/v2\/product\/39442","targetHints":{"allow":["GET"]}}],"collection":[{"href":"https:\/\/bigbuy.tupique.com\/pt\/wp-json\/wp\/v2\/product"}],"about":[{"href":"https:\/\/bigbuy.tupique.com\/pt\/wp-json\/wp\/v2\/types\/product"}],"replies":[{"embeddable":true,"href":"https:\/\/bigbuy.tupique.com\/pt\/wp-json\/wp\/v2\/comments?post=39442"}],"wp:featuredmedia":[{"embeddable":true,"href":"https:\/\/bigbuy.tupique.com\/pt\/wp-json\/wp\/v2\/media\/39440"}],"wp:attachment":[{"href":"https:\/\/bigbuy.tupique.com\/pt\/wp-json\/wp\/v2\/media?parent=39442"}],"wp:term":[{"taxonomy":"product_brand","embeddable":true,"href":"https:\/\/bigbuy.tupique.com\/pt\/wp-json\/wp\/v2\/product_brand?post=39442"},{"taxonomy":"product_cat","embeddable":true,"href":"https:\/\/bigbuy.tupique.com\/pt\/wp-json\/wp\/v2\/product_cat?post=39442"},{"taxonomy":"product_tag","embeddable":true,"href":"https:\/\/bigbuy.tupique.com\/pt\/wp-json\/wp\/v2\/product_tag?post=39442"}],"curies":[{"name":"wp","href":"https:\/\/api.w.org\/{rel}","templated":true}]}}