{"id":39432,"date":"2026-03-30T11:23:09","date_gmt":"2026-03-30T10:23:09","guid":{"rendered":"https:\/\/bigbuy.tupique.com\/produto\/switch-d-link-dgs-1530-28s-e\/"},"modified":"2026-04-16T20:42:10","modified_gmt":"2026-04-16T19:42:10","slug":"switch-d-link-dgs-1530-28s-e","status":"publish","type":"product","link":"https:\/\/bigbuy.tupique.com\/pt\/produto\/switch-d-link-dgs-1530-28s-e\/","title":{"rendered":"Switch D-Link DGS-1530-28S\/E"},"content":{"rendered":"<p>Si vous \u00eates passionn\u00e9 d&#8217;<b>informatique et d&#8217;\u00e9lectronique<\/b>, si vous \u00eates \u00e0 la pointe de la technologie et qu&#8217;aucun d\u00e9tail ne vous \u00e9chappe, achetez <b>Switch D-Link DGS-1530-28S\/E<\/b> au meilleur prix.<\/p>\n<p>Le <b>DGS-1530-28S\/E<\/b> de <b>D-Link<\/b> est un <b>switch manageable<\/b> con\u00e7u pour les r\u00e9seaux professionnels n\u00e9cessitant haute efficacit\u00e9 et contr\u00f4le avanc\u00e9 en couche 2. Cet appareil pr\u00e9sente un design compact et robuste en <b>noir<\/b>, id\u00e9al pour montage en rack, facilitant son int\u00e9gration dans les environnements d\u2019entreprise et centres de donn\u00e9es. Il dispose de <b>28 ports RJ-45<\/b> offrant des connexions rapides et stables via c\u00e2blage Ethernet, compl\u00e9t\u00e9s par un <b>port USB 2.0<\/b> pour des options suppl\u00e9mentaires de configuration ou de firmware. Il supporte une alimentation polyvalente avec une plage de tension de <b>100-240 V<\/b>, compatible avec diverses normes \u00e9lectriques internationales. Parmi ses fonctions, il peut fonctionner en mode <b>full duplex<\/b>, garantissant une transmission bidirectionnelle simultan\u00e9e optimisant la performance r\u00e9seau. La table d\u2019adresses MAC accepte jusqu\u2019\u00e0 <b>16 000 entr\u00e9es<\/b>, permettant de g\u00e9rer un grand nombre d\u2019appareils connect\u00e9s avec pr\u00e9cision et rapidit\u00e9. Sa capacit\u00e9 de commutation est de <b>128 Gbit\/s<\/b>, assurant une bande passante suffisante pour supporter un trafic \u00e9lev\u00e9 sans pertes ni goulots d\u2019\u00e9tranglement, id\u00e9al pour les entreprises \u00e0 forte demande de connectivit\u00e9. De plus, il respecte plusieurs standards r\u00e9seau reconnus tels que <b>IEEE 802.3, 802.3ab, 802.3ae, 802.3u<\/b> et <b>802.3x<\/b>, garantissant interop\u00e9rabilit\u00e9 et stabilit\u00e9 dans des environnements h\u00e9t\u00e9rog\u00e8nes. Le port console via RJ-45 permet une administration et configuration directe et simple pour les techniciens r\u00e9seau, facilitant maintenance et supervision. En r\u00e9sum\u00e9, le <b>DGS-1530-28S\/E<\/b> est une solution robuste et polyvalente combinant haute performance et options avanc\u00e9es de gestion, destin\u00e9e \u00e0 optimiser l\u2019infrastructure de communication des entreprises de taille moyenne \u00e0 grande.<\/p>\n<ul>\n<li>Type de prise: Prise EU<\/li>\n<li>Produit \u00e0 brancher: Oui<\/li>\n<li>Type:\n<ul>\n<li>Switch<\/li>\n<li>Empilable<\/li>\n<\/ul>\n<\/li>\n<li>Bloc d\u2019Alimentation: r\u00e9seau \u00e9lectrique<\/li>\n<li>Couleur: Noir<\/li>\n<li>Connexions:\n<ul>\n<li>USB 2.0<\/li>\n<li>RJ45<\/li>\n<\/ul>\n<\/li>\n<li>Tension:\n<ul>\n<li>100-240 V<\/li>\n<li>100 &#8211; 240 V<\/li>\n<\/ul>\n<\/li>\n<li>Ventillateur: 2<\/li>\n<li>Fr\u00e9quence: 50-60 Hz<\/li>\n<li>Support: Multisupport<\/li>\n<li>N\u00b0 de rainures: 4<\/li>\n<li>Caract\u00e9ristiques:\n<ul>\n<li>T\u00e9moin de fonctionnement LED<\/li>\n<li>Protection des donn\u00e9es\/mot de passe<\/li>\n<\/ul>\n<\/li>\n<li>Fr\u00e9quence d&#8217;entr\u00e9e AC: 50-60 Hz<\/li>\n<li>Largeur: 44 cm<\/li>\n<li>Temp\u00e9rature approximative: &#8211; 20\u00baC \/ 70\u00b0C<\/li>\n<li>S\u00e9curit\u00e9: IGMP<\/li>\n<li>Long: 21 cm<\/li>\n<\/ul>","protected":false},"excerpt":{"rendered":"<p>Si vous \u00eates passionn\u00e9 d&#8217;informatique et d&#8217;\u00e9lectronique, si vous \u00eates \u00e0 la pointe de la technologie et qu&#8217;aucun d\u00e9tail ne vous \u00e9chappe, achetez Switch D-Link DGS-1530-28S\/E au meilleur prix. Le DGS-1530-28S\/E de D-Link est un switch manageable con\u00e7u pour les r\u00e9seaux professionnels n\u00e9cessitant haute efficacit\u00e9 et contr\u00f4le avanc\u00e9 en couche 2. Cet appareil pr\u00e9sente un [&hellip;]<\/p>\n","protected":false},"featured_media":39430,"comment_status":"open","ping_status":"closed","template":"","meta":[],"product_brand":[640],"product_cat":[65,584,585],"product_tag":[106],"class_list":{"0":"post-39432","1":"product","2":"type-product","3":"status-publish","4":"has-post-thumbnail","6":"product_brand-brandp_543","7":"product_cat-informatique-electronique","8":"product_cat-informatique-reseaux-et-composants","9":"product_cat-switch","10":"product_tag-tag_1295","12":"first","13":"instock","14":"taxable","15":"shipping-taxable","16":"purchasable","17":"product-type-simple"},"_links":{"self":[{"href":"https:\/\/bigbuy.tupique.com\/pt\/wp-json\/wp\/v2\/product\/39432","targetHints":{"allow":["GET"]}}],"collection":[{"href":"https:\/\/bigbuy.tupique.com\/pt\/wp-json\/wp\/v2\/product"}],"about":[{"href":"https:\/\/bigbuy.tupique.com\/pt\/wp-json\/wp\/v2\/types\/product"}],"replies":[{"embeddable":true,"href":"https:\/\/bigbuy.tupique.com\/pt\/wp-json\/wp\/v2\/comments?post=39432"}],"wp:featuredmedia":[{"embeddable":true,"href":"https:\/\/bigbuy.tupique.com\/pt\/wp-json\/wp\/v2\/media\/39430"}],"wp:attachment":[{"href":"https:\/\/bigbuy.tupique.com\/pt\/wp-json\/wp\/v2\/media?parent=39432"}],"wp:term":[{"taxonomy":"product_brand","embeddable":true,"href":"https:\/\/bigbuy.tupique.com\/pt\/wp-json\/wp\/v2\/product_brand?post=39432"},{"taxonomy":"product_cat","embeddable":true,"href":"https:\/\/bigbuy.tupique.com\/pt\/wp-json\/wp\/v2\/product_cat?post=39432"},{"taxonomy":"product_tag","embeddable":true,"href":"https:\/\/bigbuy.tupique.com\/pt\/wp-json\/wp\/v2\/product_tag?post=39432"}],"curies":[{"name":"wp","href":"https:\/\/api.w.org\/{rel}","templated":true}]}}