{"id":39251,"date":"2026-03-30T11:08:53","date_gmt":"2026-03-30T10:08:53","guid":{"rendered":"https:\/\/bigbuy.tupique.com\/produto\/drone-potensic-hd\/"},"modified":"2026-04-16T20:16:43","modified_gmt":"2026-04-16T19:16:43","slug":"drone-potensic-hd","status":"publish","type":"product","link":"https:\/\/bigbuy.tupique.com\/pt\/produto\/drone-potensic-hd\/","title":{"rendered":"Drone Potensic HD"},"content":{"rendered":"<p>Les enfants m\u00e9ritent ce qu\u2019il y a de mieux, nous vous pr\u00e9sentons donc <b>Drone Potensic HD<\/b>, id\u00e9al pour ceux qui cherchent des produits de qualit\u00e9 pour les plus petits ! Procurez-vous <b>Potensic<\/b> aux meilleurs prix !<\/p>\n<ul>\n<li>Couleur: Gris<\/li>\n<li>Mati\u00e8re: Plastique<\/li>\n<li>Poids: 250 gr<\/li>\n<li>Piles incluses: Oui<\/li>\n<li>Fonctionne \u00e0 piles: Non<\/li>\n<li>\u00c2ge recommand\u00e9: + 14 Ans<\/li>\n<li>R\u00e9solution: 4K Ultra HD<\/li>\n<li>Cam\u00e9ra\/Appareil Photo: HD<\/li>\n<li>Certificat: FCC<\/li>\n<li>Port\u00e9e: 10-13 km<\/li>\n<li>Autonomie approx.: 31 min<\/li>\n<\/ul>","protected":false},"excerpt":{"rendered":"<p>Les enfants m\u00e9ritent ce qu\u2019il y a de mieux, nous vous pr\u00e9sentons donc Drone Potensic HD, id\u00e9al pour ceux qui cherchent des produits de qualit\u00e9 pour les plus petits ! Procurez-vous Potensic aux meilleurs prix ! Couleur: Gris Mati\u00e8re: Plastique Poids: 250 gr Piles incluses: Oui Fonctionne \u00e0 piles: Non \u00c2ge recommand\u00e9: + 14 Ans [&hellip;]<\/p>\n","protected":false},"featured_media":39246,"comment_status":"open","ping_status":"closed","template":"","meta":[],"product_brand":[1355],"product_cat":[1277,609,65],"product_tag":[57,567,59],"class_list":{"0":"post-39251","1":"product","2":"type-product","3":"status-publish","4":"has-post-thumbnail","6":"product_brand-brandp_10818","7":"product_cat-drones-et-robots","8":"product_cat-electronique-jouets-electroniques","9":"product_cat-informatique-electronique","10":"product_tag-tag_1275","11":"product_tag-tag_556","12":"product_tag-tag_1304","14":"first","15":"instock","16":"taxable","17":"shipping-taxable","18":"purchasable","19":"product-type-simple"},"_links":{"self":[{"href":"https:\/\/bigbuy.tupique.com\/pt\/wp-json\/wp\/v2\/product\/39251","targetHints":{"allow":["GET"]}}],"collection":[{"href":"https:\/\/bigbuy.tupique.com\/pt\/wp-json\/wp\/v2\/product"}],"about":[{"href":"https:\/\/bigbuy.tupique.com\/pt\/wp-json\/wp\/v2\/types\/product"}],"replies":[{"embeddable":true,"href":"https:\/\/bigbuy.tupique.com\/pt\/wp-json\/wp\/v2\/comments?post=39251"}],"wp:featuredmedia":[{"embeddable":true,"href":"https:\/\/bigbuy.tupique.com\/pt\/wp-json\/wp\/v2\/media\/39246"}],"wp:attachment":[{"href":"https:\/\/bigbuy.tupique.com\/pt\/wp-json\/wp\/v2\/media?parent=39251"}],"wp:term":[{"taxonomy":"product_brand","embeddable":true,"href":"https:\/\/bigbuy.tupique.com\/pt\/wp-json\/wp\/v2\/product_brand?post=39251"},{"taxonomy":"product_cat","embeddable":true,"href":"https:\/\/bigbuy.tupique.com\/pt\/wp-json\/wp\/v2\/product_cat?post=39251"},{"taxonomy":"product_tag","embeddable":true,"href":"https:\/\/bigbuy.tupique.com\/pt\/wp-json\/wp\/v2\/product_tag?post=39251"}],"curies":[{"name":"wp","href":"https:\/\/api.w.org\/{rel}","templated":true}]}}