{"id":39049,"date":"2026-03-30T10:57:07","date_gmt":"2026-03-30T09:57:07","guid":{"rendered":"https:\/\/bigbuy.tupique.com\/produto\/multifunction-printer-epson-c11cl40402\/"},"modified":"2026-04-15T05:47:59","modified_gmt":"2026-04-15T04:47:59","slug":"multifunction-printer-epson-c11cl40402","status":"publish","type":"product","link":"https:\/\/bigbuy.tupique.com\/pt\/produto\/multifunction-printer-epson-c11cl40402\/","title":{"rendered":"Imprimante Multifonction Epson C11CL40402"},"content":{"rendered":"<p>Si vous \u00eates \u00e0 la recherche de nouvelles tendances sur le march\u00e9, nous vous pr\u00e9sentons <b>Imprimante Multifonction Epson C11CL40402<\/b> !<\/p>\n<p>La <b>imprimante multifonction Epson C11CL40402<\/b> est un appareil con\u00e7u pour les bureaux \u00e0 domicile, combinant des solutions compl\u00e8tes d\u2019impression, de num\u00e9risation, de copie et de fax avec une technologie avanc\u00e9e. Elle utilise la <b>technologie d\u2019injection d\u2019encre PrecisionCore<\/b>, int\u00e9grant une t\u00eate avec <b>400 buses pour le noir<\/b> et <b>128 buses par couleur<\/b>, permettant une r\u00e9solution maximale de <b>4 800 x 1 200 ppp<\/b> et des gouttes d\u2019encre jusqu\u2019\u00e0 <b>3,3 picolitres<\/b> avec des encres pigment\u00e9es noires et color\u00e9es, pour des impressions nettes et d\u00e9taill\u00e9es aux formats standards, notamment <b>A4<\/b>. Sa vitesse d\u2019impression atteint jusqu\u2019\u00e0 <b>18 pages par minute en monochrome<\/b> et <b>9 pages par minute en couleur<\/b> selon la norme ISO\/IEC, avec des pics allant jusqu\u2019\u00e0 <b>35 pages par minute en noir<\/b> et <b>23 pages par minute en couleur<\/b> sur papier ordinaire 75 g\/m\u00b2. Elle offre \u00e9galement l\u2019impression recto verso automatique \u00e0 <b>7 pages par minute en noir<\/b> et <b>5 en couleur<\/b>. C\u00f4t\u00e9 gestion des couleurs, elle supporte quatre encres (noir, cyan, jaune et magenta) avec des cartouches de capacit\u00e9 de <b>127 ml en noir et 70 ml en couleurs<\/b>. La fonction de num\u00e9risation est polyvalente, avec num\u00e9risation recto verso via chargeur automatique de documents (ADF), des vitesses jusqu\u2019\u00e0 <b>5 images par minute en monochrome et couleur<\/b> depuis l\u2019ADF, et une r\u00e9solution maximale de <b>1 200 x 2 400 ppp<\/b>, compatible avec plusieurs formats de sortie comme PDF, JPEG et TIFF. Le fax int\u00e9gr\u00e9 prend en charge l\u2019envoi et la r\u00e9ception en couleur et noir et blanc, avec une vitesse de transmission jusqu\u2019\u00e0 <b>33,6 kbps<\/b>, une m\u00e9moire de <b>100 pages<\/b> et des fonctions avanc\u00e9es telles que la num\u00e9rotation rapide et le carnet d\u2019adresses. La gestion du papier est \u00e9tendue, acceptant des formats de <b>A6 \u00e0 lettre<\/b> et plusieurs types d\u2019enveloppes, avec un <b>bac standard de 250 feuilles<\/b> et un bac de sortie de 30 feuilles, supportant des grammages entre <b>64 et 300 g\/m\u00b2<\/b>. En tant qu\u2019appareil connect\u00e9, elle propose diverses interfaces, notamment <b>USB, Ethernet, Wi-Fi Direct et Wireless LAN compatible Wi-Fi 5<\/b>, et assure la s\u00e9curit\u00e9 via les protocoles WPA2 et WPA3. Compatible avec plusieurs syst\u00e8mes Windows et Mac OS, elle prend aussi en charge les services d\u2019impression mobile et cloud comme <b>Apple AirPrint, Mopria et Epson Connect<\/b>. Avec un format compact de <b>375 x 347 x 240 mm<\/b> et un poids d\u2019environ <b>7,3 kg<\/b>, cette multifonction se distingue par son \u00e9quilibre entre performance, qualit\u00e9 d\u2019image et fonctionnalit\u00e9s int\u00e9gr\u00e9es, offrant une solution efficace pour les utilisateurs recherchant polyvalence et qualit\u00e9 dans un tout-en-un de la marque Epson reconnue.<\/p>\n<ul>\n<li>Type de prise: Prise EU<\/li>\n<li>Type:\n<ul>\n<li>Imprimante Multifonction<\/li>\n<li>Couleur<\/li>\n<li>Tout en un<\/li>\n<li>Scanner plat de bureau<\/li>\n<\/ul>\n<\/li>\n<li>Produit \u00e0 brancher: Oui<\/li>\n<li>Bloc d\u2019Alimentation:\n<ul>\n<li>r\u00e9seau \u00e9lectrique<\/li>\n<li>Cordon d&#8217;alimentation CA<\/li>\n<\/ul>\n<\/li>\n<li>Fr\u00e9quence: 50-60 Hz<\/li>\n<li>Technologie:\n<ul>\n<li>LCD<\/li>\n<li>Injection d&#8217;encre<\/li>\n<li>Laser<\/li>\n<\/ul>\n<\/li>\n<li>Profondeur: 347 mm<\/li>\n<li>Ecran: 6,1&#8221;<\/li>\n<li>R\u00e9solution d&#8217;image maximale: 4800 x 1200 dpi<\/li>\n<li>Connectivit\u00e9:\n<ul>\n<li>Wi-Fi<\/li>\n<li>Ethernet LAN<\/li>\n<\/ul>\n<\/li>\n<li>Connexions:\n<ul>\n<li>Ethernet LAN<\/li>\n<li>USB<\/li>\n<li>USB x 4<\/li>\n<\/ul>\n<\/li>\n<li>Caract\u00e9ristiques:\n<ul>\n<li>\u00c9cran integr\u00e9<\/li>\n<li>\u00c9cran couleur<\/li>\n<li>\u00c9cran LCD<\/li>\n<li>Impression recto verso<\/li>\n<li>Scanner Double Face<\/li>\n<li>Commande tactile<\/li>\n<\/ul>\n<\/li>\n<li>Largeur: 375 mm<\/li>\n<li>Couleur: Noir<\/li>\n<li>Capacit\u00e9:\n<ul>\n<li>250 Volets<\/li>\n<li>30 Volets<\/li>\n<\/ul>\n<\/li>\n<li>Taille: A4<\/li>\n<li>Mati\u00e8re: Plastique<\/li>\n<li>Fonctions:\n<ul>\n<li>Rappel automatique<\/li>\n<li>Imprimer<\/li>\n<\/ul>\n<\/li>\n<li>Format: PDF<\/li>\n<li>vitesse:\n<ul>\n<li>23 ppm<\/li>\n<li>35 ppm<\/li>\n<\/ul>\n<\/li>\n<li>Impression couleur: Oui<\/li>\n<li>Scanner: 1200 x 2400 dpi<\/li>\n<li>Papier:\n<ul>\n<li>A4<\/li>\n<li>B5<\/li>\n<\/ul>\n<\/li>\n<li>Tension: 100 &#8211; 240 V<\/li>\n<li>Impression recto verso: Automatique<\/li>\n<li>Fr\u00e9quence d&#8217;entr\u00e9e AC: 50-60 Hz<\/li>\n<li>Plateau: 1<\/li>\n<li>M\u00e9t\u00e9o: 8 s<\/li>\n<li>Utilisation recommand\u00e9e: Maison<\/li>\n<li>Inclut: Cartouche<\/li>\n<li>consommation d&#8217;\u00e9nergie: 7,4 kWh<\/li>\n<li>Type de batterie: Litio Ion<\/li>\n<\/ul>","protected":false},"excerpt":{"rendered":"<p>Si vous \u00eates \u00e0 la recherche de nouvelles tendances sur le march\u00e9, nous vous pr\u00e9sentons Imprimante Multifonction Epson C11CL40402 ! La imprimante multifonction Epson C11CL40402 est un appareil con\u00e7u pour les bureaux \u00e0 domicile, combinant des solutions compl\u00e8tes d\u2019impression, de num\u00e9risation, de copie et de fax avec une technologie avanc\u00e9e. Elle utilise la technologie d\u2019injection [&hellip;]<\/p>\n","protected":false},"featured_media":39046,"comment_status":"open","ping_status":"closed","template":"","meta":[],"product_brand":[632],"product_cat":[592,65,581],"product_tag":[213,106],"class_list":{"0":"post-39049","1":"product","2":"type-product","3":"status-publish","4":"has-post-thumbnail","6":"product_brand-brandp_547","7":"product_cat-imprimantes","8":"product_cat-informatique-electronique","9":"product_cat-informatique-peripheriques-et-consommables","10":"product_tag-tag_933","11":"product_tag-tag_1295","13":"first","14":"instock","15":"taxable","16":"shipping-taxable","17":"purchasable","18":"product-type-simple"},"_links":{"self":[{"href":"https:\/\/bigbuy.tupique.com\/pt\/wp-json\/wp\/v2\/product\/39049","targetHints":{"allow":["GET"]}}],"collection":[{"href":"https:\/\/bigbuy.tupique.com\/pt\/wp-json\/wp\/v2\/product"}],"about":[{"href":"https:\/\/bigbuy.tupique.com\/pt\/wp-json\/wp\/v2\/types\/product"}],"replies":[{"embeddable":true,"href":"https:\/\/bigbuy.tupique.com\/pt\/wp-json\/wp\/v2\/comments?post=39049"}],"wp:featuredmedia":[{"embeddable":true,"href":"https:\/\/bigbuy.tupique.com\/pt\/wp-json\/wp\/v2\/media\/39046"}],"wp:attachment":[{"href":"https:\/\/bigbuy.tupique.com\/pt\/wp-json\/wp\/v2\/media?parent=39049"}],"wp:term":[{"taxonomy":"product_brand","embeddable":true,"href":"https:\/\/bigbuy.tupique.com\/pt\/wp-json\/wp\/v2\/product_brand?post=39049"},{"taxonomy":"product_cat","embeddable":true,"href":"https:\/\/bigbuy.tupique.com\/pt\/wp-json\/wp\/v2\/product_cat?post=39049"},{"taxonomy":"product_tag","embeddable":true,"href":"https:\/\/bigbuy.tupique.com\/pt\/wp-json\/wp\/v2\/product_tag?post=39049"}],"curies":[{"name":"wp","href":"https:\/\/api.w.org\/{rel}","templated":true}]}}