{"id":38953,"date":"2026-03-30T10:53:04","date_gmt":"2026-03-30T09:53:04","guid":{"rendered":"https:\/\/bigbuy.tupique.com\/produto\/grill-cookin-garden-dune-40-black\/"},"modified":"2026-04-16T19:41:23","modified_gmt":"2026-04-16T18:41:23","slug":"grill-cookin-garden-dune-40-black","status":"publish","type":"product","link":"https:\/\/bigbuy.tupique.com\/pt\/produto\/grill-cookin-garden-dune-40-black\/","title":{"rendered":"Grill Cook&#8217;in Garden DUNE 40 Noir"},"content":{"rendered":"<p>Si vous recherchez des \u00e9lectrom\u00e9nagers pour votre maison aux meilleurs prix, ne manquez pas <b>Grill Cook&#8217;in Garden DUNE 40 Noir<\/b> et une large s\u00e9lection de petits \u00e9lectrom\u00e9nagers de qualit\u00e9 !<\/p>\n<p>La <b>Plancha de Cocina DUNE 40<\/b> de la marca <b>Cook&#8217;in Garden<\/b> est un appareil \u00e9lectrique con\u00e7u pour offrir une exp\u00e9rience culinaire efficace et polyvalente \u00e0 domicile. Fabriqu\u00e9e en <b>m\u00e9tal r\u00e9sistant<\/b> avec une finition <b>noire<\/b>, cette plancha garantit durabilit\u00e9 et facilit\u00e9 de nettoyage apr\u00e8s usage. Son design compact et fonctionnel facilite la manipulation et permet une r\u00e9partition uniforme de la chaleur sur sa surface, assurant une cuisson homog\u00e8ne des viandes, poissons, l\u00e9gumes et autres ingr\u00e9dients. Le mod\u00e8le DUNE 40 int\u00e8gre un syst\u00e8me \u00e9lectrique qui optimise la temp\u00e9rature pour maintenir des conditions de cuisson constantes, permettant des r\u00e9sultats pr\u00e9cis sans surchauffe. Elle est particuli\u00e8rement recommand\u00e9e pour ceux qui cherchent une alternative pratique aux cuisini\u00e8res traditionnelles ou pour compl\u00e9ter des espaces ext\u00e9rieurs, terrasses ou cuisines avec peu de place. De plus, la plaque m\u00e9tallique assure un transfert thermique efficace, apportant rapidit\u00e9 et qualit\u00e9 \u00e0 la pr\u00e9paration des aliments. En r\u00e9sum\u00e9, la <b>plancha \u00e9lectrique Cook&#8217;in Garden DUNE 40<\/b> allie fonctionnalit\u00e9, robustesse et simplicit\u00e9 d\u2019utilisation, se positionnant comme une option fiable pour les utilisateurs valorisant praticit\u00e9 et performance en ustensiles de cuisine.<\/p>\n<ul>\n<li>Produit \u00e0 brancher: Oui<\/li>\n<li>Type: Grill<\/li>\n<li>Bloc d\u2019Alimentation: r\u00e9seau \u00e9lectrique<\/li>\n<li>Couleur: Noir<\/li>\n<li>Mati\u00e8re: M\u00e9tal<\/li>\n<\/ul>","protected":false},"excerpt":{"rendered":"<p>Si vous recherchez des \u00e9lectrom\u00e9nagers pour votre maison aux meilleurs prix, ne manquez pas Grill Cook&#8217;in Garden DUNE 40 Noir et une large s\u00e9lection de petits \u00e9lectrom\u00e9nagers de qualit\u00e9 ! La Plancha de Cocina DUNE 40 de la marca Cook&#8217;in Garden est un appareil \u00e9lectrique con\u00e7u pour offrir une exp\u00e9rience culinaire efficace et polyvalente \u00e0 [&hellip;]<\/p>\n","protected":false},"featured_media":38952,"comment_status":"open","ping_status":"closed","template":"","meta":[],"product_brand":[1354],"product_cat":[60,77,1222],"product_tag":[390,55,59,56],"class_list":{"0":"post-38953","1":"product","2":"type-product","3":"status-publish","4":"has-post-thumbnail","6":"product_brand-brandp_9389","7":"product_cat-cuisine-gourmet","8":"product_cat-petit-electromenager","9":"product_cat-planches-et-grils","10":"product_tag-tag_8","11":"product_tag-tag_926","12":"product_tag-tag_1304","13":"product_tag-tag_930","15":"first","16":"instock","17":"taxable","18":"shipping-taxable","19":"purchasable","20":"product-type-simple"},"_links":{"self":[{"href":"https:\/\/bigbuy.tupique.com\/pt\/wp-json\/wp\/v2\/product\/38953","targetHints":{"allow":["GET"]}}],"collection":[{"href":"https:\/\/bigbuy.tupique.com\/pt\/wp-json\/wp\/v2\/product"}],"about":[{"href":"https:\/\/bigbuy.tupique.com\/pt\/wp-json\/wp\/v2\/types\/product"}],"replies":[{"embeddable":true,"href":"https:\/\/bigbuy.tupique.com\/pt\/wp-json\/wp\/v2\/comments?post=38953"}],"wp:featuredmedia":[{"embeddable":true,"href":"https:\/\/bigbuy.tupique.com\/pt\/wp-json\/wp\/v2\/media\/38952"}],"wp:attachment":[{"href":"https:\/\/bigbuy.tupique.com\/pt\/wp-json\/wp\/v2\/media?parent=38953"}],"wp:term":[{"taxonomy":"product_brand","embeddable":true,"href":"https:\/\/bigbuy.tupique.com\/pt\/wp-json\/wp\/v2\/product_brand?post=38953"},{"taxonomy":"product_cat","embeddable":true,"href":"https:\/\/bigbuy.tupique.com\/pt\/wp-json\/wp\/v2\/product_cat?post=38953"},{"taxonomy":"product_tag","embeddable":true,"href":"https:\/\/bigbuy.tupique.com\/pt\/wp-json\/wp\/v2\/product_tag?post=38953"}],"curies":[{"name":"wp","href":"https:\/\/api.w.org\/{rel}","templated":true}]}}