{"id":38880,"date":"2026-03-30T10:39:12","date_gmt":"2026-03-30T09:39:12","guid":{"rendered":"https:\/\/bigbuy.tupique.com\/produto\/electric-barbecue-ninja\/"},"modified":"2026-04-16T20:16:43","modified_gmt":"2026-04-16T19:16:43","slug":"electric-barbecue-ninja","status":"publish","type":"product","link":"https:\/\/bigbuy.tupique.com\/pt\/produto\/electric-barbecue-ninja\/","title":{"rendered":"Barbecue \u00c9lectrique NINJA"},"content":{"rendered":"<p>Si vous \u00eates \u00e0 la recherche de nouvelles tendances sur le march\u00e9, nous vous pr\u00e9sentons <b>Barbecue \u00c9lectrique NINJA<\/b> !<\/p>\n<p>La <b>Parrilla \u00c9lectrique NINJA MAX 6 en 1 DG551EU<\/b> se pr\u00e9sente comme un appareil multifonction combinant l\u2019efficacit\u00e9 d\u2019une grille \u00e9lectrique avec les avantages d\u2019une friteuse sans huile, facilitant une cuisine saine et polyvalente. Avec une puissance de <b>1760 W<\/b>, elle offre un chauffage rapide et uniforme permettant de pr\u00e9parer divers plats avec d\u2019excellents r\u00e9sultats. Sa capacit\u00e9 de <b>3,8 litres<\/b> convient aux familles ou petits groupes, offrant assez d\u2019espace pour cuisiner des portions g\u00e9n\u00e9reuses ou plusieurs pr\u00e9parations simultan\u00e9ment. Son design comprend une surface <b>antiadh\u00e9sive<\/b> qui facilite le nettoyage et emp\u00eache les aliments de coller, contribuant \u00e0 une utilisation plus confortable et une moindre consommation d\u2019huile. Ce mod\u00e8le int\u00e8gre <b>six modes de cuisson<\/b> qui \u00e9largissent ses possibilit\u00e9s culinaires, s\u2019adaptant \u00e0 diff\u00e9rentes techniques et types d\u2019aliments, de la grillade \u00e0 la friture saine. La grille est \u00e9quip\u00e9e de fonctions intelligentes permettant de contr\u00f4ler pr\u00e9cis\u00e9ment la temp\u00e9rature et le temps de cuisson, optimisant les r\u00e9sultats et la s\u00e9curit\u00e9 lors de l\u2019utilisation. Sa structure grise allie design moderne et ergonomie, s\u2019int\u00e9grant facilement dans toute cuisine. La polyvalence et la praticit\u00e9 de cette <b>parrilla \u00e9lectrique NINJA MAX 6 en 1<\/b> en font un outil id\u00e9al pour ceux qui souhaitent r\u00e9duire l\u2019usage d\u2019huile sans renoncer au go\u00fbt et \u00e0 la texture de leurs plats habituels. Dans l\u2019ensemble, ce produit repr\u00e9sente une solution fiable et efficace pour la pr\u00e9paration des aliments \u00e0 domicile.<\/p>\n<ul>\n<li>Produit \u00e0 brancher: Oui<\/li>\n<li>Type: Barbecue \u00c9lectrique<\/li>\n<li>Bloc d\u2019Alimentation: r\u00e9seau \u00e9lectrique<\/li>\n<li>Couleur: Gris<\/li>\n<li>puissance: 1760 W<\/li>\n<li>Dimensions approx.:\n<ul>\n<li>40 cm<\/li>\n<li>42 cm<\/li>\n<li>28,2 cm<\/li>\n<\/ul>\n<\/li>\n<li>Caract\u00e9ristiques: Anti-adh\u00e9rente<\/li>\n<li>Capacit\u00e9: 3,8 L<\/li>\n<\/ul>","protected":false},"excerpt":{"rendered":"<p>Si vous \u00eates \u00e0 la recherche de nouvelles tendances sur le march\u00e9, nous vous pr\u00e9sentons Barbecue \u00c9lectrique NINJA ! La Parrilla \u00c9lectrique NINJA MAX 6 en 1 DG551EU se pr\u00e9sente comme un appareil multifonction combinant l\u2019efficacit\u00e9 d\u2019une grille \u00e9lectrique avec les avantages d\u2019une friteuse sans huile, facilitant une cuisine saine et polyvalente. Avec une puissance [&hellip;]<\/p>\n","protected":false},"featured_media":38862,"comment_status":"open","ping_status":"closed","template":"","meta":[],"product_brand":[287],"product_cat":[60,77,1222],"product_tag":[390,55,59,56],"class_list":{"0":"post-38880","1":"product","2":"type-product","3":"status-publish","4":"has-post-thumbnail","6":"product_brand-brandp_6527","7":"product_cat-cuisine-gourmet","8":"product_cat-petit-electromenager","9":"product_cat-planches-et-grils","10":"product_tag-tag_8","11":"product_tag-tag_926","12":"product_tag-tag_1304","13":"product_tag-tag_930","15":"first","16":"instock","17":"taxable","18":"shipping-taxable","19":"purchasable","20":"product-type-simple"},"_links":{"self":[{"href":"https:\/\/bigbuy.tupique.com\/pt\/wp-json\/wp\/v2\/product\/38880","targetHints":{"allow":["GET"]}}],"collection":[{"href":"https:\/\/bigbuy.tupique.com\/pt\/wp-json\/wp\/v2\/product"}],"about":[{"href":"https:\/\/bigbuy.tupique.com\/pt\/wp-json\/wp\/v2\/types\/product"}],"replies":[{"embeddable":true,"href":"https:\/\/bigbuy.tupique.com\/pt\/wp-json\/wp\/v2\/comments?post=38880"}],"wp:featuredmedia":[{"embeddable":true,"href":"https:\/\/bigbuy.tupique.com\/pt\/wp-json\/wp\/v2\/media\/38862"}],"wp:attachment":[{"href":"https:\/\/bigbuy.tupique.com\/pt\/wp-json\/wp\/v2\/media?parent=38880"}],"wp:term":[{"taxonomy":"product_brand","embeddable":true,"href":"https:\/\/bigbuy.tupique.com\/pt\/wp-json\/wp\/v2\/product_brand?post=38880"},{"taxonomy":"product_cat","embeddable":true,"href":"https:\/\/bigbuy.tupique.com\/pt\/wp-json\/wp\/v2\/product_cat?post=38880"},{"taxonomy":"product_tag","embeddable":true,"href":"https:\/\/bigbuy.tupique.com\/pt\/wp-json\/wp\/v2\/product_tag?post=38880"}],"curies":[{"name":"wp","href":"https:\/\/api.w.org\/{rel}","templated":true}]}}