{"id":38838,"date":"2026-03-30T10:37:33","date_gmt":"2026-03-30T09:37:33","guid":{"rendered":"https:\/\/bigbuy.tupique.com\/produto\/smartphone-xiaomi-25069ptebg-683-octa-core-12-gb-ram-256-gb-pink\/"},"modified":"2026-05-11T19:55:44","modified_gmt":"2026-05-11T17:55:44","slug":"smartphone-xiaomi-25069ptebg-683-octa-core-12-gb-ram-256-gb-pink","status":"publish","type":"product","link":"https:\/\/bigbuy.tupique.com\/pt\/produto\/smartphone-xiaomi-25069ptebg-683-octa-core-12-gb-ram-256-gb-pink\/","title":{"rendered":"Smartphone Xiaomi 15T 6,83&#8243; Octa Core 12 GB RAM 256 GB Rose"},"content":{"rendered":"<p>Si vous \u00eates \u00e0 la recherche de nouvelles tendances sur le march\u00e9, nous vous pr\u00e9sentons <b>Smartphone Xiaomi 15T 6,83&#8243; Octa Core 12 GB RAM 256 GB Rose<\/b> !<\/p>\n<p>Le <b>Xiaomi 15T<\/b> est un <b>smartphone<\/b> de derni\u00e8re g\u00e9n\u00e9ration qui associe un design \u00e9l\u00e9gant et des finitions soign\u00e9es \u00e0 des technologies avanc\u00e9es ax\u00e9es sur l\u2019exp\u00e9rience utilisateur. Il se distingue par son large <b>\u00e9cran de 6,83 pouces<\/b> compatible <b>HDR<\/b>, offrant des images nettes et des couleurs intenses, id\u00e9ales pour le visionnage de contenus multim\u00e9dias comme pour la navigation quotidienne, tandis que les bords ultra-fins maximisent la surface d\u2019affichage. Dot\u00e9 de <b>12 Go de RAM<\/b> et de <b>256 Go de stockage interne<\/b>, l\u2019appareil garantit une grande fluidit\u00e9 en multit\u00e2che, une r\u00e9activit\u00e9 optimale et un espace suffisant pour stocker ais\u00e9ment vos applications et fichiers multim\u00e9dias. L\u2019int\u00e9gration du syst\u00e8me d\u2019exploitation <b>Android<\/b> assure la compatibilit\u00e9 avec un large \u00e9ventail d\u2019applications et de services, facilitant les mises \u00e0 jour r\u00e9guli\u00e8res et une exp\u00e9rience personnalisable. Le Xiaomi 15T propose des connexions modernes comme le <b>USB-C<\/b>, permettant une charge rapide et un transfert de donn\u00e9es efficace, tandis que sa finition <b>rose<\/b> et <b>or rose<\/b> apporte une touche distinctive de sophistication et de style contemporain. Con\u00e7u pour offrir des performances \u00e9quilibr\u00e9es au quotidien comme lors de t\u00e2ches exigeantes, ce smartphone se d\u00e9marque dans sa cat\u00e9gorie par l\u2019harmonie entre puissance, capacit\u00e9 de stockage et grand \u00e9cran, constituant un choix fiable pour les utilisateurs recherchant polyvalence et fiabilit\u00e9 au quotidien.<\/p>\n<ul>\n<li>Produit \u00e0 brancher: Oui<\/li>\n<li>Type: Smartphone<\/li>\n<li>Bloc d\u2019Alimentation: r\u00e9seau \u00e9lectrique<\/li>\n<li>Technologie: AMOLED<\/li>\n<li>Capacit\u00e9 de la batterie: 5500 mah<\/li>\n<li>Ecran: 6,83&#8243;<\/li>\n<li>Syst\u00e8me d&#8217;exploitation: Android<\/li>\n<li>puissance: 67 W<\/li>\n<li>Connectivit\u00e9:\n<ul>\n<li>NFC<\/li>\n<li>5G<\/li>\n<li>Wi-Fi 6 GHz<\/li>\n<\/ul>\n<\/li>\n<li>Cam\u00e9ra\/Appareil Photo:\n<ul>\n<li>32 Mp<\/li>\n<li>50 Mp<\/li>\n<li>Frontal<\/li>\n<li>Triple<\/li>\n<\/ul>\n<\/li>\n<li>Connexions: USB-C<\/li>\n<li>Processeur: Octa Core<\/li>\n<li>M\u00e9moire RAM: 12 GB RAM<\/li>\n<li>M\u00e9moire interne: 256 GB<\/li>\n<li>Couleur:\n<ul>\n<li>Rose<\/li>\n<li>Or rose<\/li>\n<\/ul>\n<\/li>\n<li>Caract\u00e9ristiques:\n<ul>\n<li>HDR<\/li>\n<li>Chargement rapide et fiable<\/li>\n<li>\u00c9cran plat<\/li>\n<\/ul>\n<\/li>\n<li>Fr\u00e9quence: 120 Hz<\/li>\n<li>Ouverture: F\/1,7<\/li>\n<li>Noyaux: 8 Noyaux<\/li>\n<li>Famille de processeurs: MediaTek Dimensity<\/li>\n<\/ul>","protected":false},"excerpt":{"rendered":"<p>Si vous \u00eates \u00e0 la recherche de nouvelles tendances sur le march\u00e9, nous vous pr\u00e9sentons Smartphone Xiaomi 15T 6,83&#8243; Octa Core 12 GB RAM 256 GB Rose ! Le Xiaomi 15T est un smartphone de derni\u00e8re g\u00e9n\u00e9ration qui associe un design \u00e9l\u00e9gant et des finitions soign\u00e9es \u00e0 des technologies avanc\u00e9es ax\u00e9es sur l\u2019exp\u00e9rience utilisateur. Il [&hellip;]<\/p>\n","protected":false},"featured_media":53372,"comment_status":"open","ping_status":"closed","template":"","meta":[],"product_brand":[525],"product_cat":[575,65,960],"product_tag":[213,566,106],"class_list":{"0":"post-38838","1":"product","2":"type-product","3":"status-publish","4":"has-post-thumbnail","6":"product_brand-brandp_1269","7":"product_cat-electronique-telephonie-et-tablettes","8":"product_cat-informatique-electronique","9":"product_cat-telephones-portables","10":"product_tag-tag_933","11":"product_tag-tag_547","12":"product_tag-tag_1295","14":"first","15":"instock","16":"taxable","17":"shipping-taxable","18":"purchasable","19":"product-type-simple"},"_links":{"self":[{"href":"https:\/\/bigbuy.tupique.com\/pt\/wp-json\/wp\/v2\/product\/38838","targetHints":{"allow":["GET"]}}],"collection":[{"href":"https:\/\/bigbuy.tupique.com\/pt\/wp-json\/wp\/v2\/product"}],"about":[{"href":"https:\/\/bigbuy.tupique.com\/pt\/wp-json\/wp\/v2\/types\/product"}],"replies":[{"embeddable":true,"href":"https:\/\/bigbuy.tupique.com\/pt\/wp-json\/wp\/v2\/comments?post=38838"}],"wp:featuredmedia":[{"embeddable":true,"href":"https:\/\/bigbuy.tupique.com\/pt\/wp-json\/wp\/v2\/media\/53372"}],"wp:attachment":[{"href":"https:\/\/bigbuy.tupique.com\/pt\/wp-json\/wp\/v2\/media?parent=38838"}],"wp:term":[{"taxonomy":"product_brand","embeddable":true,"href":"https:\/\/bigbuy.tupique.com\/pt\/wp-json\/wp\/v2\/product_brand?post=38838"},{"taxonomy":"product_cat","embeddable":true,"href":"https:\/\/bigbuy.tupique.com\/pt\/wp-json\/wp\/v2\/product_cat?post=38838"},{"taxonomy":"product_tag","embeddable":true,"href":"https:\/\/bigbuy.tupique.com\/pt\/wp-json\/wp\/v2\/product_tag?post=38838"}],"curies":[{"name":"wp","href":"https:\/\/api.w.org\/{rel}","templated":true}]}}