{"id":38764,"date":"2026-03-30T10:34:37","date_gmt":"2026-03-30T09:34:37","guid":{"rendered":"https:\/\/bigbuy.tupique.com\/produto\/original-ink-cartridge-hp-blue-cyan\/"},"modified":"2026-04-16T18:10:51","modified_gmt":"2026-04-16T17:10:51","slug":"original-ink-cartridge-hp-blue-cyan","status":"publish","type":"product","link":"https:\/\/bigbuy.tupique.com\/pt\/produto\/original-ink-cartridge-hp-blue-cyan\/","title":{"rendered":"Cartouche d&#8217;encre originale HP Bleu Cyan"},"content":{"rendered":"<p>Si vous \u00eates \u00e0 la recherche de nouvelles tendances sur le march\u00e9, nous vous pr\u00e9sentons <b>Cartouche d&#8217;encre originale HP Bleu Cyan<\/b> !<\/p>\n<p>Le <b>cartouche d\u2019encre original HP M0J90AE<\/b> est un composant essentiel pour les utilisateurs des imprimantes HP PageWide Pro 750, 772 et 777 qui exigent une impression professionnelle et fiable. Ce <b>cartouche d\u2019encre original cyan<\/b> est sp\u00e9cialement con\u00e7u pour offrir une grande capacit\u00e9, permettant d\u2019imprimer un volume \u00e9lev\u00e9 de documents sans remplacements fr\u00e9quents, optimisant ainsi les co\u00fbts et le temps de travail. Son encre <b>couleur cyan<\/b> garantit une reproduction fid\u00e8le et constante des couleurs, maintenant la qualit\u00e9 des images et des textes avec une excellente nettet\u00e9 et d\u00e9finition \u00e0 chaque page. Le fait d\u2019\u00eatre un produit original HP assure une compatibilit\u00e9 parfaite avec les imprimantes homologu\u00e9es, \u00e9vitant les probl\u00e8mes techniques courants tels que les bourrages ou la perte de qualit\u00e9 d\u2019impression pouvant survenir avec des consommables g\u00e9n\u00e9riques ou compatibles. De plus, ce cartouche est formul\u00e9 pour r\u00e9sister \u00e0 l\u2019usure et offrir une longue dur\u00e9e de vie, assurant une performance constante et stable dans des environnements professionnels ou domestiques o\u00f9 l\u2019impression couleur est fr\u00e9quente. Son int\u00e9gration avec la technologie des imprimantes HP PageWide Pro contribue \u00e0 optimiser la vitesse et l\u2019efficacit\u00e9 du processus d\u2019impression, permettant des travaux de haute qualit\u00e9 rapidement et sans interruption. En r\u00e9sum\u00e9, ce cartouche d\u2019encre original HP M0J90AE cyan repr\u00e9sente une solution fiable pour ceux qui souhaitent maintenir l\u2019excellence de leurs impressions couleur sur les \u00e9quipements HP mentionn\u00e9s, garantissant des r\u00e9sultats optimaux et durables \u00e0 chaque projet.<\/p>\n<ul>\n<li>Type:\n<ul>\n<li>Original<\/li>\n<li>Cartouche d&#8217;encre originale<\/li>\n<\/ul>\n<\/li>\n<li>Hauteur: 48 mm<\/li>\n<li>Unit\u00e9s: 1 Unit\u00e9<\/li>\n<li>Capacit\u00e9: 16000 Pages<\/li>\n<li>Poids: 370 g<\/li>\n<li>Technologie: Inkjet<\/li>\n<li>Compatible:\n<ul>\n<li>PAGEWIDE MFP 772DN<\/li>\n<li>PAGEWIDE 777Z<\/li>\n<li>Pagewide Color 755dn<\/li>\n<li>Pagewide Color Mfp 774dn<\/li>\n<li>Imprimante<\/li>\n<li>HP<\/li>\n<\/ul>\n<\/li>\n<li>Couleur:\n<ul>\n<li>Bleu<\/li>\n<li>Cyan<\/li>\n<\/ul>\n<\/li>\n<li>Poids approx.: 370 g<\/li>\n<li>Caract\u00e9ristiques: Original<\/li>\n<\/ul>","protected":false},"excerpt":{"rendered":"<p><span class=\"unit-info\">344.9900 &euro; \/ 1 unit<\/span><\/p>","protected":false},"featured_media":38746,"comment_status":"open","ping_status":"closed","template":"","meta":[],"product_brand":[630],"product_cat":[595,65,581],"product_tag":[213,59,106],"class_list":{"0":"post-38764","1":"product","2":"type-product","3":"status-publish","4":"has-post-thumbnail","6":"product_brand-brandp_909","7":"product_cat-cartouches-d-encre-originale","8":"product_cat-informatique-electronique","9":"product_cat-informatique-peripheriques-et-consommables","10":"product_tag-tag_933","11":"product_tag-tag_1304","12":"product_tag-tag_1295","14":"first","15":"instock","16":"taxable","17":"shipping-taxable","18":"purchasable","19":"product-type-simple"},"_links":{"self":[{"href":"https:\/\/bigbuy.tupique.com\/pt\/wp-json\/wp\/v2\/product\/38764","targetHints":{"allow":["GET"]}}],"collection":[{"href":"https:\/\/bigbuy.tupique.com\/pt\/wp-json\/wp\/v2\/product"}],"about":[{"href":"https:\/\/bigbuy.tupique.com\/pt\/wp-json\/wp\/v2\/types\/product"}],"replies":[{"embeddable":true,"href":"https:\/\/bigbuy.tupique.com\/pt\/wp-json\/wp\/v2\/comments?post=38764"}],"wp:featuredmedia":[{"embeddable":true,"href":"https:\/\/bigbuy.tupique.com\/pt\/wp-json\/wp\/v2\/media\/38746"}],"wp:attachment":[{"href":"https:\/\/bigbuy.tupique.com\/pt\/wp-json\/wp\/v2\/media?parent=38764"}],"wp:term":[{"taxonomy":"product_brand","embeddable":true,"href":"https:\/\/bigbuy.tupique.com\/pt\/wp-json\/wp\/v2\/product_brand?post=38764"},{"taxonomy":"product_cat","embeddable":true,"href":"https:\/\/bigbuy.tupique.com\/pt\/wp-json\/wp\/v2\/product_cat?post=38764"},{"taxonomy":"product_tag","embeddable":true,"href":"https:\/\/bigbuy.tupique.com\/pt\/wp-json\/wp\/v2\/product_tag?post=38764"}],"curies":[{"name":"wp","href":"https:\/\/api.w.org\/{rel}","templated":true}]}}