{"id":38711,"date":"2026-03-30T10:32:27","date_gmt":"2026-03-30T09:32:27","guid":{"rendered":"https:\/\/bigbuy.tupique.com\/produto\/heat-brush-shark-2\/"},"modified":"2026-05-11T20:02:05","modified_gmt":"2026-05-11T18:02:05","slug":"heat-brush-shark-2","status":"publish","type":"product","link":"https:\/\/bigbuy.tupique.com\/pt\/produto\/heat-brush-shark-2\/","title":{"rendered":"Brosse Thermique Shark"},"content":{"rendered":"<p>Si vous \u00eates \u00e0 la recherche de nouvelles tendances sur le march\u00e9, nous vous pr\u00e9sentons <b>Brosse Thermique Shark<\/b> !<\/p>\n<p>La <b>Brosse Thermique Shark FlexStyle 4 en 1<\/b> est un appareil multifonction con\u00e7u pour le soin et le coiffage des cheveux, combinant la commodit\u00e9 du s\u00e9chage \u00e0 la polyvalence du coiffage. Ce dispositif, de la marque reconnue <b>Shark<\/b>, se distingue par sa <b>puissance de 1650 W<\/b>, aliment\u00e9e par <b>c\u00e2ble \u00e9lectrique<\/b>, garantissant une diffusion stable et constante de chaleur pour un s\u00e9chage efficace sans d\u00e9pendre des batteries. Son design en <b>\u00e9dition limit\u00e9e dor\u00e9e<\/b> exclusive offre une finition \u00e9l\u00e9gante et moderne, facilitant aussi l\u2019identification rapide du produit. Il inclut <b>quatre accessoires interchangeables<\/b> permettant non seulement de s\u00e9cher, mais aussi de donner du volume, de boucler ou de lisser, s\u2019adaptant \u00e0 diff\u00e9rents styles et besoins de coiffage, offrant une grande polyvalence \u00e0 l\u2019utilisateur. La fonction brosse thermique est optimis\u00e9e pour un s\u00e9chage et un coiffage simultan\u00e9s, r\u00e9duisant le temps consacr\u00e9 \u00e0 cette t\u00e2che quotidienne et limitant les dommages gr\u00e2ce au contr\u00f4le de la chaleur. Son c\u00e2ble d\u2019alimentation offre une libert\u00e9 de mouvement autour de la prise \u00e9lectrique, sans les inconv\u00e9nients des appareils sans fil \u00e0 autonomie limit\u00e9e. Cette brosse allie efficacit\u00e9 et praticit\u00e9, constituant une option adapt\u00e9e pour ceux qui recherchent un soin complet des cheveux avec un seul produit int\u00e9grant s\u00e8che-cheveux et lisseur avec des r\u00e9sultats professionnels. La Shark FlexStyle 4 en 1 repr\u00e9sente une solution technique fiable facilitant \u00e0 la fois le s\u00e9chage et la cr\u00e9ation de styles personnalis\u00e9s avec des r\u00e9sultats durables et un aspect soign\u00e9.<\/p>\n<ul>\n<li>Produit \u00e0 brancher: Oui<\/li>\n<li>Bloc d\u2019Alimentation:\n<ul>\n<li>r\u00e9seau \u00e9lectrique<\/li>\n<li>C\u00e2ble \u00e9lectrique<\/li>\n<\/ul>\n<\/li>\n<li>Couleur:\n<ul>\n<li>noir<\/li>\n<li>Dor\u00e9<\/li>\n<\/ul>\n<\/li>\n<li>puissance: 1650 W<\/li>\n<li>Dimensions approx.: 34,3 cm<\/li>\n<\/ul>","protected":false},"excerpt":{"rendered":"<p>Si vous \u00eates \u00e0 la recherche de nouvelles tendances sur le march\u00e9, nous vous pr\u00e9sentons Brosse Thermique Shark ! La Brosse Thermique Shark FlexStyle 4 en 1 est un appareil multifonction con\u00e7u pour le soin et le coiffage des cheveux, combinant la commodit\u00e9 du s\u00e9chage \u00e0 la polyvalence du coiffage. Ce dispositif, de la marque [&hellip;]<\/p>\n","protected":false},"featured_media":38704,"comment_status":"open","ping_status":"closed","template":"","meta":[],"product_brand":[1078],"product_cat":[753,1145,752],"product_tag":[722,59,56],"class_list":{"0":"post-38711","1":"product","2":"type-product","3":"status-publish","4":"has-post-thumbnail","6":"product_brand-brandp_5354","7":"product_cat-coiffure","8":"product_cat-peignes-et-brosses","9":"product_cat-sante-beaute","10":"product_tag-tag_923","11":"product_tag-tag_1304","12":"product_tag-tag_930","14":"first","15":"instock","16":"taxable","17":"shipping-taxable","18":"purchasable","19":"product-type-simple"},"_links":{"self":[{"href":"https:\/\/bigbuy.tupique.com\/pt\/wp-json\/wp\/v2\/product\/38711","targetHints":{"allow":["GET"]}}],"collection":[{"href":"https:\/\/bigbuy.tupique.com\/pt\/wp-json\/wp\/v2\/product"}],"about":[{"href":"https:\/\/bigbuy.tupique.com\/pt\/wp-json\/wp\/v2\/types\/product"}],"replies":[{"embeddable":true,"href":"https:\/\/bigbuy.tupique.com\/pt\/wp-json\/wp\/v2\/comments?post=38711"}],"wp:featuredmedia":[{"embeddable":true,"href":"https:\/\/bigbuy.tupique.com\/pt\/wp-json\/wp\/v2\/media\/38704"}],"wp:attachment":[{"href":"https:\/\/bigbuy.tupique.com\/pt\/wp-json\/wp\/v2\/media?parent=38711"}],"wp:term":[{"taxonomy":"product_brand","embeddable":true,"href":"https:\/\/bigbuy.tupique.com\/pt\/wp-json\/wp\/v2\/product_brand?post=38711"},{"taxonomy":"product_cat","embeddable":true,"href":"https:\/\/bigbuy.tupique.com\/pt\/wp-json\/wp\/v2\/product_cat?post=38711"},{"taxonomy":"product_tag","embeddable":true,"href":"https:\/\/bigbuy.tupique.com\/pt\/wp-json\/wp\/v2\/product_tag?post=38711"}],"curies":[{"name":"wp","href":"https:\/\/api.w.org\/{rel}","templated":true}]}}