{"id":38692,"date":"2026-03-30T10:21:39","date_gmt":"2026-03-30T09:21:39","guid":{"rendered":"https:\/\/bigbuy.tupique.com\/produto\/wet-and-dry-vacuum-cleaner-bosch-gas-35-m-afc-35-l\/"},"modified":"2026-04-16T16:25:00","modified_gmt":"2026-04-16T15:25:00","slug":"wet-and-dry-vacuum-cleaner-bosch-gas-35-m-afc-35-l","status":"publish","type":"product","link":"https:\/\/bigbuy.tupique.com\/pt\/produto\/wet-and-dry-vacuum-cleaner-bosch-gas-35-m-afc-35-l\/","title":{"rendered":"Aspirateur \u00e0 sec et humide BOSCH GAS 35 M AFC 35 L"},"content":{"rendered":"<p>Si vous recherchez des \u00e9lectrom\u00e9nagers pour votre maison aux meilleurs prix, ne manquez pas <b>Aspirateur \u00e0 sec et humide BOSCH GAS 35 M AFC 35 L<\/b> et une large s\u00e9lection de petits \u00e9lectrom\u00e9nagers de qualit\u00e9 !<\/p>\n<ul>\n<li>Produit \u00e0 brancher: Oui<\/li>\n<li>Couleur: Bleu<\/li>\n<li>Mati\u00e8re: Plastique<\/li>\n<li>Longueur du c\u00e2ble: 4 m<\/li>\n<li>Capacit\u00e9: 35 L<\/li>\n<li>Bloc d\u2019Alimentation: r\u00e9seau \u00e9lectrique<\/li>\n<li>Non Inclus: Batterie<\/li>\n<\/ul>","protected":false},"excerpt":{"rendered":"<p><span class=\"unit-info\">27.8283 &euro; \/ 1 l<\/span><\/p>","protected":false},"featured_media":38688,"comment_status":"open","ping_status":"closed","template":"","meta":[],"product_brand":[162],"product_cat":[762,239,240],"product_tag":[59,56,210],"class_list":{"0":"post-38692","1":"product","2":"type-product","3":"status-publish","4":"has-post-thumbnail","6":"product_brand-brandp_959","7":"product_cat-aspirateurs-et-robots","8":"product_cat-maison-jardin","9":"product_cat-nettoyage-aspirateur-et-repassage","10":"product_tag-tag_1304","11":"product_tag-tag_930","12":"product_tag-tag_25","14":"first","15":"instock","16":"taxable","17":"shipping-taxable","18":"purchasable","19":"product-type-simple"},"_links":{"self":[{"href":"https:\/\/bigbuy.tupique.com\/pt\/wp-json\/wp\/v2\/product\/38692","targetHints":{"allow":["GET"]}}],"collection":[{"href":"https:\/\/bigbuy.tupique.com\/pt\/wp-json\/wp\/v2\/product"}],"about":[{"href":"https:\/\/bigbuy.tupique.com\/pt\/wp-json\/wp\/v2\/types\/product"}],"replies":[{"embeddable":true,"href":"https:\/\/bigbuy.tupique.com\/pt\/wp-json\/wp\/v2\/comments?post=38692"}],"wp:featuredmedia":[{"embeddable":true,"href":"https:\/\/bigbuy.tupique.com\/pt\/wp-json\/wp\/v2\/media\/38688"}],"wp:attachment":[{"href":"https:\/\/bigbuy.tupique.com\/pt\/wp-json\/wp\/v2\/media?parent=38692"}],"wp:term":[{"taxonomy":"product_brand","embeddable":true,"href":"https:\/\/bigbuy.tupique.com\/pt\/wp-json\/wp\/v2\/product_brand?post=38692"},{"taxonomy":"product_cat","embeddable":true,"href":"https:\/\/bigbuy.tupique.com\/pt\/wp-json\/wp\/v2\/product_cat?post=38692"},{"taxonomy":"product_tag","embeddable":true,"href":"https:\/\/bigbuy.tupique.com\/pt\/wp-json\/wp\/v2\/product_tag?post=38692"}],"curies":[{"name":"wp","href":"https:\/\/api.w.org\/{rel}","templated":true}]}}