{"id":38676,"date":"2026-03-30T10:21:05","date_gmt":"2026-03-30T09:21:05","guid":{"rendered":"https:\/\/bigbuy.tupique.com\/produto\/tool-set-powerplus-3-units\/"},"modified":"2026-04-16T17:31:28","modified_gmt":"2026-04-16T16:31:28","slug":"tool-set-powerplus-3-units","status":"publish","type":"product","link":"https:\/\/bigbuy.tupique.com\/pt\/produto\/tool-set-powerplus-3-units\/","title":{"rendered":"Set d&#8217;outils Powerplus (3 Unit\u00e9s)"},"content":{"rendered":"<p>Si vous aimez prendre soin de chaque d\u00e9tail de votre maison et d&#8217;\u00eatre \u00e0 la derni\u00e8re mode en mati\u00e8re de produits qui vous rendront la vie plus facile, achetez <b>Set d&#8217;outils Powerplus (3 Unit\u00e9s)<\/b> au meilleur prix.<\/p>\n<p>Le <b>Set d\u2019Outils Powerplus<\/b> offre une solution compl\u00e8te et polyvalente, id\u00e9ale pour divers travaux de bricolage et professionnels, int\u00e9grant trois outils essentiels : un <b>perceuse\/visseuse<\/b>, une <b>meuleuse d\u2019angle<\/b> et une <b>perceuse \u00e0 percussion<\/b>. Ce pack combine puissance et autonomie gr\u00e2ce \u00e0 son syst\u00e8me <b>Dual Power 20 V<\/b>, accompagn\u00e9 de <b>deux batteries rechargeables<\/b> garantissant une longue dur\u00e9e d\u2019utilisation et limitant les interruptions, ainsi qu\u2019un <b>chargeur rapide<\/b> pour une efficacit\u00e9 maximale. Les outils sont con\u00e7us avec des mat\u00e9riaux r\u00e9sistants, tels que le <b>m\u00e9tal pour la structure principale<\/b> assurant durabilit\u00e9 et robustesse, et le <b>plastique de haute qualit\u00e9 aux poign\u00e9es et d\u00e9tails ergonomiques<\/b>, offrant une prise en main confortable et s\u00fbre. Ils pr\u00e9sentent une finition en <b>couleur orange<\/b>, facilitant leur rep\u00e9rage sur le lieu de travail. Ce set comprend <b>3 unit\u00e9s<\/b>, rang\u00e9es dans un sac pratique facilitant transport et stockage, pens\u00e9 pour les professionnels et amateurs recherchant polyvalence et efficacit\u00e9 dans leurs projets. De plus, son design int\u00e8gre une <b>prise europ\u00e9enne (EU)<\/b>, adapt\u00e9e aux besoins du march\u00e9 local. Globalement, ce pack se distingue par son \u00e9quilibre entre fonctionnalit\u00e9, autonomie et robustesse, devenant une option fiable pour ceux qui souhaitent un kit complet couvrant per\u00e7age, vissage et d\u00e9coupe \u00e0 un niveau professionnel. Cet ensemble d\u2019outils Powerplus r\u00e9pond aux normes actuelles pour les utilisateurs valorisant qualit\u00e9 et performance dans un seul produit.<\/p>\n<ul>\n<li>Produit \u00e0 brancher: Oui<\/li>\n<li>Inclut:\n<ul>\n<li>3<\/li>\n<li>Perceuse<\/li>\n<li>Perforeuse<\/li>\n<li>Meuleuse<\/li>\n<\/ul>\n<\/li>\n<li>Type de prise: Prise EU<\/li>\n<li>Bloc d\u2019Alimentation: r\u00e9seau \u00e9lectrique<\/li>\n<li>Couleur:\n<ul>\n<li>Orange<\/li>\n<li>noir<\/li>\n<\/ul>\n<\/li>\n<li>Mati\u00e8re:\n<ul>\n<li>M\u00e9tal<\/li>\n<li>Plastique<\/li>\n<\/ul>\n<\/li>\n<li>Unit\u00e9s: 3 Unit\u00e9s<\/li>\n<\/ul>","protected":false},"excerpt":{"rendered":"<p><span class=\"unit-info\">138.9967 &euro; \/ 1 unit<\/span><\/p>","protected":false},"featured_media":38671,"comment_status":"open","ping_status":"closed","template":"","meta":[],"product_brand":[827],"product_cat":[613,239],"product_tag":[59,210],"class_list":{"0":"post-38676","1":"product","2":"type-product","3":"status-publish","4":"has-post-thumbnail","6":"product_brand-brandp_6227","7":"product_cat-bricolage-et-materiel","8":"product_cat-maison-jardin","9":"product_tag-tag_1304","10":"product_tag-tag_25","12":"first","13":"instock","14":"taxable","15":"shipping-taxable","16":"purchasable","17":"product-type-simple"},"_links":{"self":[{"href":"https:\/\/bigbuy.tupique.com\/pt\/wp-json\/wp\/v2\/product\/38676","targetHints":{"allow":["GET"]}}],"collection":[{"href":"https:\/\/bigbuy.tupique.com\/pt\/wp-json\/wp\/v2\/product"}],"about":[{"href":"https:\/\/bigbuy.tupique.com\/pt\/wp-json\/wp\/v2\/types\/product"}],"replies":[{"embeddable":true,"href":"https:\/\/bigbuy.tupique.com\/pt\/wp-json\/wp\/v2\/comments?post=38676"}],"wp:featuredmedia":[{"embeddable":true,"href":"https:\/\/bigbuy.tupique.com\/pt\/wp-json\/wp\/v2\/media\/38671"}],"wp:attachment":[{"href":"https:\/\/bigbuy.tupique.com\/pt\/wp-json\/wp\/v2\/media?parent=38676"}],"wp:term":[{"taxonomy":"product_brand","embeddable":true,"href":"https:\/\/bigbuy.tupique.com\/pt\/wp-json\/wp\/v2\/product_brand?post=38676"},{"taxonomy":"product_cat","embeddable":true,"href":"https:\/\/bigbuy.tupique.com\/pt\/wp-json\/wp\/v2\/product_cat?post=38676"},{"taxonomy":"product_tag","embeddable":true,"href":"https:\/\/bigbuy.tupique.com\/pt\/wp-json\/wp\/v2\/product_tag?post=38676"}],"curies":[{"name":"wp","href":"https:\/\/api.w.org\/{rel}","templated":true}]}}