{"id":38502,"date":"2026-03-30T10:09:28","date_gmt":"2026-03-30T09:09:28","guid":{"rendered":"https:\/\/bigbuy.tupique.com\/produto\/smartwatch-apple-black-49-mm-2\/"},"modified":"2026-04-16T19:41:27","modified_gmt":"2026-04-16T18:41:27","slug":"smartwatch-apple-black-49-mm-2","status":"publish","type":"product","link":"https:\/\/bigbuy.tupique.com\/pt\/produto\/smartwatch-apple-black-49-mm-2\/","title":{"rendered":"Montre intelligente Apple Noir 49 mm"},"content":{"rendered":"<p>Si vous \u00eates passionn\u00e9 d&#8217;<b>informatique et d&#8217;\u00e9lectronique<\/b>, si vous \u00eates \u00e0 la pointe de la technologie et qu&#8217;aucun d\u00e9tail ne vous \u00e9chappe, achetez <b>Montre intelligente Apple Noir 49 mm<\/b> au meilleur prix.<\/p>\n<p>L\u2019<b>Apple Watch Ultra 3 GPS + Cellular<\/b> est un <b>smartwatch<\/b> avanc\u00e9 pour utilisateurs d\u2019iPhone qui veulent un contr\u00f4le pr\u00e9cis de l\u2019activit\u00e9, de la sant\u00e9 et de la connectivit\u00e9 mobile directement au poignet. Il int\u00e8gre un <b>\u00e9cran tactile OLED couleur<\/b> de forme <b>rectangulaire<\/b> avec <b>angles arrondis<\/b>, bo\u00eetier d\u2019<b>env. 49 mm<\/b> et diff\u00e9rents bracelets comme la taille <b>L<\/b>, offrant une lecture claire des m\u00e9triques sportives, notifications et applications. Sa construction noire, avec \u00e9tanch\u00e9it\u00e9 jusqu\u2019\u00e0 <b>10 atm \/ 100 m<\/b>, le rend adapt\u00e9 \u00e0 la natation et aux sports nautiques, en enregistrant avec pr\u00e9cision la <b>distance parcourue<\/b> et d\u2019autres param\u00e8tres en mode multisport. C\u00f4t\u00e9 capteurs, il int\u00e8gre un <b>acc\u00e9l\u00e9rom\u00e8tre<\/b>, un <b>gyroscope<\/b>, un <b>altim\u00e8tre<\/b>, un <b>capteur de lumi\u00e8re ambiante<\/b>, un <b>cardiofr\u00e9quencem\u00e8tre<\/b> et un <b>capteur de saturation en oxyg\u00e8ne<\/b>, ainsi qu\u2019un <b>suivi du sommeil<\/b>, pour un contr\u00f4le continu de l\u2019entra\u00eenement et du repos avec donn\u00e9es d\u00e9taill\u00e9es. En connectivit\u00e9, il se distingue par la combinaison de <b>Bluetooth 5.3<\/b> avec <b>Bluetooth Low Energy<\/b>, <b>Wi\u2011Fi<\/b> et <b>GPS<\/b> int\u00e9gr\u00e9s, plus la compatibilit\u00e9 <b>LTE<\/b> et la <b>connexion au r\u00e9seau mobile<\/b>, ce qui permet de recevoir appels, messages et utiliser des donn\u00e9es sans d\u00e9pendre en permanence de l\u2019iPhone, avec le support de <b>Glonass<\/b>, <b>Galileo<\/b> et <b>BeiDou<\/b>. Le processeur \u00e0 <b>2 c\u0153urs (Dual Core)<\/b> et le syst\u00e8me <b>watchOS li\u00e9 \u00e0 iOS<\/b> assurent un fonctionnement fluide avec acc\u00e8s aux apps, fonctions sportives et assistants intelligents comme <b>Siri<\/b>, tandis que la pr\u00e9sence du <b>NFC<\/b> facilite les paiements et autres fonctions de proximit\u00e9 compatibles. Il dispose de <b>64 Go de stockage<\/b> interne pour apps, musique et donn\u00e9es, de haut-parleurs et d\u2019un <b>microphone int\u00e9gr\u00e9<\/b> pour les appels et le contr\u00f4le vocal, et est aliment\u00e9 par une <b>batterie lithium\u2011ion<\/b> avec <b>charge magn\u00e9tique<\/b> incluse avec <b>prise UE<\/b>. La montre propose des fonctions comme <b>alarme<\/b>, alertes d\u2019activit\u00e9, enregistrement multisport et m\u00e9triques sp\u00e9cifiques pour la course, le cyclisme ou d\u2019autres sports, devenant un outil complet pour l\u2019usage quotidien comme pour l\u2019entra\u00eenement intensif. Ce mod\u00e8le se positionne comme une montre connect\u00e9e haute performance dans l\u2019\u00e9cosyst\u00e8me Apple, combinant suivi de sant\u00e9, fonctions sportives et connectivit\u00e9 avanc\u00e9e dans un appareil robuste et polyvalent.<\/p>\n<ul>\n<li>Type de montre: Montre intelligente<\/li>\n<li>Produit \u00e0 brancher: Oui<\/li>\n<li>Bloc d\u2019Alimentation: r\u00e9seau \u00e9lectrique<\/li>\n<li>Type: OLED<\/li>\n<li>Couleur: Noir<\/li>\n<li>Taille:\n<ul>\n<li>38 mm<\/li>\n<li>L<\/li>\n<\/ul>\n<\/li>\n<li>Connectivit\u00e9:\n<ul>\n<li>Bluetooth<\/li>\n<li>Wi-Fi<\/li>\n<li>GPS<\/li>\n<li>NFC<\/li>\n<li>Glonass<\/li>\n<li>BeiDou<\/li>\n<li>Galileo<\/li>\n<li>5G<\/li>\n<li>Bluetooth Low Energy<\/li>\n<li>LTE<\/li>\n<li>Bluetooth 5.3<\/li>\n<\/ul>\n<\/li>\n<li>Compatible:\n<ul>\n<li>iOS<\/li>\n<li>Siri<\/li>\n<\/ul>\n<\/li>\n<li>R\u00e9sistant \u00e0 l&#8217;eau:\n<ul>\n<li>100 m<\/li>\n<li>10 atm<\/li>\n<\/ul>\n<\/li>\n<li>Caract\u00e9ristiques:\n<ul>\n<li>Acc\u00e9l\u00e9rom\u00e8tre<\/li>\n<li>Haut-parleurs int\u00e9gr\u00e9s<\/li>\n<li>Ecran tactile<\/li>\n<li>Capteur de lumi\u00e8re ambiante<\/li>\n<li>Gyroscope<\/li>\n<li>Altim\u00e8tre<\/li>\n<li>Alarme<\/li>\n<li>Microphone int\u00e9gr\u00e9<\/li>\n<li>Distance parcourue<\/li>\n<li>Moniteur de Sommeil<\/li>\n<li>Connexion au r\u00e9seau mobile<\/li>\n<li>Charge magn\u00e9tique<\/li>\n<li>Multisport<\/li>\n<li>Capteur de niveau d&#8217;oxyg\u00e8ne dans le sang<\/li>\n<li>\u00c9cran avec coins arrondis<\/li>\n<\/ul>\n<\/li>\n<li>Fonctions:\n<ul>\n<li>\u00c9cran couleur<\/li>\n<li>Moniteur de Sommeil<\/li>\n<li>Moniteur de fr\u00e9quence cardiaque<\/li>\n<\/ul>\n<\/li>\n<li>Type de batterie:\n<ul>\n<li>Int\u00e9gr\u00e9e<\/li>\n<li>Litio Ion<\/li>\n<\/ul>\n<\/li>\n<li>M\u00e9moire interne: 64 GB<\/li>\n<li>Caisse: 49 mm<\/li>\n<li>Forme: Rectangulaire<\/li>\n<li>Cam\u00e9ra\/Appareil Photo: Non<\/li>\n<li>Chargeur sans fil: Oui<\/li>\n<li>Radio FM: Non<\/li>\n<li>Technologie: OLED<\/li>\n<li>Connexion USB: Non<\/li>\n<li>Sangle: Amovible<\/li>\n<li>M\u00e9moire Flash: 64 MB<\/li>\n<li>Noyaux: 2 Noyaux<\/li>\n<\/ul>","protected":false},"excerpt":{"rendered":"<p><span class=\"unit-info\">29605.0000 &euro; \/ 1 m<\/span><\/p>","protected":false},"featured_media":38487,"comment_status":"open","ping_status":"closed","template":"","meta":[],"product_brand":[979],"product_cat":[575,65,748],"product_tag":[103,59,566,106],"class_list":{"0":"post-38502","1":"product","2":"type-product","3":"status-publish","4":"has-post-thumbnail","6":"product_brand-brandp_533","7":"product_cat-electronique-telephonie-et-tablettes","8":"product_cat-informatique-electronique","9":"product_cat-smartwatches","10":"product_tag-tag_1261","11":"product_tag-tag_1304","12":"product_tag-tag_547","13":"product_tag-tag_1295","15":"first","16":"instock","17":"taxable","18":"shipping-taxable","19":"purchasable","20":"product-type-simple"},"_links":{"self":[{"href":"https:\/\/bigbuy.tupique.com\/pt\/wp-json\/wp\/v2\/product\/38502","targetHints":{"allow":["GET"]}}],"collection":[{"href":"https:\/\/bigbuy.tupique.com\/pt\/wp-json\/wp\/v2\/product"}],"about":[{"href":"https:\/\/bigbuy.tupique.com\/pt\/wp-json\/wp\/v2\/types\/product"}],"replies":[{"embeddable":true,"href":"https:\/\/bigbuy.tupique.com\/pt\/wp-json\/wp\/v2\/comments?post=38502"}],"wp:featuredmedia":[{"embeddable":true,"href":"https:\/\/bigbuy.tupique.com\/pt\/wp-json\/wp\/v2\/media\/38487"}],"wp:attachment":[{"href":"https:\/\/bigbuy.tupique.com\/pt\/wp-json\/wp\/v2\/media?parent=38502"}],"wp:term":[{"taxonomy":"product_brand","embeddable":true,"href":"https:\/\/bigbuy.tupique.com\/pt\/wp-json\/wp\/v2\/product_brand?post=38502"},{"taxonomy":"product_cat","embeddable":true,"href":"https:\/\/bigbuy.tupique.com\/pt\/wp-json\/wp\/v2\/product_cat?post=38502"},{"taxonomy":"product_tag","embeddable":true,"href":"https:\/\/bigbuy.tupique.com\/pt\/wp-json\/wp\/v2\/product_tag?post=38502"}],"curies":[{"name":"wp","href":"https:\/\/api.w.org\/{rel}","templated":true}]}}