{"id":38470,"date":"2026-03-30T10:08:09","date_gmt":"2026-03-30T09:08:09","guid":{"rendered":"https:\/\/bigbuy.tupique.com\/produto\/smartwatch-apple-pink-rose-gold-46-mm\/"},"modified":"2026-05-11T20:02:07","modified_gmt":"2026-05-11T18:02:07","slug":"smartwatch-apple-pink-rose-gold-46-mm","status":"publish","type":"product","link":"https:\/\/bigbuy.tupique.com\/pt\/produto\/smartwatch-apple-pink-rose-gold-46-mm\/","title":{"rendered":"Montre intelligente Apple Rose Rose Or 46 mm"},"content":{"rendered":"<p>Si vous \u00eates passionn\u00e9 d&#8217;<b>informatique et d&#8217;\u00e9lectronique<\/b>, si vous \u00eates \u00e0 la pointe de la technologie et qu&#8217;aucun d\u00e9tail ne vous \u00e9chappe, achetez <b>Montre intelligente Apple Rose Rose Or 46 mm<\/b> au meilleur prix.<\/p>\n<p>La <b>Apple Watch Series 11<\/b> est une <b>smartwatch<\/b> con\u00e7ue pour allier fonctionnalit\u00e9 avanc\u00e9e et design \u00e9l\u00e9gant et confortable. Elle pr\u00e9sente un bo\u00eetier de <b>46 mm<\/b> en <b>aluminium finition or rose<\/b>, offrant l\u00e9g\u00e8ret\u00e9 et r\u00e9sistance, tandis que son bracelet sport de couleur <b>blush clair<\/b> est en <b>caoutchouc<\/b>, garantissant flexibilit\u00e9 et confort lors d\u2019un port prolong\u00e9. Cette montre connect\u00e9e int\u00e8gre une connectivit\u00e9 <b>Bluetooth<\/b> pour une synchronisation facile avec d\u2019autres appareils Apple, facilitant la r\u00e9ception de notifications, appels et le contr\u00f4le de la musique directement au poignet. Son \u00e9cran tactile permet une navigation intuitive et rapide pour acc\u00e9der \u00e0 toutes les fonctions, et est \u00e9quip\u00e9 de capteurs comme l\u2019<b>acc\u00e9l\u00e9rom\u00e8tre<\/b>, qui assure un suivi pr\u00e9cis de l\u2019activit\u00e9 physique et des mouvements. De plus, elle dispose de haut-parleurs int\u00e9gr\u00e9s permettant la diffusion de sons et alertes audibles sans besoin d\u2019\u00e9couteurs. L\u2019ensemble des caract\u00e9ristiques techniques et mat\u00e9riaux premium positionne cet appareil comme une option comp\u00e9titive pour les utilisateurs recherchant une montre connect\u00e9e offrant durabilit\u00e9, style et capacit\u00e9s avanc\u00e9es en suivi et communication. C\u2019est une proposition robuste dans la gamme Apple, destin\u00e9e \u00e0 ceux qui appr\u00e9cient la technologie portable et le design sophistiqu\u00e9.<\/p>\n<ul>\n<li>Type de montre: Montre intelligente<\/li>\n<li>Produit \u00e0 brancher: Oui<\/li>\n<li>Bloc d\u2019Alimentation: r\u00e9seau \u00e9lectrique<\/li>\n<li>Couleur:\n<ul>\n<li>Rose<\/li>\n<li>Rose Or<\/li>\n<\/ul>\n<\/li>\n<li>Taille:\n<ul>\n<li>30 mm<\/li>\n<li>240 mm<\/li>\n<li>39 mm<\/li>\n<li>46 mm<\/li>\n<li>77 mm<\/li>\n<li>M<\/li>\n<li>M\/L<\/li>\n<\/ul>\n<\/li>\n<li>Connectivit\u00e9:\n<ul>\n<li>Bluetooth<\/li>\n<li>Wi-Fi 4 (802.11n)<\/li>\n<li>Wi-Fi<\/li>\n<li>GPS<\/li>\n<li>NFC<\/li>\n<li>Glonass<\/li>\n<li>BeiDou<\/li>\n<li>Galileo<\/li>\n<li>Bluetooth Low Energy<\/li>\n<li>Bluetooth 5.3<\/li>\n<\/ul>\n<\/li>\n<li>Caisse:\n<ul>\n<li>45 mm<\/li>\n<li>46 mm<\/li>\n<\/ul>\n<\/li>\n<li>Poids approx.:\n<ul>\n<li>38 g<\/li>\n<li>300 g<\/li>\n<\/ul>\n<\/li>\n<li>Compatible:\n<ul>\n<li>iOS<\/li>\n<li>Siri<\/li>\n<\/ul>\n<\/li>\n<li>R\u00e9sistant \u00e0 l&#8217;eau: 50 m<\/li>\n<li>Dimensions approx.: 8 x 3 x 24 cm<\/li>\n<li>Mati\u00e8re:\n<ul>\n<li>Caoutchouc<\/li>\n<li>Aluminium<\/li>\n<\/ul>\n<\/li>\n<li>Caract\u00e9ristiques:\n<ul>\n<li>Acc\u00e9l\u00e9rom\u00e8tre<\/li>\n<li>Haut-parleurs int\u00e9gr\u00e9s<\/li>\n<li>Ecran tactile<\/li>\n<li>Capteur de lumi\u00e8re ambiante<\/li>\n<li>Gyroscope<\/li>\n<li>Altim\u00e8tre<\/li>\n<li>Microphone int\u00e9gr\u00e9<\/li>\n<li>Distance parcourue<\/li>\n<li>Moniteur de Sommeil<\/li>\n<li>Charge magn\u00e9tique<\/li>\n<li>Multisport<\/li>\n<li>Capteur de niveau d&#8217;oxyg\u00e8ne dans le sang<\/li>\n<li>\u00c9cran avec coins arrondis<\/li>\n<\/ul>\n<\/li>\n<li>Fonctions:\n<ul>\n<li>\u00c9cran couleur<\/li>\n<li>Moniteur de Sommeil<\/li>\n<li>Moniteur de fr\u00e9quence cardiaque<\/li>\n<\/ul>\n<\/li>\n<li>Type de batterie:\n<ul>\n<li>Int\u00e9gr\u00e9e<\/li>\n<li>Litio Ion<\/li>\n<\/ul>\n<\/li>\n<li>M\u00e9moire interne: 64 GB<\/li>\n<li>Forme: Rectangulaire<\/li>\n<li>Cam\u00e9ra\/Appareil Photo: Non<\/li>\n<li>Chargeur sans fil: Oui<\/li>\n<li>Radio FM: Non<\/li>\n<li>Technologie: OLED<\/li>\n<li>Connexion USB: Non<\/li>\n<li>Sangle: Amovible<\/li>\n<li>Non Inclus: Connexion au r\u00e9seau mobile<\/li>\n<li>M\u00e9moire Flash: 64 MB<\/li>\n<li>Noyaux: 2 Noyaux<\/li>\n<\/ul>","protected":false},"excerpt":{"rendered":"<p><span class=\"unit-info\">8934.9351 &euro; \/ 1 m<\/span><\/p>","protected":false},"featured_media":38455,"comment_status":"open","ping_status":"closed","template":"","meta":[],"product_brand":[979],"product_cat":[575,65,748],"product_tag":[103,59,566,106],"class_list":{"0":"post-38470","1":"product","2":"type-product","3":"status-publish","4":"has-post-thumbnail","6":"product_brand-brandp_533","7":"product_cat-electronique-telephonie-et-tablettes","8":"product_cat-informatique-electronique","9":"product_cat-smartwatches","10":"product_tag-tag_1261","11":"product_tag-tag_1304","12":"product_tag-tag_547","13":"product_tag-tag_1295","15":"first","16":"instock","17":"taxable","18":"shipping-taxable","19":"purchasable","20":"product-type-simple"},"_links":{"self":[{"href":"https:\/\/bigbuy.tupique.com\/pt\/wp-json\/wp\/v2\/product\/38470","targetHints":{"allow":["GET"]}}],"collection":[{"href":"https:\/\/bigbuy.tupique.com\/pt\/wp-json\/wp\/v2\/product"}],"about":[{"href":"https:\/\/bigbuy.tupique.com\/pt\/wp-json\/wp\/v2\/types\/product"}],"replies":[{"embeddable":true,"href":"https:\/\/bigbuy.tupique.com\/pt\/wp-json\/wp\/v2\/comments?post=38470"}],"wp:featuredmedia":[{"embeddable":true,"href":"https:\/\/bigbuy.tupique.com\/pt\/wp-json\/wp\/v2\/media\/38455"}],"wp:attachment":[{"href":"https:\/\/bigbuy.tupique.com\/pt\/wp-json\/wp\/v2\/media?parent=38470"}],"wp:term":[{"taxonomy":"product_brand","embeddable":true,"href":"https:\/\/bigbuy.tupique.com\/pt\/wp-json\/wp\/v2\/product_brand?post=38470"},{"taxonomy":"product_cat","embeddable":true,"href":"https:\/\/bigbuy.tupique.com\/pt\/wp-json\/wp\/v2\/product_cat?post=38470"},{"taxonomy":"product_tag","embeddable":true,"href":"https:\/\/bigbuy.tupique.com\/pt\/wp-json\/wp\/v2\/product_tag?post=38470"}],"curies":[{"name":"wp","href":"https:\/\/api.w.org\/{rel}","templated":true}]}}