{"id":38414,"date":"2026-03-30T10:05:50","date_gmt":"2026-03-30T09:05:50","guid":{"rendered":"https:\/\/bigbuy.tupique.com\/produto\/power-supply-be-quiet-bn332-atx-1600-w-6-w-80-plus-titanium\/"},"modified":"2026-05-11T20:02:06","modified_gmt":"2026-05-11T18:02:06","slug":"power-supply-be-quiet-bn332-atx-1600-w-6-w-80-plus-titanium","status":"publish","type":"product","link":"https:\/\/bigbuy.tupique.com\/pt\/produto\/power-supply-be-quiet-bn332-atx-1600-w-6-w-80-plus-titanium\/","title":{"rendered":"Bloc d\u2019Alimentation Be Quiet! BN332 ATX 1600 W 6 W 80 PLUS Titanium"},"content":{"rendered":"<p>Si vous \u00eates passionn\u00e9 d&#8217;<b>informatique et d&#8217;\u00e9lectronique<\/b>, si vous \u00eates \u00e0 la pointe de la technologie et qu&#8217;aucun d\u00e9tail ne vous \u00e9chappe, achetez <b>Bloc d\u2019Alimentation Be Quiet! BN332 ATX 1600 W 6 W 80 PLUS Titanium<\/b> au meilleur prix.<\/p>\n<p>La <b>Dark Power Pro 13 BN332<\/b> de la marque reconnue <b>Be Quiet!<\/b> est une alimentation essentielle pour les PC hautes performances n\u00e9cessitant une alimentation stable et efficace. Avec une <b>puissance nominale de 1600 W<\/b>, ce mod\u00e8le modulaire permet une gestion optimale des c\u00e2bles, facilitant une installation propre et am\u00e9liorant le flux d\u2019air interne. Il offre \u00e9galement des puissances suppl\u00e9mentaires de <b>150 W et 6 W<\/b> pour alimenter p\u00e9riph\u00e9riques ou composants auxiliaires, t\u00e9moignant de sa conception polyvalente adapt\u00e9e \u00e0 diverses configurations. Parmi ses caract\u00e9ristiques cl\u00e9s, il int\u00e8gre des syst\u00e8mes de protection avanc\u00e9s tels que la <b>protection contre la surchauffe, les courts-circuits et les surtensions<\/b>, garantissant la s\u00e9curit\u00e9 et la durabilit\u00e9 de l\u2019alimentation et du mat\u00e9riel connect\u00e9. Sa finition en <b>noir<\/b> apporte discr\u00e9tion et \u00e9l\u00e9gance \u00e0 l\u2019int\u00e9rieur du bo\u00eetier, conservant un aspect sobre et professionnel. Ce mod\u00e8le est certifi\u00e9 selon les normes europ\u00e9ennes <b>RoHS, CE et WEEE<\/b>, assurant sa conformit\u00e9 aux exigences environnementales et de s\u00e9curit\u00e9 strictes. L\u2019association d\u2019une haute puissance, d\u2019un design modulaire et de multiples protections en fait une solution fiable pour les utilisateurs exigeants et professionnels recherchant une alimentation robuste, efficace et silencieuse. En r\u00e9sum\u00e9, la <b>Dark Power Pro 13 BN332<\/b> est con\u00e7ue pour offrir stabilit\u00e9 et performance continues dans des configurations PC avanc\u00e9es.<\/p>\n<ul>\n<li>Type:\n<ul>\n<li>Bloc d\u2019Alimentation<\/li>\n<li>Modulaire<\/li>\n<\/ul>\n<\/li>\n<li>Type de prise: Prise EU<\/li>\n<li>Produit \u00e0 brancher: Oui<\/li>\n<li>Connexions:\n<ul>\n<li>20+4 pin ATX<\/li>\n<li>4+4 pin<\/li>\n<li>8-pin<\/li>\n<li>6+2 pin x 6<\/li>\n<li>SATA x 16<\/li>\n<li>24 PIN x 1<\/li>\n<li>PCI Express<\/li>\n<\/ul>\n<\/li>\n<li>Utilisation recommand\u00e9e:\n<ul>\n<li>PC de bureau<\/li>\n<li>PC<\/li>\n<\/ul>\n<\/li>\n<li>Caract\u00e9ristiques:\n<ul>\n<li>Protection contre les surtensions<\/li>\n<li>Protection contre les courts-circuits<\/li>\n<li>Protection contre les basses tensions<\/li>\n<li>Protection contre la surtension<\/li>\n<li>protection contre la surchauffe<\/li>\n<\/ul>\n<\/li>\n<li>Facteur de forme: ATX<\/li>\n<li>Fr\u00e9quence:\n<ul>\n<li>50\/60 Hz<\/li>\n<li>50 &#8211; 60 Hz<\/li>\n<\/ul>\n<\/li>\n<li>Ventillateur:\n<ul>\n<li>\u00d8 13,5 cm<\/li>\n<li>x 1<\/li>\n<li>1<\/li>\n<\/ul>\n<\/li>\n<li>Version ATX: 3.0<\/li>\n<li>Poids approx.: 2,44 KG<\/li>\n<li>Long: 20 cm<\/li>\n<li>Tension d&#8217;entr\u00e9e AC: 110 &#8211; 240 V<\/li>\n<li>Dimensions approx.:\n<ul>\n<li>15 x 8,5 x 20 cm<\/li>\n<li>15 cm<\/li>\n<li>20 cm<\/li>\n<li>0,5 m<\/li>\n<li>15,2 cm<\/li>\n<li>8,6 cm<\/li>\n<li>25,3 cm<\/li>\n<\/ul>\n<\/li>\n<li>Certificat:\n<ul>\n<li>RoHS<\/li>\n<li>CE<\/li>\n<li>WEEE<\/li>\n<li>80 PLUS Titanium<\/li>\n<\/ul>\n<\/li>\n<li>Bloc d\u2019Alimentation: r\u00e9seau \u00e9lectrique<\/li>\n<li>Couleur:\n<ul>\n<li>Noir<\/li>\n<li>noir<\/li>\n<\/ul>\n<\/li>\n<li>Compatible:\n<ul>\n<li>PC<\/li>\n<li>ATX<\/li>\n<\/ul>\n<\/li>\n<li>puissance:\n<ul>\n<li>1600 W<\/li>\n<li>150 W<\/li>\n<li>6 W<\/li>\n<\/ul>\n<\/li>\n<li>diam\u00e8tre approx.: \u00d8 135 cm<\/li>\n<li>Inclut: Attaches pour c\u00e2ble en nylon<\/li>\n<li>Largeur: 15 cm<\/li>\n<li>Technologie: FDB<\/li>\n<li>Longueur du c\u00e2ble: 600 cm<\/li>\n<li>Amp\u00e9rage: 25 A<\/li>\n<li>Profondeur: 20 cm<\/li>\n<\/ul>","protected":false},"excerpt":{"rendered":"<p>Si vous \u00eates passionn\u00e9 d&#8217;informatique et d&#8217;\u00e9lectronique, si vous \u00eates \u00e0 la pointe de la technologie et qu&#8217;aucun d\u00e9tail ne vous \u00e9chappe, achetez Bloc d\u2019Alimentation Be Quiet! BN332 ATX 1600 W 6 W 80 PLUS Titanium au meilleur prix. La Dark Power Pro 13 BN332 de la marque reconnue Be Quiet! est une alimentation essentielle [&hellip;]<\/p>\n","protected":false},"featured_media":38389,"comment_status":"open","ping_status":"closed","template":"","meta":[],"product_brand":[1349],"product_cat":[65,584,618],"product_tag":[59,210,106],"class_list":{"0":"post-38414","1":"product","2":"type-product","3":"status-publish","4":"has-post-thumbnail","6":"product_brand-brandp_3377","7":"product_cat-informatique-electronique","8":"product_cat-informatique-reseaux-et-composants","9":"product_cat-sources-d-alimentation","10":"product_tag-tag_1304","11":"product_tag-tag_25","12":"product_tag-tag_1295","14":"first","15":"instock","16":"taxable","17":"shipping-taxable","18":"purchasable","19":"product-type-simple"},"_links":{"self":[{"href":"https:\/\/bigbuy.tupique.com\/pt\/wp-json\/wp\/v2\/product\/38414","targetHints":{"allow":["GET"]}}],"collection":[{"href":"https:\/\/bigbuy.tupique.com\/pt\/wp-json\/wp\/v2\/product"}],"about":[{"href":"https:\/\/bigbuy.tupique.com\/pt\/wp-json\/wp\/v2\/types\/product"}],"replies":[{"embeddable":true,"href":"https:\/\/bigbuy.tupique.com\/pt\/wp-json\/wp\/v2\/comments?post=38414"}],"wp:featuredmedia":[{"embeddable":true,"href":"https:\/\/bigbuy.tupique.com\/pt\/wp-json\/wp\/v2\/media\/38389"}],"wp:attachment":[{"href":"https:\/\/bigbuy.tupique.com\/pt\/wp-json\/wp\/v2\/media?parent=38414"}],"wp:term":[{"taxonomy":"product_brand","embeddable":true,"href":"https:\/\/bigbuy.tupique.com\/pt\/wp-json\/wp\/v2\/product_brand?post=38414"},{"taxonomy":"product_cat","embeddable":true,"href":"https:\/\/bigbuy.tupique.com\/pt\/wp-json\/wp\/v2\/product_cat?post=38414"},{"taxonomy":"product_tag","embeddable":true,"href":"https:\/\/bigbuy.tupique.com\/pt\/wp-json\/wp\/v2\/product_tag?post=38414"}],"curies":[{"name":"wp","href":"https:\/\/api.w.org\/{rel}","templated":true}]}}