{"id":38363,"date":"2026-03-30T10:03:40","date_gmt":"2026-03-30T09:03:40","guid":{"rendered":"https:\/\/bigbuy.tupique.com\/produto\/atx-semi-tower-box-be-quiet-bgw71-black\/"},"modified":"2026-05-11T20:02:06","modified_gmt":"2026-05-11T18:02:06","slug":"atx-semi-tower-box-be-quiet-bgw71-black","status":"publish","type":"product","link":"https:\/\/bigbuy.tupique.com\/pt\/produto\/atx-semi-tower-box-be-quiet-bgw71-black\/","title":{"rendered":"Bo\u00eetier ATX semi-tour Be Quiet! BGW71 Noir"},"content":{"rendered":"<p>Si vous \u00eates passionn\u00e9 d&#8217;<b>informatique et d&#8217;\u00e9lectronique<\/b>, si vous \u00eates \u00e0 la pointe de la technologie et qu&#8217;aucun d\u00e9tail ne vous \u00e9chappe, achetez <b>Bo\u00eetier ATX semi-tour Be Quiet! BGW71 Noir<\/b> au meilleur prix.<\/p>\n<p>Le <b>bo\u00eetier tour moyenne ATX Be Quiet! BGW71<\/b> est une solution polyvalente et moderne con\u00e7ue pour r\u00e9pondre aux besoins des utilisateurs gaming ainsi que des passionn\u00e9s de PC recherchant performance et esth\u00e9tique. Ce bo\u00eetier se distingue par sa construction en <b>acier de haute qualit\u00e9<\/b> offrant robustesse et durabilit\u00e9, associ\u00e9e \u00e0 un panneau lat\u00e9ral en <b>verre tremp\u00e9 multicolore<\/b> qui met \u00e9l\u00e9gamment en valeur l\u2019int\u00e9rieur du PC et son syst\u00e8me d\u2019\u00e9clairage int\u00e9gr\u00e9. Il est con\u00e7u pour \u00eatre compatible avec une large gamme de cartes m\u00e8res, supportant les formats <b>ATX, Micro-ATX, Mini-ITX<\/b> ainsi que <b>EATX<\/b>, offrant ainsi une grande flexibilit\u00e9 pour la configuration mat\u00e9rielle. Son design ax\u00e9 sur le silence, caract\u00e9ristique de la marque Be Quiet!, garantit une r\u00e9duction significative du bruit, id\u00e9al pour ceux qui privil\u00e9gient un environnement de travail ou de jeu discret. L\u2019int\u00e9gration de la technologie d\u2019\u00e9clairage Base Light 900 FX apporte une touche esth\u00e9tique sophistiqu\u00e9e qui valorise l\u2019apparence g\u00e9n\u00e9rale sans compromettre la fonctionnalit\u00e9 ni la circulation de l\u2019air. Le bo\u00eetier combine des \u00e9l\u00e9ments en <b>noir<\/b>, couleur dominante du ch\u00e2ssis, avec des d\u00e9tails multicolores qui donnent du caract\u00e8re au montage final. En r\u00e9sum\u00e9, le BGW71 repr\u00e9sente un choix \u00e9quilibr\u00e9 pour ceux qui recherchent un bo\u00eetier solide, compatible avec du mat\u00e9riel avanc\u00e9 et au design soign\u00e9, r\u00e9pondant aux attentes en mati\u00e8re de performance thermique et de style.<\/p>\n<ul>\n<li>Type:\n<ul>\n<li>Bo\u00eetier ATX semi-tour<\/li>\n<li>Jeux<\/li>\n<li>PC<\/li>\n<li>Tour<\/li>\n<\/ul>\n<\/li>\n<li>Facteur de forme:\n<ul>\n<li>ATX<\/li>\n<li>Mini-ITX<\/li>\n<li>mATX<\/li>\n<\/ul>\n<\/li>\n<li>Bloc d\u2019Alimentation: ATX PS2<\/li>\n<li>Compatible:\n<ul>\n<li>EATX<\/li>\n<li>Kit de refroidissement liquide<\/li>\n<\/ul>\n<\/li>\n<li>Taille:\n<ul>\n<li>3,5&#8243;<\/li>\n<li>2,5&#8243;<\/li>\n<\/ul>\n<\/li>\n<li>Caract\u00e9ristiques:\n<ul>\n<li>Illumination RGB<\/li>\n<li>Interrupteur marche\/arr\u00eat<\/li>\n<li>R\u00e9tro-\u00e9clair\u00e9<\/li>\n<li>Bouton de r\u00e9initialisation<\/li>\n<li>Anti-poussi\u00e8re<\/li>\n<li>Bouton marche\/arr\u00eat<\/li>\n<\/ul>\n<\/li>\n<li>Non Inclus: Bloc d\u2019Alimentation<\/li>\n<li>Ventillateur:\n<ul>\n<li>x 1<\/li>\n<li>\u00d8 12 cm<\/li>\n<li>\u00d8 14 cm<\/li>\n<li>\u00d8 14 cm x 1<\/li>\n<li>x 3<\/li>\n<\/ul>\n<\/li>\n<li>Sortie audio: Oui<\/li>\n<li>Nombre de Baies:\n<ul>\n<li>2,5&#8243; x 4<\/li>\n<li>3,5&#8243; x 1<\/li>\n<\/ul>\n<\/li>\n<li>Mati\u00e8re:\n<ul>\n<li>ABS<\/li>\n<li>verre<\/li>\n<li>SGCC<\/li>\n<\/ul>\n<\/li>\n<li>Connexions:\n<ul>\n<li>USB-C 3.2 x 1<\/li>\n<li>USB 3.2 x 2<\/li>\n<li>USB A 3.2 Gen 2 (3.1 Gen 2) x 2<\/li>\n<li>USB-C 3.2 Gen 2 (3.1 Gen 2)<\/li>\n<li>USB 2.0 x 2<\/li>\n<\/ul>\n<\/li>\n<li>Couleur:\n<ul>\n<li>Multicouleur<\/li>\n<li>Noir<\/li>\n<\/ul>\n<\/li>\n<li>Certificat:\n<ul>\n<li>RoHS<\/li>\n<li>CE<\/li>\n<li>WEEE<\/li>\n<\/ul>\n<\/li>\n<li>Poids approx.: 16,8 kg<\/li>\n<li>Bloc d&#8217;alimentation inclus: Non<\/li>\n<li>Illumination:\n<ul>\n<li>RGB<\/li>\n<li>Multicouleur<\/li>\n<\/ul>\n<\/li>\n<li>Ports:\n<ul>\n<li>Entr\u00e9e audio<\/li>\n<li>Sortie audio<\/li>\n<\/ul>\n<\/li>\n<li>Emplacements d&#8217;extension: 8<\/li>\n<\/ul>","protected":false},"excerpt":{"rendered":"<p>Si vous \u00eates passionn\u00e9 d&#8217;informatique et d&#8217;\u00e9lectronique, si vous \u00eates \u00e0 la pointe de la technologie et qu&#8217;aucun d\u00e9tail ne vous \u00e9chappe, achetez Bo\u00eetier ATX semi-tour Be Quiet! BGW71 Noir au meilleur prix. Le bo\u00eetier tour moyenne ATX Be Quiet! BGW71 est une solution polyvalente et moderne con\u00e7ue pour r\u00e9pondre aux besoins des utilisateurs gaming [&hellip;]<\/p>\n","protected":false},"featured_media":192768,"comment_status":"open","ping_status":"closed","template":"","meta":[],"product_brand":[1349],"product_cat":[615,65,584],"product_tag":[59,106],"class_list":{"0":"post-38363","1":"product","2":"type-product","3":"status-publish","4":"has-post-thumbnail","6":"product_brand-brandp_3377","7":"product_cat-boitiers-et-caisses","8":"product_cat-informatique-electronique","9":"product_cat-informatique-reseaux-et-composants","10":"product_tag-tag_1304","11":"product_tag-tag_1295","13":"first","14":"instock","15":"taxable","16":"shipping-taxable","17":"purchasable","18":"product-type-simple"},"_links":{"self":[{"href":"https:\/\/bigbuy.tupique.com\/pt\/wp-json\/wp\/v2\/product\/38363","targetHints":{"allow":["GET"]}}],"collection":[{"href":"https:\/\/bigbuy.tupique.com\/pt\/wp-json\/wp\/v2\/product"}],"about":[{"href":"https:\/\/bigbuy.tupique.com\/pt\/wp-json\/wp\/v2\/types\/product"}],"replies":[{"embeddable":true,"href":"https:\/\/bigbuy.tupique.com\/pt\/wp-json\/wp\/v2\/comments?post=38363"}],"wp:featuredmedia":[{"embeddable":true,"href":"https:\/\/bigbuy.tupique.com\/pt\/wp-json\/wp\/v2\/media\/192768"}],"wp:attachment":[{"href":"https:\/\/bigbuy.tupique.com\/pt\/wp-json\/wp\/v2\/media?parent=38363"}],"wp:term":[{"taxonomy":"product_brand","embeddable":true,"href":"https:\/\/bigbuy.tupique.com\/pt\/wp-json\/wp\/v2\/product_brand?post=38363"},{"taxonomy":"product_cat","embeddable":true,"href":"https:\/\/bigbuy.tupique.com\/pt\/wp-json\/wp\/v2\/product_cat?post=38363"},{"taxonomy":"product_tag","embeddable":true,"href":"https:\/\/bigbuy.tupique.com\/pt\/wp-json\/wp\/v2\/product_tag?post=38363"}],"curies":[{"name":"wp","href":"https:\/\/api.w.org\/{rel}","templated":true}]}}