{"id":38246,"date":"2026-03-30T09:50:29","date_gmt":"2026-03-30T08:50:29","guid":{"rendered":"https:\/\/bigbuy.tupique.com\/produto\/rucksack-montblanc-220384\/"},"modified":"2026-04-15T05:47:33","modified_gmt":"2026-04-15T04:47:33","slug":"rucksack-montblanc-220384","status":"publish","type":"product","link":"https:\/\/bigbuy.tupique.com\/pt\/produto\/rucksack-montblanc-220384\/","title":{"rendered":"Sac \u00e0 dos Montblanc 220384"},"content":{"rendered":"<p>Si vous \u00eates \u00e0 la recherche de nouvelles tendances sur le march\u00e9, nous vous pr\u00e9sentons <b>Sac \u00e0 dos Montblanc 220384<\/b> !<\/p>\n<ul>\n<li>Type: Sac \u00e0 dos<\/li>\n<\/ul>","protected":false},"excerpt":{"rendered":"<p>Si vous \u00eates \u00e0 la recherche de nouvelles tendances sur le march\u00e9, nous vous pr\u00e9sentons Sac \u00e0 dos Montblanc 220384 ! Type: Sac \u00e0 dos<\/p>","protected":false},"featured_media":38245,"comment_status":"open","ping_status":"closed","template":"","meta":[],"product_brand":[846],"product_cat":[547,544,970],"product_tag":[723],"class_list":{"0":"post-38246","1":"product","2":"type-product","3":"status-publish","4":"has-post-thumbnail","6":"product_brand-brandp_437","7":"product_cat-accessoires","8":"product_cat-mode-accessoires","9":"product_cat-sacs-a-main-et-porte-monnaies","10":"product_tag-tag_1273","12":"first","13":"instock","14":"taxable","15":"shipping-taxable","16":"purchasable","17":"product-type-simple"},"_links":{"self":[{"href":"https:\/\/bigbuy.tupique.com\/pt\/wp-json\/wp\/v2\/product\/38246","targetHints":{"allow":["GET"]}}],"collection":[{"href":"https:\/\/bigbuy.tupique.com\/pt\/wp-json\/wp\/v2\/product"}],"about":[{"href":"https:\/\/bigbuy.tupique.com\/pt\/wp-json\/wp\/v2\/types\/product"}],"replies":[{"embeddable":true,"href":"https:\/\/bigbuy.tupique.com\/pt\/wp-json\/wp\/v2\/comments?post=38246"}],"wp:featuredmedia":[{"embeddable":true,"href":"https:\/\/bigbuy.tupique.com\/pt\/wp-json\/wp\/v2\/media\/38245"}],"wp:attachment":[{"href":"https:\/\/bigbuy.tupique.com\/pt\/wp-json\/wp\/v2\/media?parent=38246"}],"wp:term":[{"taxonomy":"product_brand","embeddable":true,"href":"https:\/\/bigbuy.tupique.com\/pt\/wp-json\/wp\/v2\/product_brand?post=38246"},{"taxonomy":"product_cat","embeddable":true,"href":"https:\/\/bigbuy.tupique.com\/pt\/wp-json\/wp\/v2\/product_cat?post=38246"},{"taxonomy":"product_tag","embeddable":true,"href":"https:\/\/bigbuy.tupique.com\/pt\/wp-json\/wp\/v2\/product_tag?post=38246"}],"curies":[{"name":"wp","href":"https:\/\/api.w.org\/{rel}","templated":true}]}}