{"id":38133,"date":"2026-03-30T09:46:24","date_gmt":"2026-03-30T08:46:24","guid":{"rendered":"https:\/\/bigbuy.tupique.com\/produto\/smartphone-google-pixel-10-5g-63-octa-core-12-gb-ram-128-gb-green\/"},"modified":"2026-04-15T05:47:27","modified_gmt":"2026-04-15T04:47:27","slug":"smartphone-google-pixel-10-5g-63-octa-core-12-gb-ram-128-gb-green","status":"publish","type":"product","link":"https:\/\/bigbuy.tupique.com\/pt\/produto\/smartphone-google-pixel-10-5g-63-octa-core-12-gb-ram-128-gb-green\/","title":{"rendered":"Smartphone Google Pixel 10 5G 6,3&#8243; Octa Core 12 GB RAM 128 GB Vert"},"content":{"rendered":"<p>Si vous \u00eates \u00e0 la recherche de nouvelles tendances sur le march\u00e9, nous vous pr\u00e9sentons <b>Smartphone Google Pixel 10 5G 6,3&#8243; Octa Core 12 GB RAM 128 GB Vert<\/b> !<\/p>\n<p>Le <b>smartphone<\/b> de Google en vert associe un design \u00e9l\u00e9gant \u00e0 des fonctionnalit\u00e9s avanc\u00e9es pens\u00e9es pour l\u2019exp\u00e9rience utilisateur moderne. Dot\u00e9 de <b>12 Go de RAM<\/b>, cet appareil assure des performances fluides et efficaces, m\u00eame lors de l\u2019ex\u00e9cution d\u2019applications exigeantes ou en multit\u00e2che intensif. Son <b>\u00e9cran de 6,3 pouces<\/b> offre une visualisation claire et confortable pour naviguer, profiter de contenus multim\u00e9dias ou passer des appels vid\u00e9o, tandis que le stockage interne de <b>128 Go<\/b> permet de conserver photos, vid\u00e9os et applications sans souci d\u2019espace. L\u2019int\u00e9gration du <b>GPS<\/b> facilite la navigation pr\u00e9cise et la localisation en temps r\u00e9el, renforc\u00e9e par des capteurs comme le <b>barom\u00e8tre<\/b> et le capteur de lumi\u00e8re ambiante, qui optimisent l\u2019adaptation de l\u2019appareil \u00e0 diff\u00e9rents environnements et situations. Fabriqu\u00e9 avec des mat\u00e9riaux de qualit\u00e9, dont de l\u2019<b>aluminium<\/b> et des finitions modernes, ce smartphone est \u00e0 la fois robuste et l\u00e9ger en main. Il int\u00e8gre \u00e9galement la technologie HDR pour am\u00e9liorer la qualit\u00e9 visuelle des images, garantissant des couleurs plus vives et des contrastes \u00e9quilibr\u00e9s en photo comme en vid\u00e9o. L\u2019ensemble est soutenu par l\u2019\u00e9cosyst\u00e8me de services et de mises \u00e0 jour Google, assurant la compatibilit\u00e9 avec les applications et solutions Android les plus r\u00e9centes. Ce mod\u00e8le convient aux utilisateurs recherchant fiabilit\u00e9, grande capacit\u00e9 de stockage et performances avanc\u00e9es dans un t\u00e9l\u00e9phone intelligent moderne.<\/p>\n<ul>\n<li>Type: Smartphone<\/li>\n<li>Produit \u00e0 brancher: Oui<\/li>\n<li>Diagonale de l&#8217;\u00e9cran (cm): 16 cm<\/li>\n<li>Type de prise: Prise EU<\/li>\n<li>Caract\u00e9ristiques:\n<ul>\n<li>St\u00e9r\u00e9o<\/li>\n<li>Chargement rapide<\/li>\n<li>Anti-trace<\/li>\n<li>GPS<\/li>\n<li>Barom\u00e8tre<\/li>\n<li>Capteur de lumi\u00e8re ambiante<\/li>\n<li>HDR<\/li>\n<li>Autofocus<\/li>\n<li>Chargement rapide et fiable<\/li>\n<li>Syst\u00e8me de reconnaissance faciale<\/li>\n<li>Lecteur d&#8217;empreintes<\/li>\n<li>Capteur de proximit\u00e9<\/li>\n<li>Gorilla Glass<\/li>\n<li>\u00c9cran plat<\/li>\n<\/ul>\n<\/li>\n<li>Bloc d\u2019Alimentation: r\u00e9seau \u00e9lectrique<\/li>\n<li>Acc\u00e9l\u00e9rom\u00e8tre: Oui<\/li>\n<li>Stabilisateur d&#8217;image: Oui<\/li>\n<li>GPS: Oui<\/li>\n<li>Connectivit\u00e9:\n<ul>\n<li>GPS<\/li>\n<li>Galileo<\/li>\n<li>4G<\/li>\n<li>Wi-Fi 6E ghz<\/li>\n<li>NFC<\/li>\n<li>Bluetooth<\/li>\n<li>BeiDou<\/li>\n<li>5G<\/li>\n<li>LTE<\/li>\n<li>Wi-Fi 6 GHz<\/li>\n<\/ul>\n<\/li>\n<li>Glonass: Oui<\/li>\n<li>Classification IP: IP68<\/li>\n<li>Gyroscope: Oui<\/li>\n<li>Technologie:\n<ul>\n<li>Corning Gorilla Glass<\/li>\n<li>OLED<\/li>\n<li>Mime<\/li>\n<li>Glonass<\/li>\n<\/ul>\n<\/li>\n<li>Connexions:\n<ul>\n<li>nano SIM<\/li>\n<li>USB-C<\/li>\n<li>Dual SIM<\/li>\n<\/ul>\n<\/li>\n<li>Fonctions:\n<ul>\n<li>Barom\u00e8tre<\/li>\n<li>ECO<\/li>\n<\/ul>\n<\/li>\n<li>Poids approx.: 204 gr<\/li>\n<li>\u00c9lev\u00e9: 15,3 cm<\/li>\n<li>Ecran: 6,3&#8243;<\/li>\n<li>Syst\u00e8me d&#8217;exploitation: Android<\/li>\n<li>puissance: 30 W<\/li>\n<li>Cam\u00e9ra\/Appareil Photo:\n<ul>\n<li>48 MP<\/li>\n<li>13 MP<\/li>\n<li>Frontal<\/li>\n<li>Triple<\/li>\n<\/ul>\n<\/li>\n<li>Processeur: Octa Core<\/li>\n<li>M\u00e9moire RAM: 12 GB RAM<\/li>\n<li>M\u00e9moire interne: 128 GB<\/li>\n<li>Couleur: Vert<\/li>\n<li>Mati\u00e8re: Aluminium<\/li>\n<li>Classification \u00e9nerg\u00e9tique: B<\/li>\n<li>Capteurs:\n<ul>\n<li>Acc\u00e9l\u00e9rom\u00e8tre<\/li>\n<li>Gyroscope<\/li>\n<li>Magn\u00e9tique<\/li>\n<\/ul>\n<\/li>\n<li>Fr\u00e9quence: 120 Hz<\/li>\n<li>Angle: 120\u00ba<\/li>\n<li>Rapport d&#8217;aspect: 20:9<\/li>\n<li>Ouverture: F\/1,7<\/li>\n<li>R\u00e9solution (px): 1080 px<\/li>\n<\/ul>","protected":false},"excerpt":{"rendered":"<p>Si vous \u00eates \u00e0 la recherche de nouvelles tendances sur le march\u00e9, nous vous pr\u00e9sentons Smartphone Google Pixel 10 5G 6,3&#8243; Octa Core 12 GB RAM 128 GB Vert ! Le smartphone de Google en vert associe un design \u00e9l\u00e9gant \u00e0 des fonctionnalit\u00e9s avanc\u00e9es pens\u00e9es pour l\u2019exp\u00e9rience utilisateur moderne. Dot\u00e9 de 12 Go de RAM, [&hellip;]<\/p>\n","protected":false},"featured_media":38122,"comment_status":"open","ping_status":"closed","template":"","meta":[],"product_brand":[1149],"product_cat":[575,65,960],"product_tag":[213,566,106],"class_list":{"0":"post-38133","1":"product","2":"type-product","3":"status-publish","4":"has-post-thumbnail","6":"product_brand-brandp_2817","7":"product_cat-electronique-telephonie-et-tablettes","8":"product_cat-informatique-electronique","9":"product_cat-telephones-portables","10":"product_tag-tag_933","11":"product_tag-tag_547","12":"product_tag-tag_1295","14":"first","15":"instock","16":"taxable","17":"shipping-taxable","18":"purchasable","19":"product-type-simple"},"_links":{"self":[{"href":"https:\/\/bigbuy.tupique.com\/pt\/wp-json\/wp\/v2\/product\/38133","targetHints":{"allow":["GET"]}}],"collection":[{"href":"https:\/\/bigbuy.tupique.com\/pt\/wp-json\/wp\/v2\/product"}],"about":[{"href":"https:\/\/bigbuy.tupique.com\/pt\/wp-json\/wp\/v2\/types\/product"}],"replies":[{"embeddable":true,"href":"https:\/\/bigbuy.tupique.com\/pt\/wp-json\/wp\/v2\/comments?post=38133"}],"wp:featuredmedia":[{"embeddable":true,"href":"https:\/\/bigbuy.tupique.com\/pt\/wp-json\/wp\/v2\/media\/38122"}],"wp:attachment":[{"href":"https:\/\/bigbuy.tupique.com\/pt\/wp-json\/wp\/v2\/media?parent=38133"}],"wp:term":[{"taxonomy":"product_brand","embeddable":true,"href":"https:\/\/bigbuy.tupique.com\/pt\/wp-json\/wp\/v2\/product_brand?post=38133"},{"taxonomy":"product_cat","embeddable":true,"href":"https:\/\/bigbuy.tupique.com\/pt\/wp-json\/wp\/v2\/product_cat?post=38133"},{"taxonomy":"product_tag","embeddable":true,"href":"https:\/\/bigbuy.tupique.com\/pt\/wp-json\/wp\/v2\/product_tag?post=38133"}],"curies":[{"name":"wp","href":"https:\/\/api.w.org\/{rel}","templated":true}]}}