{"id":38121,"date":"2026-03-30T09:45:56","date_gmt":"2026-03-30T08:45:56","guid":{"rendered":"https:\/\/bigbuy.tupique.com\/produto\/switch-netgear-xs724tm-100eus\/"},"modified":"2026-05-11T20:00:01","modified_gmt":"2026-05-11T18:00:01","slug":"switch-netgear-xs724tm-100eus","status":"publish","type":"product","link":"https:\/\/bigbuy.tupique.com\/pt\/produto\/switch-netgear-xs724tm-100eus\/","title":{"rendered":"Switch Netgear XS724TM-100EUS"},"content":{"rendered":"<p>Si vous \u00eates \u00e0 la recherche de nouvelles tendances sur le march\u00e9, nous vous pr\u00e9sentons <b>Switch Netgear XS724TM-100EUS<\/b> !<\/p>\n<p>Le <b>Netgear XS724TM-100EUS<\/b> est un <b>switch<\/b> manageable haute performance con\u00e7u pour des environnements professionnels n\u00e9cessitant une gestion avanc\u00e9e et une connectivit\u00e9 efficace. Cet appareil de couleur <b>gris<\/b> pr\u00e9sente un format compact d\u2019environ <b>40 cm<\/b> de long, id\u00e9al pour un montage en rack, facilitant ainsi son int\u00e9gration dans les infrastructures r\u00e9seau d\u2019entreprise. Compatible avec les couches L2, L3 et L4, le switch offre des fonctions avanc\u00e9es de commutation et de routage, permettant un contr\u00f4le approfondi du trafic r\u00e9seau aux niveaux liaison, r\u00e9seau et transport. Sa capacit\u00e9 de commutation atteint <b>560 Gbit\/s<\/b>, assurant un transfert fluide de gros volumes de donn\u00e9es et un fonctionnement bidirectionnel en <b>full duplex<\/b> pour optimiser la communication simultan\u00e9e entre n\u0153uds. La table d\u2019adresses MAC, pouvant contenir jusqu\u2019\u00e0 <b>16 000 entr\u00e9es<\/b>, garantit une gestion efficace des appareils connect\u00e9s, offrant stabilit\u00e9 et \u00e9volutivit\u00e9 pour les r\u00e9seaux multi-\u00e9quipements. Sur le plan physique, il int\u00e8gre <b>24 ports<\/b> avec support multislot et diverses options de connectivit\u00e9 propres au mod\u00e8le, tout en permettant un montage robuste et s\u00e9curis\u00e9 dans des racks standards, facilitant maintenance et organisation en environnements techniques. La combinaison de ses capacit\u00e9s techniques et de son design fonctionnel fait du <b>Netgear XS724TM<\/b> une solution fiable pour les entreprises recherchant un <b>switch manageable<\/b> \u00e0 large bande passante, polyvalent en gestion du trafic et performant. Cette unit\u00e9 repr\u00e9sente un choix \u00e9quilibr\u00e9 entre performance et flexibilit\u00e9 pour des infrastructures r\u00e9seau exigeantes et en expansion constante.<\/p>\n<ul>\n<li>Produit \u00e0 brancher: Oui<\/li>\n<li>Type: Switch<\/li>\n<li>Type de prise: Prise EU<\/li>\n<li>Bloc d\u2019Alimentation:\n<ul>\n<li>r\u00e9seau \u00e9lectrique<\/li>\n<li>Incluses<\/li>\n<\/ul>\n<\/li>\n<li>Couleur: Gris<\/li>\n<li>Ventillateur: 3<\/li>\n<li>M\u00e9moire Flash: 256 MB<\/li>\n<li>Largeur: 40 cm<\/li>\n<li>Support: Multisupport<\/li>\n<li>N\u00b0 de rainures: 4<\/li>\n<li>Caract\u00e9ristiques:\n<ul>\n<li>T\u00e9moin de fonctionnement LED<\/li>\n<li>Protection des donn\u00e9es\/mot de passe<\/li>\n<\/ul>\n<\/li>\n<li>Temp\u00e9rature approximative: &#8211; 20\u00baC \/ 70\u00b0C<\/li>\n<li>S\u00e9curit\u00e9: IGMP<\/li>\n<li>Type de m\u00e9moire: RAM<\/li>\n<\/ul>","protected":false},"excerpt":{"rendered":"<p>Si vous \u00eates \u00e0 la recherche de nouvelles tendances sur le march\u00e9, nous vous pr\u00e9sentons Switch Netgear XS724TM-100EUS ! Le Netgear XS724TM-100EUS est un switch manageable haute performance con\u00e7u pour des environnements professionnels n\u00e9cessitant une gestion avanc\u00e9e et une connectivit\u00e9 efficace. Cet appareil de couleur gris pr\u00e9sente un format compact d\u2019environ 40 cm de long, [&hellip;]<\/p>\n","protected":false},"featured_media":38117,"comment_status":"open","ping_status":"closed","template":"","meta":[],"product_brand":[633],"product_cat":[65,584,585],"product_tag":[106],"class_list":{"0":"post-38121","1":"product","2":"type-product","3":"status-publish","4":"has-post-thumbnail","6":"product_brand-brandp_567","7":"product_cat-informatique-electronique","8":"product_cat-informatique-reseaux-et-composants","9":"product_cat-switch","10":"product_tag-tag_1295","12":"first","13":"instock","14":"taxable","15":"shipping-taxable","16":"purchasable","17":"product-type-simple"},"_links":{"self":[{"href":"https:\/\/bigbuy.tupique.com\/pt\/wp-json\/wp\/v2\/product\/38121","targetHints":{"allow":["GET"]}}],"collection":[{"href":"https:\/\/bigbuy.tupique.com\/pt\/wp-json\/wp\/v2\/product"}],"about":[{"href":"https:\/\/bigbuy.tupique.com\/pt\/wp-json\/wp\/v2\/types\/product"}],"replies":[{"embeddable":true,"href":"https:\/\/bigbuy.tupique.com\/pt\/wp-json\/wp\/v2\/comments?post=38121"}],"wp:featuredmedia":[{"embeddable":true,"href":"https:\/\/bigbuy.tupique.com\/pt\/wp-json\/wp\/v2\/media\/38117"}],"wp:attachment":[{"href":"https:\/\/bigbuy.tupique.com\/pt\/wp-json\/wp\/v2\/media?parent=38121"}],"wp:term":[{"taxonomy":"product_brand","embeddable":true,"href":"https:\/\/bigbuy.tupique.com\/pt\/wp-json\/wp\/v2\/product_brand?post=38121"},{"taxonomy":"product_cat","embeddable":true,"href":"https:\/\/bigbuy.tupique.com\/pt\/wp-json\/wp\/v2\/product_cat?post=38121"},{"taxonomy":"product_tag","embeddable":true,"href":"https:\/\/bigbuy.tupique.com\/pt\/wp-json\/wp\/v2\/product_tag?post=38121"}],"curies":[{"name":"wp","href":"https:\/\/api.w.org\/{rel}","templated":true}]}}