{"id":37928,"date":"2026-03-30T09:30:30","date_gmt":"2026-03-30T08:30:30","guid":{"rendered":"https:\/\/bigbuy.tupique.com\/produto\/smartphone-apple-iphone-air-65-hexa-core-12-gb-ram-256-gb-blue\/"},"modified":"2026-05-11T19:55:43","modified_gmt":"2026-05-11T17:55:43","slug":"smartphone-apple-iphone-air-65-hexa-core-12-gb-ram-256-gb-blue","status":"publish","type":"product","link":"https:\/\/bigbuy.tupique.com\/pt\/produto\/smartphone-apple-iphone-air-65-hexa-core-12-gb-ram-256-gb-blue\/","title":{"rendered":"Smartphone Apple Iphone Air 6,5&#8243; Hexa Core 12 GB RAM 256 GB Bleu"},"content":{"rendered":"<p>Si vous \u00eates \u00e0 la recherche de nouvelles tendances sur le march\u00e9, nous vous pr\u00e9sentons <b>Smartphone Apple Iphone Air 6,5&#8243; Hexa Core 12 GB RAM 256 GB Bleu<\/b> !<\/p>\n<p>L\u2019<b>Apple iPhone Air<\/b> est un <b>smartphone<\/b> haut de gamme con\u00e7u pour offrir un \u00e9quilibre avanc\u00e9 entre performances, connectivit\u00e9 et affichage. Il int\u00e8gre le puissant <b>chip A19 Pro \u00e0 6 c\u0153urs (Hexa Core)<\/b>, optimis\u00e9 pour ex\u00e9cuter des t\u00e2ches exigeantes, des jeux et les fonctions <b>Apple Intelligence<\/b> avec une grande fluidit\u00e9, soutenu par <b>12 Go de RAM<\/b> pour un multit\u00e2che stable m\u00eame avec plusieurs apps ouvertes. Son <b>\u00e9cran OLED plat de 6,5&#8243;<\/b> avec <b>fr\u00e9quence de rafra\u00eechissement de 120 Hz<\/b>, luminosit\u00e9 de <b>1000 cd\/m\u00b2<\/b> et r\u00e9solution <b>3840 x 2160 px<\/b> offre des images tr\u00e8s nettes, des couleurs intenses et une grande fluidit\u00e9 dans les d\u00e9filements et animations, id\u00e9al pour la vid\u00e9o haute d\u00e9finition et le jeu. Le stockage interne de <b>256 Go<\/b> permet de conserver de nombreuses photos, vid\u00e9os, apps et contenus sans se soucier de l\u2019espace. C\u00f4t\u00e9 photo, il int\u00e8gre un <b>appareil photo arri\u00e8re de 48 MP avec stabilisateur d\u2019image<\/b> et autofocus, capable d\u2019enregistrer en haute r\u00e9solution et de tirer parti de technologies comme le <b>HDR<\/b> pour am\u00e9liorer la plage dynamique, ainsi qu\u2019une cam\u00e9ra frontale con\u00e7ue pour des <b>appels vid\u00e9o<\/b> clairs et nets. Le syst\u00e8me comprend un <b>reconnaissance faciale<\/b> pour un d\u00e9verrouillage s\u00e9curis\u00e9, ainsi que des capteurs avanc\u00e9s comme <b>acc\u00e9l\u00e9rom\u00e8tre, gyroscope, barom\u00e8tre, capteur de proximit\u00e9 et capteur de lumi\u00e8re ambiante<\/b>, qui am\u00e9liorent l\u2019exp\u00e9rience de jeu, de r\u00e9alit\u00e9 augment\u00e9e et le r\u00e9glage automatique de l\u2019\u00e9cran. En connectivit\u00e9, il se distingue par sa compatibilit\u00e9 <b>5G<\/b>, <b>Wi\u2011Fi 7 avec MIMO<\/b>, <b>Bluetooth<\/b>, <b>NFC<\/b> et de multiples syst\u00e8mes de positionnement (<b>GPS, Glonass, BeiDou et g\u00e9olocalisation par Wi\u2011Fi<\/b>), offrant une navigation pr\u00e9cise et des services de localisation fiables. Il prend en charge la <b>Dual SIM avec eSIM<\/b>, facilitant la gestion de lignes personnelles et professionnelles sur un m\u00eame appareil. Pour la charge, il dispose d\u2019un port <b>USB\u2011C (USB 2.0)<\/b>, compatible avec la <b>charge rapide 20 W<\/b>, le <b>chargeur sans fil<\/b> et un syst\u00e8me de fixation <b>magn\u00e9tique<\/b>, s\u2019appuyant sur une batterie <b>ion\u2011lithium<\/b> optimis\u00e9e pour offrir une autonomie prolong\u00e9e et une charge rapide et s\u00fbre. L\u2019appareil est fourni avec un <b>adaptateur secteur (prise UE)<\/b> et une <b>notice d\u2019installation incluse<\/b>, fonctionne sous <b>iOS<\/b> et int\u00e8gre des fonctions comme la vibration, le haut\u2011parleur int\u00e9gr\u00e9, les SMS, l\u2019activation vocale et des options ECO d\u2019efficacit\u00e9 \u00e9nerg\u00e9tique. La finition en <b>bleu<\/b> et l\u2019<b>\u00e9cran aux coins arrondis<\/b> compl\u00e8tent un appareil qui se positionne comme une solution tr\u00e8s compl\u00e8te au sein de l\u2019\u00e9cosyst\u00e8me Apple, pens\u00e9 pour ceux qui recherchent un terminal moderne, puissant et tr\u00e8s bien connect\u00e9 pour un usage intensif au quotidien.<\/p>\n<ul>\n<li>Diagonale de l&#8217;\u00e9cran (cm): 16,5 cm<\/li>\n<li>Produit \u00e0 brancher: Oui<\/li>\n<li>Type de prise: Prise EU<\/li>\n<li>Type: Smartphone<\/li>\n<li>Bloc d\u2019Alimentation: r\u00e9seau \u00e9lectrique<\/li>\n<li>Ecran: 6,5&#8243;<\/li>\n<li>Syst\u00e8me d&#8217;exploitation: iOS<\/li>\n<li>puissance: 20 W<\/li>\n<li>Connectivit\u00e9:\n<ul>\n<li>NFC<\/li>\n<li>5G<\/li>\n<li>Bluetooth<\/li>\n<li>Wi-Fi<\/li>\n<li>BeiDou<\/li>\n<li>Positionnement de Wi-Fi<\/li>\n<li>eSIM<\/li>\n<li>WI-FI 7<\/li>\n<\/ul>\n<\/li>\n<li>Cam\u00e9ra\/Appareil Photo:\n<ul>\n<li>48 MP<\/li>\n<li>Frontal<\/li>\n<li>Arri\u00e8re<\/li>\n<\/ul>\n<\/li>\n<li>Connexions:\n<ul>\n<li>USB-C<\/li>\n<li>USB<\/li>\n<li>USB 2.0<\/li>\n<li>Dual SIM<\/li>\n<\/ul>\n<\/li>\n<li>Processeur:\n<ul>\n<li>Hexa Core<\/li>\n<li>A19 Pro<\/li>\n<\/ul>\n<\/li>\n<li>M\u00e9moire RAM: 12 GB RAM<\/li>\n<li>M\u00e9moire interne: 256 GB<\/li>\n<li>Couleur: Bleu<\/li>\n<li>Caract\u00e9ristiques:\n<ul>\n<li>GPS<\/li>\n<li>Barom\u00e8tre<\/li>\n<li>Capteur de lumi\u00e8re ambiante<\/li>\n<li>Appel vid\u00e9o<\/li>\n<li>HDR<\/li>\n<li>Autofocus<\/li>\n<li>Activation vocale<\/li>\n<li>Guide d&#8217;installation inclus<\/li>\n<li>Chargement rapide et fiable<\/li>\n<li>SMS<\/li>\n<li>Chargeur sans fil<\/li>\n<li>Syst\u00e8me de reconnaissance faciale<\/li>\n<li>Stabilisateur d&#8217;image<\/li>\n<li>Capteur de proximit\u00e9<\/li>\n<li>\u00c9cran avec coins arrondis<\/li>\n<li>\u00c9cran plat<\/li>\n<\/ul>\n<\/li>\n<li>Zoom Num\u00e9rique: 10x<\/li>\n<li>Classification \u00e9nerg\u00e9tique: A<\/li>\n<li>Capteurs:\n<ul>\n<li>Acc\u00e9l\u00e9rom\u00e8tre<\/li>\n<li>Gyroscope<\/li>\n<li>Magn\u00e9tique<\/li>\n<\/ul>\n<\/li>\n<li>Inclut: Haut-parleur<\/li>\n<li>3D: Non<\/li>\n<li>Fonctions:\n<ul>\n<li>ECO<\/li>\n<li>G\u00e9olocalisation<\/li>\n<li>Vibration<\/li>\n<\/ul>\n<\/li>\n<li>Technologie:\n<ul>\n<li>Mime<\/li>\n<li>Glonass<\/li>\n<li>OLED<\/li>\n<\/ul>\n<\/li>\n<li>Brille: 1000 cd\/m\u00b2<\/li>\n<li>Non Inclus: Adaptateur AC<\/li>\n<li>Fr\u00e9quence: 120 Hz<\/li>\n<li>Flash: Non<\/li>\n<li>Type de batterie: Litio Ion<\/li>\n<li>Noyaux: 6 Noyaux<\/li>\n<li>R\u00e9solution (px):\n<ul>\n<li>3840 x 2160 px<\/li>\n<li>2160 px<\/li>\n<\/ul>\n<\/li>\n<li>Dispositif intelligent: Apple Intelligence<\/li>\n<\/ul>","protected":false},"excerpt":{"rendered":"<p>Si vous \u00eates \u00e0 la recherche de nouvelles tendances sur le march\u00e9, nous vous pr\u00e9sentons Smartphone Apple Iphone Air 6,5&#8243; Hexa Core 12 GB RAM 256 GB Bleu ! L\u2019Apple iPhone Air est un smartphone haut de gamme con\u00e7u pour offrir un \u00e9quilibre avanc\u00e9 entre performances, connectivit\u00e9 et affichage. Il int\u00e8gre le puissant chip A19 [&hellip;]<\/p>\n","protected":false},"featured_media":37914,"comment_status":"open","ping_status":"closed","template":"","meta":[],"product_brand":[979],"product_cat":[575,65,960],"product_tag":[213,566,106],"class_list":{"0":"post-37928","1":"product","2":"type-product","3":"status-publish","4":"has-post-thumbnail","6":"product_brand-brandp_533","7":"product_cat-electronique-telephonie-et-tablettes","8":"product_cat-informatique-electronique","9":"product_cat-telephones-portables","10":"product_tag-tag_933","11":"product_tag-tag_547","12":"product_tag-tag_1295","14":"first","15":"instock","16":"taxable","17":"shipping-taxable","18":"purchasable","19":"product-type-simple"},"_links":{"self":[{"href":"https:\/\/bigbuy.tupique.com\/pt\/wp-json\/wp\/v2\/product\/37928","targetHints":{"allow":["GET"]}}],"collection":[{"href":"https:\/\/bigbuy.tupique.com\/pt\/wp-json\/wp\/v2\/product"}],"about":[{"href":"https:\/\/bigbuy.tupique.com\/pt\/wp-json\/wp\/v2\/types\/product"}],"replies":[{"embeddable":true,"href":"https:\/\/bigbuy.tupique.com\/pt\/wp-json\/wp\/v2\/comments?post=37928"}],"wp:featuredmedia":[{"embeddable":true,"href":"https:\/\/bigbuy.tupique.com\/pt\/wp-json\/wp\/v2\/media\/37914"}],"wp:attachment":[{"href":"https:\/\/bigbuy.tupique.com\/pt\/wp-json\/wp\/v2\/media?parent=37928"}],"wp:term":[{"taxonomy":"product_brand","embeddable":true,"href":"https:\/\/bigbuy.tupique.com\/pt\/wp-json\/wp\/v2\/product_brand?post=37928"},{"taxonomy":"product_cat","embeddable":true,"href":"https:\/\/bigbuy.tupique.com\/pt\/wp-json\/wp\/v2\/product_cat?post=37928"},{"taxonomy":"product_tag","embeddable":true,"href":"https:\/\/bigbuy.tupique.com\/pt\/wp-json\/wp\/v2\/product_tag?post=37928"}],"curies":[{"name":"wp","href":"https:\/\/api.w.org\/{rel}","templated":true}]}}