{"id":37533,"date":"2026-03-30T08:59:55","date_gmt":"2026-03-30T07:59:55","guid":{"rendered":"https:\/\/bigbuy.tupique.com\/produto\/smartphone-samsung-galaxy-s25-fe-5g-67-8-gb-ram-128-gb-white\/"},"modified":"2026-04-17T00:05:48","modified_gmt":"2026-04-16T23:05:48","slug":"smartphone-samsung-galaxy-s25-fe-5g-67-8-gb-ram-128-gb-white","status":"publish","type":"product","link":"https:\/\/bigbuy.tupique.com\/pt\/produto\/smartphone-samsung-galaxy-s25-fe-5g-67-8-gb-ram-128-gb-white\/","title":{"rendered":"Smartphone Samsung Galaxy S25 FE 5G 6,7&#8243; 8 GB RAM 128 GB Blanc"},"content":{"rendered":"<p>Si vous \u00eates \u00e0 la recherche de nouvelles tendances sur le march\u00e9, nous vous pr\u00e9sentons <b>Smartphone Samsung Galaxy S25 FE 5G 6,7&#8243; 8 GB RAM 128 GB Blanc<\/b> !<\/p>\n<p>Le <b>Samsung Galaxy S25 FE 5G<\/b> est un <b>smartphone<\/b> avanc\u00e9 qui allie design, robustesse et performance pour ceux qui recherchent un \u00e9quilibre entre technologie et style. Dot\u00e9 de <b>8 Go de RAM<\/b> et de <b>128 Go de stockage interne<\/b>, ce mod\u00e8le permet d\u2019ex\u00e9cuter plusieurs applications en toute fluidit\u00e9 et de stocker de nombreux fichiers, photos et vid\u00e9os sans souci d\u2019espace. Son <b>\u00e9cran de 6,7 pouces<\/b> offre une surface large et lumineuse pour une exp\u00e9rience visuelle confortable et immersive, id\u00e9ale pour le divertissement comme pour le travail quotidien. Con\u00e7u en <b>aluminium<\/b> avec une finition blanche \u00e9l\u00e9gante, il apporte une touche moderne tout en assurant solidit\u00e9 et l\u00e9g\u00e8ret\u00e9 \u00e0 l\u2019usage. Parmi ses atouts figurent la <b>r\u00e9sistance \u00e0 l\u2019eau et \u00e0 la poussi\u00e8re<\/b>, offrant une protection suppl\u00e9mentaire au quotidien, ainsi qu\u2019un <b>capteur de luminosit\u00e9 ambiante<\/b> qui ajuste automatiquement la brillance de l\u2019\u00e9cran selon l\u2019environnement, et des technologies telles que le <b>GPS<\/b> pour une navigation pr\u00e9cise et le <b>barom\u00e8tre<\/b> utile pour les activit\u00e9s en ext\u00e9rieur. Gr\u00e2ce \u00e0 l\u2019int\u00e9gration de l\u2019\u00e9cosyst\u00e8me Samsung et \u00e0 ses fonctionnalit\u00e9s intelligentes, ce mod\u00e8le se positionne comme un choix polyvalent et fiable, capable de r\u00e9pondre aussi bien aux besoins professionnels qu\u2019aux loisirs avanc\u00e9s. Le Samsung Galaxy S25 FE 5G r\u00e9pond aux attentes des utilisateurs qui appr\u00e9cient la fonctionnalit\u00e9, la durabilit\u00e9 et un design soign\u00e9 dans leur appareil mobile.<\/p>\n<ul>\n<li>Diagonale de l&#8217;\u00e9cran (cm): 17 cm<\/li>\n<li>Produit \u00e0 brancher: Oui<\/li>\n<li>Type: Smartphone<\/li>\n<li>Type de prise: Prise EU<\/li>\n<li>Bloc d\u2019Alimentation:\n<ul>\n<li>r\u00e9seau \u00e9lectrique<\/li>\n<li>USB<\/li>\n<\/ul>\n<\/li>\n<li>Capacit\u00e9 de la batterie: 4900 mAh<\/li>\n<li>Ecran: 6,7&#8243;<\/li>\n<li>Syst\u00e8me d&#8217;exploitation:\n<ul>\n<li>Android<\/li>\n<li>Android 13<\/li>\n<\/ul>\n<\/li>\n<li>puissance: 45 W<\/li>\n<li>Connectivit\u00e9:\n<ul>\n<li>NFC<\/li>\n<li>Bluetooth<\/li>\n<li>Wi-Fi<\/li>\n<li>BeiDou<\/li>\n<li>5G<\/li>\n<li>WCDMA<\/li>\n<li>Wi-Fi 6 GHz<\/li>\n<\/ul>\n<\/li>\n<li>Cam\u00e9ra\/Appareil Photo:\n<ul>\n<li>12 mpx<\/li>\n<li>50 Mp<\/li>\n<li>8 MP<\/li>\n<li>12 MP<\/li>\n<li>Frontal<\/li>\n<li>Triple<\/li>\n<\/ul>\n<\/li>\n<li>Connexions:\n<ul>\n<li>USB-C<\/li>\n<li>Dual SIM<\/li>\n<li>USB 3.2<\/li>\n<\/ul>\n<\/li>\n<li>M\u00e9moire RAM: 8 GB RAM<\/li>\n<li>M\u00e9moire interne: 128 GB<\/li>\n<li>Couleur: Blanc<\/li>\n<li>Mati\u00e8re: Aluminium<\/li>\n<li>Caract\u00e9ristiques:\n<ul>\n<li>GPS<\/li>\n<li>Barom\u00e8tre<\/li>\n<li>Capteur de lumi\u00e8re ambiante<\/li>\n<li>R\u00e9sistant \u00e0 l&#8217;eau et \u00e0 la poussi\u00e8re<\/li>\n<li>Autofocus<\/li>\n<li>SMS<\/li>\n<li>Lecteur d&#8217;empreintes<\/li>\n<li>Capteur g\u00e9omagn\u00e9tique<\/li>\n<li>Capteur de proximit\u00e9<\/li>\n<li>Gorilla Glass<\/li>\n<li>\u00c9cran plat<\/li>\n<\/ul>\n<\/li>\n<li>Classification \u00e9nerg\u00e9tique: B<\/li>\n<li>Ouverture: F\/1,8<\/li>\n<li>Capteurs:\n<ul>\n<li>Acc\u00e9l\u00e9rom\u00e8tre<\/li>\n<li>Gyroscope<\/li>\n<li>Magn\u00e9tom\u00e8tre<\/li>\n<\/ul>\n<\/li>\n<li>Technologie:\n<ul>\n<li>Mime<\/li>\n<li>Glonass<\/li>\n<\/ul>\n<\/li>\n<li>R\u00e9solution:\n<ul>\n<li>2340 x 1080 px<\/li>\n<li>1080 x 2340 px<\/li>\n<\/ul>\n<\/li>\n<li>Non Inclus: Adaptateur AC<\/li>\n<li>Fr\u00e9quence: 120 Hz<\/li>\n<li>Zoom Num\u00e9rique: 30x<\/li>\n<li>Noyaux: 10 Noyaux<\/li>\n<li>vitesse: 3.2 GHz<\/li>\n<li>R\u00e9solution (px): 7680 x 4320 px<\/li>\n<\/ul>","protected":false},"excerpt":{"rendered":"<p>Si vous \u00eates \u00e0 la recherche de nouvelles tendances sur le march\u00e9, nous vous pr\u00e9sentons Smartphone Samsung Galaxy S25 FE 5G 6,7&#8243; 8 GB RAM 128 GB Blanc ! Le Samsung Galaxy S25 FE 5G est un smartphone avanc\u00e9 qui allie design, robustesse et performance pour ceux qui recherchent un \u00e9quilibre entre technologie et style. [&hellip;]<\/p>\n","protected":false},"featured_media":37525,"comment_status":"open","ping_status":"closed","template":"","meta":[],"product_brand":[183],"product_cat":[575,65,960],"product_tag":[213,566,106],"class_list":{"0":"post-37533","1":"product","2":"type-product","3":"status-publish","4":"has-post-thumbnail","6":"product_brand-brandp_576","7":"product_cat-electronique-telephonie-et-tablettes","8":"product_cat-informatique-electronique","9":"product_cat-telephones-portables","10":"product_tag-tag_933","11":"product_tag-tag_547","12":"product_tag-tag_1295","14":"first","15":"instock","16":"taxable","17":"shipping-taxable","18":"purchasable","19":"product-type-simple"},"_links":{"self":[{"href":"https:\/\/bigbuy.tupique.com\/pt\/wp-json\/wp\/v2\/product\/37533","targetHints":{"allow":["GET"]}}],"collection":[{"href":"https:\/\/bigbuy.tupique.com\/pt\/wp-json\/wp\/v2\/product"}],"about":[{"href":"https:\/\/bigbuy.tupique.com\/pt\/wp-json\/wp\/v2\/types\/product"}],"replies":[{"embeddable":true,"href":"https:\/\/bigbuy.tupique.com\/pt\/wp-json\/wp\/v2\/comments?post=37533"}],"wp:featuredmedia":[{"embeddable":true,"href":"https:\/\/bigbuy.tupique.com\/pt\/wp-json\/wp\/v2\/media\/37525"}],"wp:attachment":[{"href":"https:\/\/bigbuy.tupique.com\/pt\/wp-json\/wp\/v2\/media?parent=37533"}],"wp:term":[{"taxonomy":"product_brand","embeddable":true,"href":"https:\/\/bigbuy.tupique.com\/pt\/wp-json\/wp\/v2\/product_brand?post=37533"},{"taxonomy":"product_cat","embeddable":true,"href":"https:\/\/bigbuy.tupique.com\/pt\/wp-json\/wp\/v2\/product_cat?post=37533"},{"taxonomy":"product_tag","embeddable":true,"href":"https:\/\/bigbuy.tupique.com\/pt\/wp-json\/wp\/v2\/product_tag?post=37533"}],"curies":[{"name":"wp","href":"https:\/\/api.w.org\/{rel}","templated":true}]}}