{"id":37416,"date":"2026-03-30T08:46:53","date_gmt":"2026-03-30T07:46:53","guid":{"rendered":"https:\/\/bigbuy.tupique.com\/produto\/atx-semi-tower-box-corsair-6500x-white\/"},"modified":"2026-04-16T16:51:38","modified_gmt":"2026-04-16T15:51:38","slug":"atx-semi-tower-box-corsair-6500x-white","status":"publish","type":"product","link":"https:\/\/bigbuy.tupique.com\/pt\/produto\/atx-semi-tower-box-corsair-6500x-white\/","title":{"rendered":"Bo\u00eetier ATX semi-tour Corsair 6500X Blanc"},"content":{"rendered":"<p>Si vous \u00eates \u00e0 la recherche de nouvelles tendances sur le march\u00e9, nous vous pr\u00e9sentons <b>Bo\u00eetier ATX semi-tour Corsair 6500X Blanc<\/b> !<\/p>\n<p>Le <b>Corsair 6500X<\/b> est un <b>bo\u00eetier semi-tour ATX<\/b> con\u00e7u pour les utilisateurs recherchant une structure robuste et polyvalente pour leur PC gaming ou haute performance. Fabriqu\u00e9 en <b>acier<\/b> et aluminium, ce bo\u00eetier se distingue par sa finition en <b>blanc et gris satin\u00e9<\/b>, offrant un aspect moderne et \u00e9l\u00e9gant qui s\u2019adapte \u00e0 diff\u00e9rents styles de setup. Il supporte plusieurs <b>formats<\/b> essentiels tels que <b>ATX, MicroATX et E-ATX<\/b>, garantissant une compatibilit\u00e9 avec une large gamme de cartes m\u00e8res pour une flexibilit\u00e9 dans les configurations standards ou avanc\u00e9es. Sa structure est pens\u00e9e pour optimiser le refroidissement et l\u2019organisation interne, permettant l\u2019installation de multiples composants et syst\u00e8mes de ventilation, indispensables pour maintenir un flux d\u2019air efficace et \u00e9viter la surchauffe lors de longues sessions intensives. De plus, l\u2019option d\u2019\u00e9clairage <b>multicolore<\/b> ajoute une touche personnalisable, am\u00e9liorant l\u2019esth\u00e9tique et r\u00e9pondant aux pr\u00e9f\u00e9rences des utilisateurs qui valorisent \u00e0 la fois design et fonctionnalit\u00e9. Ce bo\u00eetier semi-tour offre un \u00e9quilibre entre design, fonctionnalit\u00e9 et durabilit\u00e9, constituant une solution compl\u00e8te pour monter des PC puissants avec des composants milieu et haut de gamme. En r\u00e9sum\u00e9, le <b>Corsair 6500X<\/b> se positionne comme une option solide et polyvalente pour ceux qui recherchent qualit\u00e9 et compatibilit\u00e9 dans un bo\u00eetier moyen tour \u00e0 la fois attractif et performant.<\/p>\n<ul>\n<li>Couleur:\n<ul>\n<li>Gris<\/li>\n<li>Multicouleur<\/li>\n<li>Blanc<\/li>\n<\/ul>\n<\/li>\n<li>Type:\n<ul>\n<li>Bo\u00eetier ATX semi-tour<\/li>\n<li>Jeux<\/li>\n<li>PC<\/li>\n<li>Micro ATX<\/li>\n<\/ul>\n<\/li>\n<li>Facteur de forme:\n<ul>\n<li>MicroATX<\/li>\n<li>E-ATX<\/li>\n<li>ATX<\/li>\n<li>Midi-Tower<\/li>\n<\/ul>\n<\/li>\n<li>Connexions:\n<ul>\n<li>USB 3.2<\/li>\n<li>USB 3.2 x 4<\/li>\n<li>USB-C 3.2 x 1<\/li>\n<li>USB-C x 1<\/li>\n<li>USB-C<\/li>\n<li>USB-C 3.2 Gen 2 (3.1 Gen 2)<\/li>\n<li>USB A 3.2 Gen 1 (3.1 Gen 1) x 4<\/li>\n<li>USB x 3<\/li>\n<\/ul>\n<\/li>\n<li>Taille:\n<ul>\n<li>3,5&#8243;<\/li>\n<li>2,5&#8243;<\/li>\n<\/ul>\n<\/li>\n<li>Caract\u00e9ristiques:\n<ul>\n<li>Interrupteur marche\/arr\u00eat<\/li>\n<li>R\u00e9tro-\u00e9clair\u00e9<\/li>\n<li>Bouton de r\u00e9initialisation<\/li>\n<li>Anti-poussi\u00e8re<\/li>\n<li>Bouton marche\/arr\u00eat<\/li>\n<li>Illumination RGB<\/li>\n<li>Organisateur de C\u00e2bles<\/li>\n<\/ul>\n<\/li>\n<li>Ventillateur:\n<ul>\n<li>x 1<\/li>\n<li>\u00d8 12 cm<\/li>\n<li>\u00d8 14 cm<\/li>\n<li>x 3<\/li>\n<\/ul>\n<\/li>\n<li>Nombre de Baies:\n<ul>\n<li>3,5&#8221; x 2<\/li>\n<li>2,5&#8243; x 2<\/li>\n<\/ul>\n<\/li>\n<li>Sortie audio: Oui<\/li>\n<li>Mati\u00e8re:\n<ul>\n<li>Acier<\/li>\n<li>Verre tremp\u00e9<\/li>\n<\/ul>\n<\/li>\n<li>Emplacements d&#8217;extension: 11<\/li>\n<li>Poids approx.: 14,9 kg<\/li>\n<li>Ports:\n<ul>\n<li>Entr\u00e9e audio<\/li>\n<li>Sortie audio<\/li>\n<\/ul>\n<\/li>\n<li>Compatible: Disque dur 2,5&#8243;<\/li>\n<li>Illumination:\n<ul>\n<li>RGB<\/li>\n<li>Multicouleur<\/li>\n<\/ul>\n<\/li>\n<li>Poids: 14 Kg<\/li>\n<li>Format: ATX<\/li>\n<li>Bloc d\u2019Alimentation: ATX<\/li>\n<\/ul>","protected":false},"excerpt":{"rendered":"<p>Si vous \u00eates \u00e0 la recherche de nouvelles tendances sur le march\u00e9, nous vous pr\u00e9sentons Bo\u00eetier ATX semi-tour Corsair 6500X Blanc ! Le Corsair 6500X est un bo\u00eetier semi-tour ATX con\u00e7u pour les utilisateurs recherchant une structure robuste et polyvalente pour leur PC gaming ou haute performance. Fabriqu\u00e9 en acier et aluminium, ce bo\u00eetier se [&hellip;]<\/p>\n","protected":false},"featured_media":37390,"comment_status":"open","ping_status":"closed","template":"","meta":[],"product_brand":[857],"product_cat":[615,65,584],"product_tag":[59,106],"class_list":{"0":"post-37416","1":"product","2":"type-product","3":"status-publish","4":"has-post-thumbnail","6":"product_brand-brandp_3072","7":"product_cat-boitiers-et-caisses","8":"product_cat-informatique-electronique","9":"product_cat-informatique-reseaux-et-composants","10":"product_tag-tag_1304","11":"product_tag-tag_1295","13":"first","14":"instock","15":"taxable","16":"shipping-taxable","17":"purchasable","18":"product-type-simple"},"_links":{"self":[{"href":"https:\/\/bigbuy.tupique.com\/pt\/wp-json\/wp\/v2\/product\/37416","targetHints":{"allow":["GET"]}}],"collection":[{"href":"https:\/\/bigbuy.tupique.com\/pt\/wp-json\/wp\/v2\/product"}],"about":[{"href":"https:\/\/bigbuy.tupique.com\/pt\/wp-json\/wp\/v2\/types\/product"}],"replies":[{"embeddable":true,"href":"https:\/\/bigbuy.tupique.com\/pt\/wp-json\/wp\/v2\/comments?post=37416"}],"wp:featuredmedia":[{"embeddable":true,"href":"https:\/\/bigbuy.tupique.com\/pt\/wp-json\/wp\/v2\/media\/37390"}],"wp:attachment":[{"href":"https:\/\/bigbuy.tupique.com\/pt\/wp-json\/wp\/v2\/media?parent=37416"}],"wp:term":[{"taxonomy":"product_brand","embeddable":true,"href":"https:\/\/bigbuy.tupique.com\/pt\/wp-json\/wp\/v2\/product_brand?post=37416"},{"taxonomy":"product_cat","embeddable":true,"href":"https:\/\/bigbuy.tupique.com\/pt\/wp-json\/wp\/v2\/product_cat?post=37416"},{"taxonomy":"product_tag","embeddable":true,"href":"https:\/\/bigbuy.tupique.com\/pt\/wp-json\/wp\/v2\/product_tag?post=37416"}],"curies":[{"name":"wp","href":"https:\/\/api.w.org\/{rel}","templated":true}]}}