{"id":37357,"date":"2026-03-30T08:44:27","date_gmt":"2026-03-30T07:44:27","guid":{"rendered":"https:\/\/bigbuy.tupique.com\/produto\/smartphone-samsung-galaxy-s25-ultra-5g-sm-s938b-69-octa-core-12-gb-ram-256-gb-black-2\/"},"modified":"2026-04-15T14:34:19","modified_gmt":"2026-04-15T13:34:19","slug":"smartphone-samsung-galaxy-s25-ultra-5g-sm-s938b-69-octa-core-12-gb-ram-256-gb-black-2","status":"publish","type":"product","link":"https:\/\/bigbuy.tupique.com\/pt\/produto\/smartphone-samsung-galaxy-s25-ultra-5g-sm-s938b-69-octa-core-12-gb-ram-256-gb-black-2\/","title":{"rendered":"Smartphone Samsung Galaxy S25 Ultra 5G SM-S938B 6,9&#8243; Octa Core 12 GB RAM 256 GB Noir"},"content":{"rendered":"<p>Si vous \u00eates passionn\u00e9 d&#8217;<b>informatique et d&#8217;\u00e9lectronique<\/b>, si vous \u00eates \u00e0 la pointe de la technologie et qu&#8217;aucun d\u00e9tail ne vous \u00e9chappe, achetez <b>Smartphone Samsung Galaxy S25 Ultra 5G SM-S938B 6,9&#8243; Octa Core 12 GB RAM 256 GB Noir<\/b> au meilleur prix.<\/p>\n<p>Le <b>Galaxy S25 Ultra 5G SM-S938B<\/b> de Samsung est un <b>smartphone<\/b> haut de gamme con\u00e7u pour les utilisateurs exigeant la derni\u00e8re technologie et performance. Il int\u00e8gre une puissante plateforme mobile <b>Snapdragon\u00ae 8 Elite<\/b>, optimis\u00e9e pour des graphismes ultra fluides et des performances exceptionnelles, incluant le ray tracing en temps r\u00e9el et la compatibilit\u00e9 Vulkan pour une exp\u00e9rience visuelle avanc\u00e9e. Son impressionnant <b>\u00e9cran de 6,9 pouces<\/b> est prot\u00e9g\u00e9 par le r\u00e9sistant <b>verre Corning\u00ae Gorilla\u00ae Armor 2<\/b>, offrant une durabilit\u00e9 sup\u00e9rieure, tandis que le cadre en <b>titane<\/b> assure une structure solide et r\u00e9sistante. Le design int\u00e8gre un S Pen int\u00e9gr\u00e9 apportant des fonctionnalit\u00e9s suppl\u00e9mentaires pour la productivit\u00e9 et la cr\u00e9ativit\u00e9. Avec une <b>capacit\u00e9 de stockage de 256 Go<\/b> et <b>12 Go de RAM<\/b>, il garantit une fluidit\u00e9 en multit\u00e2che et un espace large pour applications, fichiers et multim\u00e9dia. C\u00f4t\u00e9 photo, il dispose d\u2019une configuration avanc\u00e9e men\u00e9e par un capteur principal <b>de 200 MP<\/b> avec zoom optique 2x, accompagn\u00e9 de cam\u00e9ras ultra grand-angle et t\u00e9l\u00e9objectifs avec zoom optique jusqu\u2019\u00e0 10x, ainsi qu\u2019une cam\u00e9ra frontale de <b>12 MP<\/b>, le tout soutenu par le moteur avanc\u00e9 <b>ProVisual Engine<\/b> qui am\u00e9liore la capture, l\u2019\u00e9dition et la lecture d\u2019images et vid\u00e9os, incluant l\u2019enregistrement en <b>HDR 10 bits<\/b> pour des vid\u00e9os de haute qualit\u00e9 avec r\u00e9duction avanc\u00e9e du bruit, id\u00e9al pour les sc\u00e8nes nocturnes. Sa batterie de <b>5000 mAh<\/b> avec charge rapide 45W offre une autonomie prolong\u00e9e, compl\u00e9t\u00e9e par des optimisations mat\u00e9rielles et logicielles pour un usage intensif continu. \u00c9quip\u00e9 de technologies utiles telles que <b>GPS, barom\u00e8tre, capteur de lumi\u00e8re ambiante, autofocus et connectivit\u00e9 USB<\/b>, ainsi que d\u2019une r\u00e9sistance certifi\u00e9e <b>IP68<\/b> contre l\u2019eau et la poussi\u00e8re, cet appareil s\u2019adapte aux environnements exigeants. L\u2019int\u00e9gration de l\u2019assistant intelligent <b>Google Gemini<\/b> avec Galaxy AI facilite la gestion quotidienne via des commandes en langage naturel, offrant des r\u00e9sum\u00e9s personnalis\u00e9s d\u2019activit\u00e9s et une interaction adapt\u00e9e aux besoins de l\u2019utilisateur. En r\u00e9sum\u00e9, le Samsung Galaxy S25 Ultra 5G combine innovation technique, robustesse et un \u00e9cosyst\u00e8me polyvalent pour ceux qui recherchent un appareil puissant et complet, con\u00e7u pour maximiser productivit\u00e9 et exp\u00e9rience multim\u00e9dia dans un format premium.<\/p>\n<ul>\n<li>Diagonale de l&#8217;\u00e9cran (cm): 17,5 cm<\/li>\n<li>Produit \u00e0 brancher: Oui<\/li>\n<li>Type: Smartphone<\/li>\n<li>Bloc d\u2019Alimentation:\n<ul>\n<li>r\u00e9seau \u00e9lectrique<\/li>\n<li>USB<\/li>\n<\/ul>\n<\/li>\n<li>Capacit\u00e9 de la batterie: 5000 mAh<\/li>\n<li>Ecran: 6,9&#8243;<\/li>\n<li>Syst\u00e8me d&#8217;exploitation: Android<\/li>\n<li>puissance: 45 W<\/li>\n<li>Connectivit\u00e9:\n<ul>\n<li>NFC<\/li>\n<li>Bluetooth<\/li>\n<li>Wi-Fi<\/li>\n<li>BeiDou<\/li>\n<li>5G<\/li>\n<\/ul>\n<\/li>\n<li>Cam\u00e9ra\/Appareil Photo:\n<ul>\n<li>12 mpx<\/li>\n<li>Frontal<\/li>\n<li>50 Mp<\/li>\n<\/ul>\n<\/li>\n<li>Connexions:\n<ul>\n<li>USB-C<\/li>\n<li>USB<\/li>\n<li>Dual SIM<\/li>\n<li>USB 3.2<\/li>\n<\/ul>\n<\/li>\n<li>Processeur:\n<ul>\n<li>Octa Core<\/li>\n<li>Qualcomm Snapdragon 8 Elite<\/li>\n<\/ul>\n<\/li>\n<li>M\u00e9moire RAM: 12 GB RAM<\/li>\n<li>M\u00e9moire interne: 256 GB<\/li>\n<li>Couleur: Noir<\/li>\n<li>Caract\u00e9ristiques:\n<ul>\n<li>GPS<\/li>\n<li>Barom\u00e8tre<\/li>\n<li>Capteur de lumi\u00e8re ambiante<\/li>\n<li>Autofocus<\/li>\n<li>Chargement rapide et fiable<\/li>\n<li>Chargeur sans fil<\/li>\n<li>Syst\u00e8me de reconnaissance faciale<\/li>\n<li>Lecteur d&#8217;empreintes<\/li>\n<li>Capteur g\u00e9omagn\u00e9tique<\/li>\n<li>Capteur de proximit\u00e9<\/li>\n<li>\u00c9cran avec coins arrondis<\/li>\n<li>\u00c9cran plat<\/li>\n<\/ul>\n<\/li>\n<li>Classification \u00e9nerg\u00e9tique: B<\/li>\n<li>Technologie:\n<ul>\n<li>LED<\/li>\n<li>Mime<\/li>\n<li>AMOLED<\/li>\n<li>Glonass<\/li>\n<\/ul>\n<\/li>\n<li>Capteurs:\n<ul>\n<li>Acc\u00e9l\u00e9rom\u00e8tre<\/li>\n<li>Gyroscope<\/li>\n<li>Magn\u00e9tom\u00e8tre<\/li>\n<\/ul>\n<\/li>\n<li>Fonctions: ECO<\/li>\n<li>Non Inclus: Adaptateur AC<\/li>\n<li>Fr\u00e9quence: 120 Hz<\/li>\n<li>Ouverture: F\/1,7<\/li>\n<li>Noyaux: 8 Noyaux<\/li>\n<li>Famille de processeurs: Qualcomm Snapdragon<\/li>\n<\/ul>","protected":false},"excerpt":{"rendered":"<p>Si vous \u00eates passionn\u00e9 d&#8217;informatique et d&#8217;\u00e9lectronique, si vous \u00eates \u00e0 la pointe de la technologie et qu&#8217;aucun d\u00e9tail ne vous \u00e9chappe, achetez Smartphone Samsung Galaxy S25 Ultra 5G SM-S938B 6,9&#8243; Octa Core 12 GB RAM 256 GB Noir au meilleur prix. Le Galaxy S25 Ultra 5G SM-S938B de Samsung est un smartphone haut de [&hellip;]<\/p>\n","protected":false},"featured_media":37349,"comment_status":"open","ping_status":"closed","template":"","meta":[],"product_brand":[183],"product_cat":[575,65,960],"product_tag":[213,566,106],"class_list":{"0":"post-37357","1":"product","2":"type-product","3":"status-publish","4":"has-post-thumbnail","6":"product_brand-brandp_576","7":"product_cat-electronique-telephonie-et-tablettes","8":"product_cat-informatique-electronique","9":"product_cat-telephones-portables","10":"product_tag-tag_933","11":"product_tag-tag_547","12":"product_tag-tag_1295","14":"first","15":"instock","16":"taxable","17":"shipping-taxable","18":"purchasable","19":"product-type-simple"},"_links":{"self":[{"href":"https:\/\/bigbuy.tupique.com\/pt\/wp-json\/wp\/v2\/product\/37357","targetHints":{"allow":["GET"]}}],"collection":[{"href":"https:\/\/bigbuy.tupique.com\/pt\/wp-json\/wp\/v2\/product"}],"about":[{"href":"https:\/\/bigbuy.tupique.com\/pt\/wp-json\/wp\/v2\/types\/product"}],"replies":[{"embeddable":true,"href":"https:\/\/bigbuy.tupique.com\/pt\/wp-json\/wp\/v2\/comments?post=37357"}],"wp:featuredmedia":[{"embeddable":true,"href":"https:\/\/bigbuy.tupique.com\/pt\/wp-json\/wp\/v2\/media\/37349"}],"wp:attachment":[{"href":"https:\/\/bigbuy.tupique.com\/pt\/wp-json\/wp\/v2\/media?parent=37357"}],"wp:term":[{"taxonomy":"product_brand","embeddable":true,"href":"https:\/\/bigbuy.tupique.com\/pt\/wp-json\/wp\/v2\/product_brand?post=37357"},{"taxonomy":"product_cat","embeddable":true,"href":"https:\/\/bigbuy.tupique.com\/pt\/wp-json\/wp\/v2\/product_cat?post=37357"},{"taxonomy":"product_tag","embeddable":true,"href":"https:\/\/bigbuy.tupique.com\/pt\/wp-json\/wp\/v2\/product_tag?post=37357"}],"curies":[{"name":"wp","href":"https:\/\/api.w.org\/{rel}","templated":true}]}}