{"id":37348,"date":"2026-03-30T08:44:05","date_gmt":"2026-03-30T07:44:05","guid":{"rendered":"https:\/\/bigbuy.tupique.com\/produto\/tablet-samsung-galaxy-tab-s11-x730-11-octa-core-12-gb-ram-128-gb-silver\/"},"modified":"2026-04-16T22:59:54","modified_gmt":"2026-04-16T21:59:54","slug":"tablet-samsung-galaxy-tab-s11-x730-11-octa-core-12-gb-ram-128-gb-silver","status":"publish","type":"product","link":"https:\/\/bigbuy.tupique.com\/pt\/produto\/tablet-samsung-galaxy-tab-s11-x730-11-octa-core-12-gb-ram-128-gb-silver\/","title":{"rendered":"Tablette Samsung Galaxy Tab S11 X730 11&#8243; Octa Core 12 GB RAM 128 GB Argent\u00e9"},"content":{"rendered":"<p>Si vous \u00eates \u00e0 la recherche de nouvelles tendances sur le march\u00e9, nous vous pr\u00e9sentons <b>Tablette Samsung Galaxy Tab S11 X730 11&#8243; Octa Core 12 GB RAM 128 GB Argent\u00e9<\/b> !<\/p>\n<p>La <b>tablette<\/b> <b>Samsung Galaxy Tab S11 X730<\/b> incarne la derni\u00e8re technologie mobile haut de gamme pour ceux qui recherchent un appareil polyvalent et performant dans tous les environnements. Dot\u00e9e d\u2019un <b>\u00e9cran de 11 pouces<\/b> offrant une exp\u00e9rience visuelle nette et immersive, ce mod\u00e8le se distingue par son design \u00e9l\u00e9gant et sa finition argent\u00e9e, facilitant le transport et le rendant particuli\u00e8rement attrayant pour le travail et le divertissement en d\u00e9placement. Elle int\u00e8gre <b>12 Go de m\u00e9moire RAM<\/b>, garantissant des performances fluides m\u00eame lors de la gestion de plusieurs applications ou de t\u00e2ches exigeantes telles que l\u2019\u00e9dition de documents, les visioconf\u00e9rences ou la consommation multim\u00e9dia. Sa <b>capacit\u00e9 de stockage interne de 128 Go<\/b> permet de conserver une large collection de fichiers, d\u2019applications et de contenus personnels sans souci d\u2019espace. Pour la connectivit\u00e9, elle dispose d\u2019un <b>port USB-C<\/b> qui am\u00e9liore la vitesse de transfert de donn\u00e9es et la recharge de l\u2019appareil. Gr\u00e2ce \u00e0 son appareil photo principal de <b>13 m\u00e9gapixels<\/b> et \u00e0 sa cam\u00e9ra frontale de <b>12 m\u00e9gapixels<\/b>, la capture d\u2019images et les appels vid\u00e9o atteignent une qualit\u00e9 sup\u00e9rieure, id\u00e9ale pour les communications professionnelles ou personnelles. Elle comprend un lecteur de cartes pour \u00e9tendre le stockage et optimise l\u2019exp\u00e9rience utilisateur avec des fonctions Samsung ax\u00e9es sur la productivit\u00e9 et la s\u00e9curit\u00e9. L\u2019association de sp\u00e9cifications avanc\u00e9es et de la fiabilit\u00e9 de la gamme Galaxy Tab fait de cet appareil une r\u00e9f\u00e9rence parmi les tablettes Android pour les utilisateurs exigeant des performances solides et de la flexibilit\u00e9 au quotidien.<\/p>\n<ul>\n<li>Type: Tablette<\/li>\n<li>Produit \u00e0 brancher: Oui<\/li>\n<li>Bloc d\u2019Alimentation: r\u00e9seau \u00e9lectrique<\/li>\n<li>Diagonale de l&#8217;\u00e9cran (cm): 27,9 cm<\/li>\n<li>Type de prise: Prise EU<\/li>\n<li>Capacit\u00e9 de la batterie: 8400 mAh<\/li>\n<li>Syst\u00e8me d&#8217;exploitation: Android<\/li>\n<li>Connectivit\u00e9:\n<ul>\n<li>Wi-Fi<\/li>\n<li>Bluetooth<\/li>\n<li>GPS<\/li>\n<li>Galileo<\/li>\n<li>Wi-Fi 6 GHz<\/li>\n<\/ul>\n<\/li>\n<li>Cam\u00e9ra\/Appareil Photo:\n<ul>\n<li>12 mpx<\/li>\n<li>13 mpx<\/li>\n<li>13 MP<\/li>\n<li>Arri\u00e8re<\/li>\n<\/ul>\n<\/li>\n<li>Connexions:\n<ul>\n<li>USB-C<\/li>\n<li>USB-C 3.2 Gen 1 (3.1 Gen 1)<\/li>\n<\/ul>\n<\/li>\n<li>Ecran: 11&#8243;<\/li>\n<li>Processeur: Octa Core<\/li>\n<li>M\u00e9moire RAM: 12 GB RAM<\/li>\n<li>M\u00e9moire interne: 128 GB<\/li>\n<li>Couleur: Argent\u00e9<\/li>\n<li>Caract\u00e9ristiques:\n<ul>\n<li>Cam\u00e9ra frontale<\/li>\n<li>Lecteur de Cartes<\/li>\n<li>Lecteur d&#8217;empreintes<\/li>\n<\/ul>\n<\/li>\n<li>Classification \u00e9nerg\u00e9tique: G<\/li>\n<li>Fonctions: Acc\u00e9l\u00e9rom\u00e8tre<\/li>\n<li>Technologie: AMOLED<\/li>\n<li>Taille maximale de la carte m\u00e9moire: 2 TB<\/li>\n<li>Cartes M\u00e9moire Compatibles: MicroSD (TransFlash)<\/li>\n<li>Non Inclus: Connexion au r\u00e9seau mobile<\/li>\n<li>Autonomie de reproduction approx.: 18 heures<\/li>\n<li>Noyaux: 8 Noyaux<\/li>\n<li>R\u00e9solution (px):\n<ul>\n<li>2560 x 1600 px<\/li>\n<li>3840 x 2160 px<\/li>\n<\/ul>\n<\/li>\n<\/ul>","protected":false},"excerpt":{"rendered":"<p>Si vous \u00eates \u00e0 la recherche de nouvelles tendances sur le march\u00e9, nous vous pr\u00e9sentons Tablette Samsung Galaxy Tab S11 X730 11&#8243; Octa Core 12 GB RAM 128 GB Argent\u00e9 ! La tablette Samsung Galaxy Tab S11 X730 incarne la derni\u00e8re technologie mobile haut de gamme pour ceux qui recherchent un appareil polyvalent et performant [&hellip;]<\/p>\n","protected":false},"featured_media":37342,"comment_status":"open","ping_status":"closed","template":"","meta":[],"product_brand":[183],"product_cat":[575,65,1052],"product_tag":[566,106],"class_list":{"0":"post-37348","1":"product","2":"type-product","3":"status-publish","4":"has-post-thumbnail","6":"product_brand-brandp_576","7":"product_cat-electronique-telephonie-et-tablettes","8":"product_cat-informatique-electronique","9":"product_cat-tablettes","10":"product_tag-tag_547","11":"product_tag-tag_1295","13":"first","14":"instock","15":"taxable","16":"shipping-taxable","17":"purchasable","18":"product-type-simple"},"_links":{"self":[{"href":"https:\/\/bigbuy.tupique.com\/pt\/wp-json\/wp\/v2\/product\/37348","targetHints":{"allow":["GET"]}}],"collection":[{"href":"https:\/\/bigbuy.tupique.com\/pt\/wp-json\/wp\/v2\/product"}],"about":[{"href":"https:\/\/bigbuy.tupique.com\/pt\/wp-json\/wp\/v2\/types\/product"}],"replies":[{"embeddable":true,"href":"https:\/\/bigbuy.tupique.com\/pt\/wp-json\/wp\/v2\/comments?post=37348"}],"wp:featuredmedia":[{"embeddable":true,"href":"https:\/\/bigbuy.tupique.com\/pt\/wp-json\/wp\/v2\/media\/37342"}],"wp:attachment":[{"href":"https:\/\/bigbuy.tupique.com\/pt\/wp-json\/wp\/v2\/media?parent=37348"}],"wp:term":[{"taxonomy":"product_brand","embeddable":true,"href":"https:\/\/bigbuy.tupique.com\/pt\/wp-json\/wp\/v2\/product_brand?post=37348"},{"taxonomy":"product_cat","embeddable":true,"href":"https:\/\/bigbuy.tupique.com\/pt\/wp-json\/wp\/v2\/product_cat?post=37348"},{"taxonomy":"product_tag","embeddable":true,"href":"https:\/\/bigbuy.tupique.com\/pt\/wp-json\/wp\/v2\/product_tag?post=37348"}],"curies":[{"name":"wp","href":"https:\/\/api.w.org\/{rel}","templated":true}]}}