{"id":36733,"date":"2026-03-30T08:01:21","date_gmt":"2026-03-30T07:01:21","guid":{"rendered":"https:\/\/bigbuy.tupique.com\/produto\/smartphone-honor-400-pro-5g-67-octa-core-12-gb-ram-512-gb-grey\/"},"modified":"2026-04-15T05:45:21","modified_gmt":"2026-04-15T04:45:21","slug":"smartphone-honor-400-pro-5g-67-octa-core-12-gb-ram-512-gb-grey","status":"publish","type":"product","link":"https:\/\/bigbuy.tupique.com\/pt\/produto\/smartphone-honor-400-pro-5g-67-octa-core-12-gb-ram-512-gb-grey\/","title":{"rendered":"Smartphone Honor 400 Pro 5G 6,7&#8243; Octa Core 12 GB RAM 512 GB Gris"},"content":{"rendered":"<p>Si vous \u00eates \u00e0 la recherche de nouvelles tendances sur le march\u00e9, nous vous pr\u00e9sentons <b>Smartphone Honor 400 Pro 5G 6,7&#8243; Octa Core 12 GB RAM 512 GB Gris<\/b> !<\/p>\n<p>Le <b>smartphone<\/b> Honor arbore un design \u00e9l\u00e9gant en <b>gris<\/b> et offre une exp\u00e9rience utilisateur avanc\u00e9e gr\u00e2ce \u00e0 sa combinaison de <b>12 Go de m\u00e9moire RAM<\/b> et une impressionnante <b>capacit\u00e9 de stockage interne de 512 Go<\/b>, permettant de g\u00e9rer plusieurs applications exigeantes et de stocker de nombreux fichiers, photos et vid\u00e9os sans limitation. Son <b>\u00e9cran de 6,7 pouces<\/b> garantit des images fluides et d\u00e9taill\u00e9es, id\u00e9al pour les contenus multim\u00e9dias et la navigation quotidienne, tandis que la connectivit\u00e9 <b>USB-C<\/b> assure des transferts rapides et une recharge pratique. Ce mod\u00e8le fonctionne sous <b>syst\u00e8me d\u2019exploitation Android<\/b>, offrant un acc\u00e8s intuitif aux derni\u00e8res mises \u00e0 jour, fonctionnalit\u00e9s intelligentes et une compatibilit\u00e9 avec un large \u00e9ventail d\u2019applications de l\u2019\u00e9cosyst\u00e8me Google. L\u2019appareil prend en charge la charge rapide jusqu\u2019\u00e0 <b>100 W<\/b>, optimisant les temps de recharge pour garantir une autonomie toute la journ\u00e9e, soutenue par sa compatibilit\u00e9 avec le r\u00e9seau \u00e9lectrique standard. Sa configuration mat\u00e9rielle positionne ce terminal comme une option robuste aussi bien pour la productivit\u00e9 que pour le divertissement mobile avanc\u00e9. Ce smartphone Honor s\u2019adresse aux utilisateurs recherchant un \u00e9quilibre entre haute performance technique, grande capacit\u00e9 de stockage et large \u00e9cran dans un format moderne, offrant une solution fonctionnelle et polyvalente dans le segment des t\u00e9l\u00e9phones intelligents haut de gamme.<\/p>\n<ul>\n<li>Diagonale de l&#8217;\u00e9cran (cm): 17 cm<\/li>\n<li>Produit \u00e0 brancher: Oui<\/li>\n<li>Type: Smartphone<\/li>\n<li>Bloc d\u2019Alimentation: r\u00e9seau \u00e9lectrique<\/li>\n<li>Type de prise: Prise EU<\/li>\n<li>Technologie: AMOLED<\/li>\n<li>Capacit\u00e9 de la batterie: 5300 mAh<\/li>\n<li>Ecran: 6,7&#8243;<\/li>\n<li>Syst\u00e8me d&#8217;exploitation: Android<\/li>\n<li>puissance: 100 W<\/li>\n<li>Connectivit\u00e9:\n<ul>\n<li>NFC<\/li>\n<li>Bluetooth<\/li>\n<\/ul>\n<\/li>\n<li>Connexions: USB-C<\/li>\n<li>Processeur: Octa Core<\/li>\n<li>M\u00e9moire RAM: 12 GB RAM<\/li>\n<li>M\u00e9moire interne: 512 GB<\/li>\n<li>Couleur: Gris<\/li>\n<li>Caract\u00e9ristiques:\n<ul>\n<li>GPS<\/li>\n<li>Acc\u00e9l\u00e9rom\u00e8tre<\/li>\n<li>Haut-parleurs int\u00e9gr\u00e9s<\/li>\n<li>Cam\u00e9ra frontale<\/li>\n<li>Enregistrement vid\u00e9o<\/li>\n<li>\u00c9cran couleur<\/li>\n<li>Ecran tactile<\/li>\n<li>Capteur d&#8217;identit\u00e9 par empreintes digitales<\/li>\n<li>Cam\u00e9ra\/Appareil Photo<\/li>\n<li>Chargement sans fil<\/li>\n<li>carga rapida inalambrica<\/li>\n<li>Gyroscope<\/li>\n<li>MMS<\/li>\n<li>\u00c9cran AMOLED<\/li>\n<li>\u00c9cran HDR<\/li>\n<li>Appel vid\u00e9o<\/li>\n<li>Haut-parleur<\/li>\n<li>Emplacement SIM<\/li>\n<li>Capteur d&#8217;empreintes digitales<\/li>\n<li>Dual SIM<\/li>\n<li>Wi-Fi<\/li>\n<li>Zoom<\/li>\n<li>Stabilisation de l&#8217;image<\/li>\n<li>Connexion USB<\/li>\n<li>Microphone int\u00e9gr\u00e9<\/li>\n<li>HD<\/li>\n<li>Appareil photo int\u00e9gr\u00e9<\/li>\n<li>Batterie<\/li>\n<li>Ecran<\/li>\n<li>Sans fil<\/li>\n<li>Haut-parleurs<\/li>\n<li>Full HD<\/li>\n<li>Android<\/li>\n<li>Interface USB<\/li>\n<li>Capteur de lumi\u00e8re<\/li>\n<li>SMS<\/li>\n<li>Lecteur d&#8217;empreintes<\/li>\n<li>Connexion au r\u00e9seau mobile<\/li>\n<li>Batterie int\u00e9gr\u00e9e<\/li>\n<li>Navigation<\/li>\n<li>Cam\u00e9ra arri\u00e8re<\/li>\n<li>Capteur de proximit\u00e9<\/li>\n<\/ul>\n<\/li>\n<li>R\u00e9solution: 120 Hz<\/li>\n<li>SIM: Dual SIM<\/li>\n<li>Cam\u00e9ra\/Appareil Photo: (200 + 8 + 2 MP) + (16 MP)<\/li>\n<\/ul>","protected":false},"excerpt":{"rendered":"<p>Si vous \u00eates \u00e0 la recherche de nouvelles tendances sur le march\u00e9, nous vous pr\u00e9sentons Smartphone Honor 400 Pro 5G 6,7&#8243; Octa Core 12 GB RAM 512 GB Gris ! Le smartphone Honor arbore un design \u00e9l\u00e9gant en gris et offre une exp\u00e9rience utilisateur avanc\u00e9e gr\u00e2ce \u00e0 sa combinaison de 12 Go de m\u00e9moire RAM [&hellip;]<\/p>\n","protected":false},"featured_media":36728,"comment_status":"open","ping_status":"closed","template":"","meta":[],"product_brand":[1155],"product_cat":[575,65,960],"product_tag":[213,566,106],"class_list":{"0":"post-36733","1":"product","2":"type-product","3":"status-publish","4":"has-post-thumbnail","6":"product_brand-brandp_1272","7":"product_cat-electronique-telephonie-et-tablettes","8":"product_cat-informatique-electronique","9":"product_cat-telephones-portables","10":"product_tag-tag_933","11":"product_tag-tag_547","12":"product_tag-tag_1295","14":"first","15":"instock","16":"taxable","17":"shipping-taxable","18":"purchasable","19":"product-type-simple"},"_links":{"self":[{"href":"https:\/\/bigbuy.tupique.com\/pt\/wp-json\/wp\/v2\/product\/36733","targetHints":{"allow":["GET"]}}],"collection":[{"href":"https:\/\/bigbuy.tupique.com\/pt\/wp-json\/wp\/v2\/product"}],"about":[{"href":"https:\/\/bigbuy.tupique.com\/pt\/wp-json\/wp\/v2\/types\/product"}],"replies":[{"embeddable":true,"href":"https:\/\/bigbuy.tupique.com\/pt\/wp-json\/wp\/v2\/comments?post=36733"}],"wp:featuredmedia":[{"embeddable":true,"href":"https:\/\/bigbuy.tupique.com\/pt\/wp-json\/wp\/v2\/media\/36728"}],"wp:attachment":[{"href":"https:\/\/bigbuy.tupique.com\/pt\/wp-json\/wp\/v2\/media?parent=36733"}],"wp:term":[{"taxonomy":"product_brand","embeddable":true,"href":"https:\/\/bigbuy.tupique.com\/pt\/wp-json\/wp\/v2\/product_brand?post=36733"},{"taxonomy":"product_cat","embeddable":true,"href":"https:\/\/bigbuy.tupique.com\/pt\/wp-json\/wp\/v2\/product_cat?post=36733"},{"taxonomy":"product_tag","embeddable":true,"href":"https:\/\/bigbuy.tupique.com\/pt\/wp-json\/wp\/v2\/product_tag?post=36733"}],"curies":[{"name":"wp","href":"https:\/\/api.w.org\/{rel}","templated":true}]}}