{"id":36674,"date":"2026-03-30T07:50:39","date_gmt":"2026-03-30T06:50:39","guid":{"rendered":"https:\/\/bigbuy.tupique.com\/produto\/home-safety-kit-yale-al-sk1-1a-eu\/"},"modified":"2026-04-16T16:00:44","modified_gmt":"2026-04-16T15:00:44","slug":"home-safety-kit-yale-al-sk1-1a-eu","status":"publish","type":"product","link":"https:\/\/bigbuy.tupique.com\/pt\/produto\/home-safety-kit-yale-al-sk1-1a-eu\/","title":{"rendered":"Kit de s\u00e9curit\u00e9 pour la maison Yale AL-SK1-1A-EU"},"content":{"rendered":"<p>Si vous \u00eates passionn\u00e9 d&#8217;<b>informatique et d&#8217;\u00e9lectronique<\/b>, si vous \u00eates \u00e0 la pointe de la technologie et qu&#8217;aucun d\u00e9tail ne vous \u00e9chappe, achetez <b>Kit de s\u00e9curit\u00e9 pour la maison Yale AL-SK1-1A-EU<\/b> au meilleur prix.<\/p>\n<p>Le <b>Kit de S\u00e9curit\u00e9 pour la Maison AL-SK1-1A-EU de Yale<\/b> est une solution compl\u00e8te con\u00e7ue pour renforcer la protection domestique gr\u00e2ce \u00e0 une technologie avanc\u00e9e et une int\u00e9gration facile dans les environnements r\u00e9sidentiels modernes. Ce <b>kit de s\u00e9curit\u00e9<\/b> pr\u00e9sente un <b>design blanc<\/b> qui s\u2019int\u00e8gre discr\u00e8tement \u00e0 tout style d\u2019habitation et se compose d\u2019\u00e9l\u00e9ments sans fil, facilitant ainsi l\u2019installation sans travaux ni c\u00e2blage complexe. Il est compatible avec les <b>appareils iOS et Android<\/b>, permettant le contr\u00f4le et la surveillance \u00e0 distance via l\u2019application d\u00e9di\u00e9e sur smartphone, offrant ainsi \u00e0 l\u2019utilisateur la gestion du syst\u00e8me m\u00eame en dehors du domicile. Dot\u00e9 d\u2019un <b>hub USB<\/b> qui centralise la communication entre les accessoires et l\u2019utilisateur, ce syst\u00e8me utilise la <b>connectivit\u00e9 Bluetooth et Wi-Fi<\/b> pour garantir des mises \u00e0 jour rapides et une interconnexion fiable entre les diff\u00e9rents capteurs, t\u00e9l\u00e9commandes et autres \u00e9l\u00e9ments du kit. Le <b>contr\u00f4le par boutons<\/b> directement sur le hub simplifie la configuration ainsi que l\u2019activation ou la d\u00e9sactivation du syst\u00e8me \u00e0 la maison, offrant une flexibilit\u00e9 d\u2019utilisation au-del\u00e0 de l\u2019application mobile. De plus, la structure sans fil de l\u2019ensemble r\u00e9duit les contraintes physiques et permet d\u2019\u00e9tendre facilement le r\u00e9seau de s\u00e9curit\u00e9 selon les besoins sp\u00e9cifiques de chaque logement. Le Kit AL-SK1-1A-EU se pr\u00e9sente comme une option robuste et \u00e9volutive, id\u00e9ale pour ceux qui recherchent une protection efficace et g\u00e9rable \u00e0 distance, soutenue par l\u2019expertise et la fiabilit\u00e9 de la marque Yale.<\/p>\n<ul>\n<li>Type: Hub USB<\/li>\n<li>Bloc d&#8217;alimentation inclus: Oui<\/li>\n<li>Port\u00e9e: 1000 M<\/li>\n<li>Type de commande: Boutons<\/li>\n<li>Technologie: Sans fil<\/li>\n<li>Couleur: Blanc<\/li>\n<li>Caract\u00e9ristiques: Commande par boutons<\/li>\n<li>Connectivit\u00e9:\n<ul>\n<li>Bluetooth<\/li>\n<li>Wi-Fi<\/li>\n<li>Sans fil<\/li>\n<\/ul>\n<\/li>\n<li>Tension: 220 V<\/li>\n<li>Bloc d\u2019Alimentation: C\u00e2ble \u00e9lectrique<\/li>\n<li>Inclut:\n<ul>\n<li>Batterie<\/li>\n<li>Bloc d\u2019Alimentation<\/li>\n<\/ul>\n<\/li>\n<li>Piles incluses: Oui<\/li>\n<li>Compatible: iOS, Android<\/li>\n<li>Type de batterie:\n<ul>\n<li>Litio Ion<\/li>\n<li>Batterie au lithium rechargeable<\/li>\n<\/ul>\n<\/li>\n<\/ul>","protected":false},"excerpt":{"rendered":"<p>Si vous \u00eates passionn\u00e9 d&#8217;informatique et d&#8217;\u00e9lectronique, si vous \u00eates \u00e0 la pointe de la technologie et qu&#8217;aucun d\u00e9tail ne vous \u00e9chappe, achetez Kit de s\u00e9curit\u00e9 pour la maison Yale AL-SK1-1A-EU au meilleur prix. Le Kit de S\u00e9curit\u00e9 pour la Maison AL-SK1-1A-EU de Yale est une solution compl\u00e8te con\u00e7ue pour renforcer la protection domestique gr\u00e2ce [&hellip;]<\/p>\n","protected":false},"featured_media":36648,"comment_status":"open","ping_status":"closed","template":"","meta":[],"product_brand":[1079],"product_cat":[239,579,768],"product_tag":[567,59,210],"class_list":{"0":"post-36674","1":"product","2":"type-product","3":"status-publish","4":"has-post-thumbnail","6":"product_brand-brandp_7761","7":"product_cat-maison-jardin","8":"product_cat-securite-a-la-maison","9":"product_cat-systemes-de-securite","10":"product_tag-tag_556","11":"product_tag-tag_1304","12":"product_tag-tag_25","14":"first","15":"instock","16":"taxable","17":"shipping-taxable","18":"purchasable","19":"product-type-simple"},"_links":{"self":[{"href":"https:\/\/bigbuy.tupique.com\/pt\/wp-json\/wp\/v2\/product\/36674","targetHints":{"allow":["GET"]}}],"collection":[{"href":"https:\/\/bigbuy.tupique.com\/pt\/wp-json\/wp\/v2\/product"}],"about":[{"href":"https:\/\/bigbuy.tupique.com\/pt\/wp-json\/wp\/v2\/types\/product"}],"replies":[{"embeddable":true,"href":"https:\/\/bigbuy.tupique.com\/pt\/wp-json\/wp\/v2\/comments?post=36674"}],"wp:featuredmedia":[{"embeddable":true,"href":"https:\/\/bigbuy.tupique.com\/pt\/wp-json\/wp\/v2\/media\/36648"}],"wp:attachment":[{"href":"https:\/\/bigbuy.tupique.com\/pt\/wp-json\/wp\/v2\/media?parent=36674"}],"wp:term":[{"taxonomy":"product_brand","embeddable":true,"href":"https:\/\/bigbuy.tupique.com\/pt\/wp-json\/wp\/v2\/product_brand?post=36674"},{"taxonomy":"product_cat","embeddable":true,"href":"https:\/\/bigbuy.tupique.com\/pt\/wp-json\/wp\/v2\/product_cat?post=36674"},{"taxonomy":"product_tag","embeddable":true,"href":"https:\/\/bigbuy.tupique.com\/pt\/wp-json\/wp\/v2\/product_tag?post=36674"}],"curies":[{"name":"wp","href":"https:\/\/api.w.org\/{rel}","templated":true}]}}