{"id":36631,"date":"2026-03-30T07:49:11","date_gmt":"2026-03-30T06:49:11","guid":{"rendered":"https:\/\/bigbuy.tupique.com\/produto\/steering-wheel-thrustmaster-ava\/"},"modified":"2026-04-16T21:25:25","modified_gmt":"2026-04-16T20:25:25","slug":"steering-wheel-thrustmaster-ava","status":"publish","type":"product","link":"https:\/\/bigbuy.tupique.com\/pt\/produto\/steering-wheel-thrustmaster-ava\/","title":{"rendered":"Volant Thrustmaster AVA"},"content":{"rendered":"<p>Si vous \u00eates passionn\u00e9 d&#8217;<b>informatique et d&#8217;\u00e9lectronique<\/b>, si vous \u00eates \u00e0 la pointe de la technologie et qu&#8217;aucun d\u00e9tail ne vous \u00e9chappe, achetez <b>Volant Thrustmaster AVA<\/b> au meilleur prix.<\/p>\n<p>Le <b>volant Thrustmaster AVA<\/b> est une solution avanc\u00e9e et polyvalente con\u00e7ue pour les passionn\u00e9s de simulation recherchant un haut niveau de personnalisation et de pr\u00e9cision lors de leurs sessions de vol. Ce mod\u00e8le int\u00e8gre un <b>m\u00e9canisme enti\u00e8rement m\u00e9tallique<\/b>, garantissant robustesse, durabilit\u00e9 et r\u00e9ponses constantes m\u00eame en usage intensif. Il se distingue par la possibilit\u00e9 de <b>modifier rapidement quatre \u00e9l\u00e9ments fonctionnels cl\u00e9s : la courbe de l\u2019axe, la r\u00e9sistance, la course et l\u2019amortissement<\/b>, permettant d\u2019adapter l\u2019exp\u00e9rience de pilotage aux pr\u00e9f\u00e9rences de chaque utilisateur et aux diff\u00e9rents styles de vol, qu\u2019il s\u2019agisse de simulation militaire, civile, d\u2019h\u00e9licopt\u00e8re ou spatiale. La <b>configuration modulaire<\/b> de l\u2019AVA facilite les r\u00e9glages entre les vols et pendant l\u2019utilisation, optimisant confort et performance en temps r\u00e9el. Gr\u00e2ce \u00e0 l\u2019int\u00e9gration de <b>capteurs AXY (Accurate X&amp;Y)<\/b>, ce volant offre une d\u00e9tection pr\u00e9cise des mouvements, assurant un contr\u00f4le naturel et d\u00e9taill\u00e9 de toutes les commandes. Son design en <b>noir<\/b> conf\u00e8re une allure professionnelle et \u00e9l\u00e9gante, s\u2019int\u00e9grant harmonieusement dans tout cockpit de simulation domestique ou professionnel. Destin\u00e9 aux pilotes exigeants et aux amateurs de r\u00e9alisme, le Thrustmaster AVA se distingue par l\u2019association de mat\u00e9riaux haut de gamme, de technologies avanc\u00e9es et de multiples options de personnalisation, \u00e9levant l\u2019exp\u00e9rience de vol num\u00e9rique \u00e0 un niveau sup\u00e9rieur d\u2019authenticit\u00e9.<\/p>\n<ul>\n<li>Couleur: Noir<\/li>\n<li>Type: Volant<\/li>\n<li>Langue: Anglais<\/li>\n<\/ul>","protected":false},"excerpt":{"rendered":"<p>Si vous \u00eates passionn\u00e9 d&#8217;informatique et d&#8217;\u00e9lectronique, si vous \u00eates \u00e0 la pointe de la technologie et qu&#8217;aucun d\u00e9tail ne vous \u00e9chappe, achetez Volant Thrustmaster AVA au meilleur prix. Le volant Thrustmaster AVA est une solution avanc\u00e9e et polyvalente con\u00e7ue pour les passionn\u00e9s de simulation recherchant un haut niveau de personnalisation et de pr\u00e9cision lors [&hellip;]<\/p>\n","protected":false},"featured_media":36612,"comment_status":"open","ping_status":"closed","template":"","meta":[],"product_brand":[789],"product_cat":[730,609,65],"product_tag":[59,572],"class_list":{"0":"post-36631","1":"product","2":"type-product","3":"status-publish","4":"has-post-thumbnail","6":"product_brand-brandp_651","7":"product_cat-accessoires-pour-consoles","8":"product_cat-electronique-jouets-electroniques","9":"product_cat-informatique-electronique","10":"product_tag-tag_1304","11":"product_tag-tag_29","13":"first","14":"instock","15":"taxable","16":"shipping-taxable","17":"purchasable","18":"product-type-simple"},"_links":{"self":[{"href":"https:\/\/bigbuy.tupique.com\/pt\/wp-json\/wp\/v2\/product\/36631","targetHints":{"allow":["GET"]}}],"collection":[{"href":"https:\/\/bigbuy.tupique.com\/pt\/wp-json\/wp\/v2\/product"}],"about":[{"href":"https:\/\/bigbuy.tupique.com\/pt\/wp-json\/wp\/v2\/types\/product"}],"replies":[{"embeddable":true,"href":"https:\/\/bigbuy.tupique.com\/pt\/wp-json\/wp\/v2\/comments?post=36631"}],"wp:featuredmedia":[{"embeddable":true,"href":"https:\/\/bigbuy.tupique.com\/pt\/wp-json\/wp\/v2\/media\/36612"}],"wp:attachment":[{"href":"https:\/\/bigbuy.tupique.com\/pt\/wp-json\/wp\/v2\/media?parent=36631"}],"wp:term":[{"taxonomy":"product_brand","embeddable":true,"href":"https:\/\/bigbuy.tupique.com\/pt\/wp-json\/wp\/v2\/product_brand?post=36631"},{"taxonomy":"product_cat","embeddable":true,"href":"https:\/\/bigbuy.tupique.com\/pt\/wp-json\/wp\/v2\/product_cat?post=36631"},{"taxonomy":"product_tag","embeddable":true,"href":"https:\/\/bigbuy.tupique.com\/pt\/wp-json\/wp\/v2\/product_tag?post=36631"}],"curies":[{"name":"wp","href":"https:\/\/api.w.org\/{rel}","templated":true}]}}