{"id":36605,"date":"2026-03-30T07:48:10","date_gmt":"2026-03-30T06:48:10","guid":{"rendered":"https:\/\/bigbuy.tupique.com\/produto\/heat-press-for-cups-cricut-transferpresse-mugpress\/"},"modified":"2026-04-16T16:56:20","modified_gmt":"2026-04-16T15:56:20","slug":"heat-press-for-cups-cricut-transferpresse-mugpress","status":"publish","type":"product","link":"https:\/\/bigbuy.tupique.com\/pt\/produto\/heat-press-for-cups-cricut-transferpresse-mugpress\/","title":{"rendered":"Presse \u00e0 chaud pour tasses Cricut Transferpresse Mugpress"},"content":{"rendered":"<p>Si vous aimez prendre soin de chaque d\u00e9tail de votre maison et d&#8217;\u00eatre \u00e0 la derni\u00e8re mode en mati\u00e8re de produits qui vous rendront la vie plus facile, achetez <b>Presse \u00e0 chaud pour tasses Cricut Transferpresse Mugpress<\/b> au meilleur prix.<\/p>\n<ul>\n<li>Inclut:\n<ul>\n<li>Feutres<\/li>\n<li>2 Tasses<\/li>\n<li>Ruban adh\u00e9sif<\/li>\n<li>Feuilles de transfert infusibles pour plotter de d\u00e9coupe<\/li>\n<\/ul>\n<\/li>\n<li>Type: Ensemble de tasses \u00e0 caf\u00e9<\/li>\n<li>Couleur: Blanc<\/li>\n<\/ul>","protected":false},"excerpt":{"rendered":"<p>Si vous aimez prendre soin de chaque d\u00e9tail de votre maison et d&#8217;\u00eatre \u00e0 la derni\u00e8re mode en mati\u00e8re de produits qui vous rendront la vie plus facile, achetez Presse \u00e0 chaud pour tasses Cricut Transferpresse Mugpress au meilleur prix. Inclut: Feutres 2 Tasses Ruban adh\u00e9sif Feuilles de transfert infusibles pour plotter de d\u00e9coupe Type: [&hellip;]<\/p>\n","protected":false},"featured_media":36582,"comment_status":"open","ping_status":"closed","template":"","meta":[],"product_brand":[1238],"product_cat":[613,239],"product_tag":[105,59],"class_list":{"0":"post-36605","1":"product","2":"type-product","3":"status-publish","4":"has-post-thumbnail","6":"product_brand-brandp_7546","7":"product_cat-bricolage-et-materiel","8":"product_cat-maison-jardin","9":"product_tag-tag_21","10":"product_tag-tag_1304","12":"first","13":"instock","14":"taxable","15":"shipping-taxable","16":"purchasable","17":"product-type-simple"},"_links":{"self":[{"href":"https:\/\/bigbuy.tupique.com\/pt\/wp-json\/wp\/v2\/product\/36605","targetHints":{"allow":["GET"]}}],"collection":[{"href":"https:\/\/bigbuy.tupique.com\/pt\/wp-json\/wp\/v2\/product"}],"about":[{"href":"https:\/\/bigbuy.tupique.com\/pt\/wp-json\/wp\/v2\/types\/product"}],"replies":[{"embeddable":true,"href":"https:\/\/bigbuy.tupique.com\/pt\/wp-json\/wp\/v2\/comments?post=36605"}],"wp:featuredmedia":[{"embeddable":true,"href":"https:\/\/bigbuy.tupique.com\/pt\/wp-json\/wp\/v2\/media\/36582"}],"wp:attachment":[{"href":"https:\/\/bigbuy.tupique.com\/pt\/wp-json\/wp\/v2\/media?parent=36605"}],"wp:term":[{"taxonomy":"product_brand","embeddable":true,"href":"https:\/\/bigbuy.tupique.com\/pt\/wp-json\/wp\/v2\/product_brand?post=36605"},{"taxonomy":"product_cat","embeddable":true,"href":"https:\/\/bigbuy.tupique.com\/pt\/wp-json\/wp\/v2\/product_cat?post=36605"},{"taxonomy":"product_tag","embeddable":true,"href":"https:\/\/bigbuy.tupique.com\/pt\/wp-json\/wp\/v2\/product_tag?post=36605"}],"curies":[{"name":"wp","href":"https:\/\/api.w.org\/{rel}","templated":true}]}}