{"id":36532,"date":"2026-03-30T07:45:46","date_gmt":"2026-03-30T06:45:46","guid":{"rendered":"https:\/\/bigbuy.tupique.com\/produto\/smartphone-google-pixel-10-pro-63-octa-core-16-gb-ram-128-gb-grey\/"},"modified":"2026-05-11T19:55:42","modified_gmt":"2026-05-11T17:55:42","slug":"smartphone-google-pixel-10-pro-63-octa-core-16-gb-ram-128-gb-grey","status":"publish","type":"product","link":"https:\/\/bigbuy.tupique.com\/pt\/produto\/smartphone-google-pixel-10-pro-63-octa-core-16-gb-ram-128-gb-grey\/","title":{"rendered":"Smartphone Google PIXEL 10 PRO 6,3&#8243; Octa Core 16 GB RAM 128 GB Gris"},"content":{"rendered":"<p>Si vous \u00eates passionn\u00e9 d&#8217;<b>informatique et d&#8217;\u00e9lectronique<\/b>, si vous \u00eates \u00e0 la pointe de la technologie et qu&#8217;aucun d\u00e9tail ne vous \u00e9chappe, achetez <b>Smartphone Google PIXEL 10 PRO 6,3&#8243; Octa Core 16 GB RAM 128 GB Gris<\/b> au meilleur prix.<\/p>\n<p>Le <b>Google Pixel 10 Pro<\/b> en <b>gris<\/b> est un <b>smartphone<\/b> avanc\u00e9 con\u00e7u pour r\u00e9pondre aux besoins des utilisateurs exigeants recherchant une technologie de pointe et une exp\u00e9rience mobile compl\u00e8te. Il int\u00e8gre une puissante <b>m\u00e9moire RAM de 16 Go<\/b>, id\u00e9ale pour le multit\u00e2che et la gestion fluide des applications performantes, permettant de profiter pleinement du syst\u00e8me d\u2019exploitation et des derni\u00e8res mises \u00e0 jour Android. Son <b>\u00e9cran de 6,3 pouces<\/b> assure une visualisation nette et immersive, parfaite pour le multim\u00e9dia comme pour le travail quotidien, avec compatibilit\u00e9 <b>HDR<\/b> pour un meilleur contraste et des couleurs \u00e9clatantes dans tous les environnements. La capacit\u00e9 de stockage interne de <b>128 Go<\/b> offre suffisamment d\u2019espace pour les applications, photos et vid\u00e9os sans souci de place. Il dispose d\u2019un <b>GPS<\/b> int\u00e9gr\u00e9, facilitant une navigation pr\u00e9cise lors de d\u00e9placements urbains ou de voyages, et propose des fonctions avanc\u00e9es telles que <b>barom\u00e8tre<\/b>, <b>capteur de lumi\u00e8re ambiante<\/b> et <b>autofocus<\/b>, optimisant l\u2019exp\u00e9rience photographique et les performances globales de l\u2019appareil. Son design se distingue par des finitions soign\u00e9es et l\u2019\u00e9l\u00e9gance du gris, en accord avec l\u2019esth\u00e9tique moderne propre \u00e0 Google. Ce mod\u00e8le constitue une alternative solide dans le haut de gamme, id\u00e9al pour ceux qui recherchent puissance, fiabilit\u00e9 et fonctionnalit\u00e9s intelligentes dans leur t\u00e9l\u00e9phone mobile.<\/p>\n<ul>\n<li>Type: Smartphone<\/li>\n<li>Produit \u00e0 brancher: Oui<\/li>\n<li>Diagonale de l&#8217;\u00e9cran (cm): 16 cm<\/li>\n<li>Type de prise: Prise EU<\/li>\n<li>Bloc d\u2019Alimentation: r\u00e9seau \u00e9lectrique<\/li>\n<li>Ecran: 6,3&#8243;<\/li>\n<li>Syst\u00e8me d&#8217;exploitation: Android<\/li>\n<li>puissance: 30 W<\/li>\n<li>Connectivit\u00e9:\n<ul>\n<li>NFC<\/li>\n<li>Bluetooth<\/li>\n<li>BeiDou<\/li>\n<li>5G<\/li>\n<li>LTE<\/li>\n<li>WI-FI 7<\/li>\n<\/ul>\n<\/li>\n<li>Cam\u00e9ra\/Appareil Photo:\n<ul>\n<li>50 Mp<\/li>\n<li>Frontal<\/li>\n<li>Triple<\/li>\n<\/ul>\n<\/li>\n<li>Connexions:\n<ul>\n<li>USB-C<\/li>\n<li>Dual SIM<\/li>\n<\/ul>\n<\/li>\n<li>Processeur: Octa Core<\/li>\n<li>M\u00e9moire RAM: 16 GB RAM<\/li>\n<li>M\u00e9moire interne: 128 GB<\/li>\n<li>Couleur: Gris<\/li>\n<li>Caract\u00e9ristiques:\n<ul>\n<li>GPS<\/li>\n<li>Barom\u00e8tre<\/li>\n<li>Capteur de lumi\u00e8re ambiante<\/li>\n<li>HDR<\/li>\n<li>Autofocus<\/li>\n<li>Syst\u00e8me de reconnaissance faciale<\/li>\n<li>Stabilisateur d&#8217;image<\/li>\n<li>Lecteur d&#8217;empreintes<\/li>\n<li>Capteur de proximit\u00e9<\/li>\n<li>Gorilla Glass<\/li>\n<li>\u00c9cran plat<\/li>\n<\/ul>\n<\/li>\n<li>Classification \u00e9nerg\u00e9tique: A<\/li>\n<li>Capteurs:\n<ul>\n<li>Acc\u00e9l\u00e9rom\u00e8tre<\/li>\n<li>Gyroscope<\/li>\n<li>Magn\u00e9tique<\/li>\n<\/ul>\n<\/li>\n<li>Fonctions: ECO<\/li>\n<li>Technologie:\n<ul>\n<li>Mime<\/li>\n<li>Glonass<\/li>\n<li>OLED<\/li>\n<\/ul>\n<\/li>\n<li>Fr\u00e9quence: 120 Hz<\/li>\n<li>Angle: 123\u00ba<\/li>\n<li>Rapport d&#8217;aspect: 20:9<\/li>\n<li>R\u00e9solution (px): 1080 px<\/li>\n<\/ul>","protected":false},"excerpt":{"rendered":"<p>Si vous \u00eates passionn\u00e9 d&#8217;informatique et d&#8217;\u00e9lectronique, si vous \u00eates \u00e0 la pointe de la technologie et qu&#8217;aucun d\u00e9tail ne vous \u00e9chappe, achetez Smartphone Google PIXEL 10 PRO 6,3&#8243; Octa Core 16 GB RAM 128 GB Gris au meilleur prix. Le Google Pixel 10 Pro en gris est un smartphone avanc\u00e9 con\u00e7u pour r\u00e9pondre aux [&hellip;]<\/p>\n","protected":false},"featured_media":36521,"comment_status":"open","ping_status":"closed","template":"","meta":[],"product_brand":[1149],"product_cat":[575,65,960],"product_tag":[213,566,106],"class_list":{"0":"post-36532","1":"product","2":"type-product","3":"status-publish","4":"has-post-thumbnail","6":"product_brand-brandp_2817","7":"product_cat-electronique-telephonie-et-tablettes","8":"product_cat-informatique-electronique","9":"product_cat-telephones-portables","10":"product_tag-tag_933","11":"product_tag-tag_547","12":"product_tag-tag_1295","14":"first","15":"instock","16":"taxable","17":"shipping-taxable","18":"purchasable","19":"product-type-simple"},"_links":{"self":[{"href":"https:\/\/bigbuy.tupique.com\/pt\/wp-json\/wp\/v2\/product\/36532","targetHints":{"allow":["GET"]}}],"collection":[{"href":"https:\/\/bigbuy.tupique.com\/pt\/wp-json\/wp\/v2\/product"}],"about":[{"href":"https:\/\/bigbuy.tupique.com\/pt\/wp-json\/wp\/v2\/types\/product"}],"replies":[{"embeddable":true,"href":"https:\/\/bigbuy.tupique.com\/pt\/wp-json\/wp\/v2\/comments?post=36532"}],"wp:featuredmedia":[{"embeddable":true,"href":"https:\/\/bigbuy.tupique.com\/pt\/wp-json\/wp\/v2\/media\/36521"}],"wp:attachment":[{"href":"https:\/\/bigbuy.tupique.com\/pt\/wp-json\/wp\/v2\/media?parent=36532"}],"wp:term":[{"taxonomy":"product_brand","embeddable":true,"href":"https:\/\/bigbuy.tupique.com\/pt\/wp-json\/wp\/v2\/product_brand?post=36532"},{"taxonomy":"product_cat","embeddable":true,"href":"https:\/\/bigbuy.tupique.com\/pt\/wp-json\/wp\/v2\/product_cat?post=36532"},{"taxonomy":"product_tag","embeddable":true,"href":"https:\/\/bigbuy.tupique.com\/pt\/wp-json\/wp\/v2\/product_tag?post=36532"}],"curies":[{"name":"wp","href":"https:\/\/api.w.org\/{rel}","templated":true}]}}