{"id":36346,"date":"2026-03-30T07:34:53","date_gmt":"2026-03-30T06:34:53","guid":{"rendered":"https:\/\/bigbuy.tupique.com\/produto\/hard-drive-kingston-snv3sm3-1t0-1-tb-ssd\/"},"modified":"2026-04-16T10:11:17","modified_gmt":"2026-04-16T09:11:17","slug":"hard-drive-kingston-snv3sm3-1t0-1-tb-ssd","status":"publish","type":"product","link":"https:\/\/bigbuy.tupique.com\/pt\/produto\/hard-drive-kingston-snv3sm3-1t0-1-tb-ssd\/","title":{"rendered":"Disque dur Kingston SNV3SM3\/1T0 1 TB SSD"},"content":{"rendered":"<p>Si vous \u00eates \u00e0 la recherche de nouvelles tendances sur le march\u00e9, nous vous pr\u00e9sentons <b>Disque dur Kingston SNV3SM3\/1T0 1 TB SSD<\/b> !<\/p>\n<p>Le <b>Kingston SNV3SM3\/1T0<\/b> est un <b>disque dur SSD NVMe M.2<\/b> con\u00e7u pour offrir un stockage rapide et \u00e9conome en \u00e9nergie dans un format compact. Ce disque \u00e0 \u00e9tat solide dispose d\u2019une capacit\u00e9 de <b>1 To<\/b>, id\u00e9ale pour les utilisateurs d\u2019ordinateurs portables et de consoles de jeux n\u00e9cessitant plus d\u2019espace pour applications, vid\u00e9os, documents et jeux. Il utilise l\u2019interface <b>PCI Express 4.0 Gen 4&#215;4<\/b>, permettant des vitesses de lecture jusqu\u2019\u00e0 <b>6 000 Mo\/s<\/b> et d\u2019\u00e9criture jusqu\u2019\u00e0 <b>4 000 Mo\/s<\/b>, assurant des chargements rapides et des transferts intensifs sans perte de performance. Son format M.2 2230, avec une longueur r\u00e9duite de <b>30 mm<\/b>, le rend particuli\u00e8rement adapt\u00e9 aux syst\u00e8mes \u00e0 espace limit\u00e9 et aux appareils ultral\u00e9gers, offrant un bon \u00e9quilibre entre taille et performance. Le disque se pr\u00e9sente en finition <b>bleue<\/b> distinctive, et se distingue par sa faible consommation d\u2019\u00e9nergie et sa r\u00e9duction de la chaleur g\u00e9n\u00e9r\u00e9e, garantissant une op\u00e9ration stable et efficace sur les syst\u00e8mes portables et de jeu. Le Kingston SNV3SM3\/1T0 propose une solution de stockage r\u00e9pondant aux exigences actuelles de vitesse et capacit\u00e9 sur des appareils compacts, optimisant l\u2019exp\u00e9rience utilisateur lors de t\u00e2ches intensives et prolong\u00e9es. Ce SSD repr\u00e9sente un choix \u00e9quilibr\u00e9 entre innovation technologique et capacit\u00e9 fonctionnelle pour ceux qui souhaitent moderniser leur \u00e9quipement avec un stockage rapide, fiable et de derni\u00e8re g\u00e9n\u00e9ration.<\/p>\n<ul>\n<li>Connexions:\n<ul>\n<li>M.2<\/li>\n<li>PCI Express 4.0<\/li>\n<li>USB<\/li>\n<\/ul>\n<\/li>\n<li>Type de m\u00e9moire: 3D NAND<\/li>\n<li>Disque dur: 1 TB SSD<\/li>\n<li>Couleur: Bleu<\/li>\n<li>Vitesse de rotation: 7200 rpm<\/li>\n<li>Compatible: SSD NVMe<\/li>\n<li>Type: SSD<\/li>\n<li>puissance: 50 W<\/li>\n<li>Plage de temp\u00e9ratures de travail: 0\u00ba \/ 70\u00ba<\/li>\n<\/ul>","protected":false},"excerpt":{"rendered":"<p>Si vous \u00eates \u00e0 la recherche de nouvelles tendances sur le march\u00e9, nous vous pr\u00e9sentons Disque dur Kingston SNV3SM3\/1T0 1 TB SSD ! Le Kingston SNV3SM3\/1T0 est un disque dur SSD NVMe M.2 con\u00e7u pour offrir un stockage rapide et \u00e9conome en \u00e9nergie dans un format compact. Ce disque \u00e0 \u00e9tat solide dispose d\u2019une capacit\u00e9 [&hellip;]<\/p>\n","protected":false},"featured_media":52403,"comment_status":"open","ping_status":"closed","template":"","meta":[],"product_brand":[638],"product_cat":[588,65,584],"product_tag":[106],"class_list":{"0":"post-36346","1":"product","2":"type-product","3":"status-publish","4":"has-post-thumbnail","6":"product_brand-brandp_557","7":"product_cat-disques-durs","8":"product_cat-informatique-electronique","9":"product_cat-informatique-reseaux-et-composants","10":"product_tag-tag_1295","12":"first","13":"instock","14":"taxable","15":"shipping-taxable","16":"purchasable","17":"product-type-simple"},"_links":{"self":[{"href":"https:\/\/bigbuy.tupique.com\/pt\/wp-json\/wp\/v2\/product\/36346","targetHints":{"allow":["GET"]}}],"collection":[{"href":"https:\/\/bigbuy.tupique.com\/pt\/wp-json\/wp\/v2\/product"}],"about":[{"href":"https:\/\/bigbuy.tupique.com\/pt\/wp-json\/wp\/v2\/types\/product"}],"replies":[{"embeddable":true,"href":"https:\/\/bigbuy.tupique.com\/pt\/wp-json\/wp\/v2\/comments?post=36346"}],"wp:featuredmedia":[{"embeddable":true,"href":"https:\/\/bigbuy.tupique.com\/pt\/wp-json\/wp\/v2\/media\/52403"}],"wp:attachment":[{"href":"https:\/\/bigbuy.tupique.com\/pt\/wp-json\/wp\/v2\/media?parent=36346"}],"wp:term":[{"taxonomy":"product_brand","embeddable":true,"href":"https:\/\/bigbuy.tupique.com\/pt\/wp-json\/wp\/v2\/product_brand?post=36346"},{"taxonomy":"product_cat","embeddable":true,"href":"https:\/\/bigbuy.tupique.com\/pt\/wp-json\/wp\/v2\/product_cat?post=36346"},{"taxonomy":"product_tag","embeddable":true,"href":"https:\/\/bigbuy.tupique.com\/pt\/wp-json\/wp\/v2\/product_tag?post=36346"}],"curies":[{"name":"wp","href":"https:\/\/api.w.org\/{rel}","templated":true}]}}