{"id":35952,"date":"2026-03-30T07:15:02","date_gmt":"2026-03-30T06:15:02","guid":{"rendered":"https:\/\/bigbuy.tupique.com\/produto\/motherboard-asus-lga-1851-7\/"},"modified":"2026-04-16T16:02:12","modified_gmt":"2026-04-16T15:02:12","slug":"motherboard-asus-lga-1851-7","status":"publish","type":"product","link":"https:\/\/bigbuy.tupique.com\/pt\/produto\/motherboard-asus-lga-1851-7\/","title":{"rendered":"Carte M\u00e8re Asus LGA 1851"},"content":{"rendered":"<p>Si vous \u00eates passionn\u00e9 d&#8217;<b>informatique et d&#8217;\u00e9lectronique<\/b>, si vous \u00eates \u00e0 la pointe de la technologie et qu&#8217;aucun d\u00e9tail ne vous \u00e9chappe, achetez <b>Carte M\u00e8re Asus LGA 1851<\/b> au meilleur prix.<\/p>\n<p>La <b>carte m\u00e8re ASUS ROG STRIX B860-F GAMING WIFI<\/b> est une <b>carte m\u00e8re<\/b> destin\u00e9e aux utilisateurs recherchant fiabilit\u00e9 et performance sur des syst\u00e8mes compatibles <b>PC<\/b> avec support natif de <b>Windows 11<\/b>. Cette carte se distingue par son <b>chipset Intel B860<\/b> moderne, con\u00e7u pour exploiter pleinement les processeurs compatibles avec le socket <b>LGA 1851 (Socket V1)<\/b>, permettant l\u2019installation de CPUs derni\u00e8re g\u00e9n\u00e9ration avec des gains en efficacit\u00e9 et performance. Son format <b>ATX<\/b> offre un bon \u00e9quilibre entre espace pour composants et ventilation, facilitant l\u2019installation dans des bo\u00eetiers standards et l\u2019int\u00e9gration avec d\u2019autres p\u00e9riph\u00e9riques. C\u00f4t\u00e9 connectivit\u00e9, elle dispose de ports <b>HDMI<\/b> pour des sorties vid\u00e9o de haute qualit\u00e9 vers moniteurs ou appareils externes, ainsi que de compatibilit\u00e9s <b>USB, USB-C<\/b> et <b>Bluetooth<\/b>, \u00e9largissant les options pour connecter p\u00e9riph\u00e9riques, appareils sans fil et unit\u00e9s de stockage externes de mani\u00e8re polyvalente. Les fonctionnalit\u00e9s propres \u00e0 la gamme ROG STRIX garantissent un design soign\u00e9, orient\u00e9 gaming et utilisateurs exigeants en stabilit\u00e9 lors d\u2019utilisations prolong\u00e9es ou intensives. Cette carte combine compatibilit\u00e9 avanc\u00e9e avec syst\u00e8mes r\u00e9cents et mat\u00e9riel de derni\u00e8re g\u00e9n\u00e9ration, constituant une base solide pour construire ou mettre \u00e0 jour des PC performants et polyvalents. En r\u00e9sum\u00e9, la ASUS ROG STRIX B860-F GAMING WIFI repr\u00e9sente une solution \u00e9quilibr\u00e9e pour ceux qui assemblent des ordinateurs de bureau avec des exigences techniques actuelles, misant sur une technologie moderne et une connectivit\u00e9 compl\u00e8te.<\/p>\n<ul>\n<li>Type:\n<ul>\n<li>Carte M\u00e8re<\/li>\n<li>Protection pour t\u00e9l\u00e9phone portable<\/li>\n<li>ATX<\/li>\n<li>UEFI<\/li>\n<\/ul>\n<\/li>\n<li>Profondeur: 244 mm<\/li>\n<li>Bluetooth: Oui<\/li>\n<li>Chipset: Intel B860<\/li>\n<li>Poids: 1,51 kg<\/li>\n<li>Syst\u00e8me d&#8217;exploitation: Windows 11<\/li>\n<li>Connexions:\n<ul>\n<li>M.2<\/li>\n<li>SATA<\/li>\n<li>DisplayPort<\/li>\n<li>USB 3.2<\/li>\n<li>RJ45<\/li>\n<li>USB-C<\/li>\n<li>Jack 3.5 mm<\/li>\n<li>HDMI<\/li>\n<li>USB<\/li>\n<li>Thunderbolt<\/li>\n<li>PCI Express 5.0<\/li>\n<li>PCI Express 4.0<\/li>\n<li>HDMI x 1<\/li>\n<li>2 x USB 2.0<\/li>\n<li>Microphone<\/li>\n<li>Ethernet LAN<\/li>\n<li>SATA x 4<\/li>\n<li>Thunderbolt x 1<\/li>\n<li>DIMM<\/li>\n<li>PCI Express x16 2.0<\/li>\n<li>DisplayPort x 1<\/li>\n<li>USB 3.2 x 1<\/li>\n<li>RJ45 x 1<\/li>\n<\/ul>\n<\/li>\n<li>Connectivit\u00e9:\n<ul>\n<li>WI-FI 7<\/li>\n<li>Bluetooth<\/li>\n<li>Wi-Fi<\/li>\n<\/ul>\n<\/li>\n<li>Compatible:\n<ul>\n<li>Windows 11<\/li>\n<li>HDD\/SSD<\/li>\n<li>PC<\/li>\n<\/ul>\n<\/li>\n<li>M\u00e9moire RAM maximale: 256 GB<\/li>\n<li>Poids approx.: 1,51 kg<\/li>\n<li>\u00c9lev\u00e9: 5 cm<\/li>\n<li>Couleur: Multicouleur<\/li>\n<li>Facteur de forme: ATX<\/li>\n<li>Interface: Gigabit Ethernet<\/li>\n<li>M\u00e9moire: 256 MB<\/li>\n<li>Nombre d&#8217;emplacements m\u00e9moire: 4<\/li>\n<li>Haut-parleurs: 7.1<\/li>\n<li>Largeur: 30,5 cm<\/li>\n<li>Type de m\u00e9moire: DDR5<\/li>\n<li>Famille de processeurs: Intel<\/li>\n<li>Socket: LGA 1851<\/li>\n<\/ul>","protected":false},"excerpt":{"rendered":"<p>Si vous \u00eates passionn\u00e9 d&#8217;informatique et d&#8217;\u00e9lectronique, si vous \u00eates \u00e0 la pointe de la technologie et qu&#8217;aucun d\u00e9tail ne vous \u00e9chappe, achetez Carte M\u00e8re Asus LGA 1851 au meilleur prix. La carte m\u00e8re ASUS ROG STRIX B860-F GAMING WIFI est une carte m\u00e8re destin\u00e9e aux utilisateurs recherchant fiabilit\u00e9 et performance sur des syst\u00e8mes compatibles [&hellip;]<\/p>\n","protected":false},"featured_media":35909,"comment_status":"open","ping_status":"closed","template":"","meta":[],"product_brand":[798],"product_cat":[736,65,584],"product_tag":[59,106],"class_list":{"0":"post-35952","1":"product","2":"type-product","3":"status-publish","4":"has-post-thumbnail","6":"product_brand-brandp_536","7":"product_cat-cartes-meres","8":"product_cat-informatique-electronique","9":"product_cat-informatique-reseaux-et-composants","10":"product_tag-tag_1304","11":"product_tag-tag_1295","13":"first","14":"instock","15":"taxable","16":"shipping-taxable","17":"purchasable","18":"product-type-simple"},"_links":{"self":[{"href":"https:\/\/bigbuy.tupique.com\/pt\/wp-json\/wp\/v2\/product\/35952","targetHints":{"allow":["GET"]}}],"collection":[{"href":"https:\/\/bigbuy.tupique.com\/pt\/wp-json\/wp\/v2\/product"}],"about":[{"href":"https:\/\/bigbuy.tupique.com\/pt\/wp-json\/wp\/v2\/types\/product"}],"replies":[{"embeddable":true,"href":"https:\/\/bigbuy.tupique.com\/pt\/wp-json\/wp\/v2\/comments?post=35952"}],"wp:featuredmedia":[{"embeddable":true,"href":"https:\/\/bigbuy.tupique.com\/pt\/wp-json\/wp\/v2\/media\/35909"}],"wp:attachment":[{"href":"https:\/\/bigbuy.tupique.com\/pt\/wp-json\/wp\/v2\/media?parent=35952"}],"wp:term":[{"taxonomy":"product_brand","embeddable":true,"href":"https:\/\/bigbuy.tupique.com\/pt\/wp-json\/wp\/v2\/product_brand?post=35952"},{"taxonomy":"product_cat","embeddable":true,"href":"https:\/\/bigbuy.tupique.com\/pt\/wp-json\/wp\/v2\/product_cat?post=35952"},{"taxonomy":"product_tag","embeddable":true,"href":"https:\/\/bigbuy.tupique.com\/pt\/wp-json\/wp\/v2\/product_tag?post=35952"}],"curies":[{"name":"wp","href":"https:\/\/api.w.org\/{rel}","templated":true}]}}