{"id":35813,"date":"2026-03-30T07:10:24","date_gmt":"2026-03-30T06:10:24","guid":{"rendered":"https:\/\/bigbuy.tupique.com\/produto\/bluetooth-headband-headphones-apple-airpods-max-2a-gen-white-2-units\/"},"modified":"2026-04-15T05:22:28","modified_gmt":"2026-04-15T04:22:28","slug":"bluetooth-headband-headphones-apple-airpods-max-2a-gen-white-2-units","status":"publish","type":"product","link":"https:\/\/bigbuy.tupique.com\/pt\/produto\/bluetooth-headband-headphones-apple-airpods-max-2a-gen-white-2-units\/","title":{"rendered":"Casque Bluetooth \u00e0 Bandeau Apple AirPods Max (2\u00aa Gen.) Blanc (2 Unit\u00e9s)"},"content":{"rendered":"<p>Si vous \u00eates passionn\u00e9 d&#8217;<b>informatique et d&#8217;\u00e9lectronique<\/b>, si vous \u00eates \u00e0 la pointe de la technologie et qu&#8217;aucun d\u00e9tail ne vous \u00e9chappe, achetez <b>Casque Bluetooth \u00e0 Bandeau Apple AirPods Max (2\u00aa Gen.) Blanc (2 Unit\u00e9s)<\/b> au meilleur prix.<\/p>\n<p>Les <b>casques avec microphone Apple AirPods Max mod\u00e8le MWW53ZM\/A<\/b> sont un appareil audio haut de gamme con\u00e7u pour ceux qui recherchent une haute fid\u00e9lit\u00e9 et un confort avanc\u00e9. Ce mod\u00e8le combine un syst\u00e8me robuste de <b>r\u00e9duction active du bruit et d\u2019att\u00e9nuation des bruits<\/b>, isolant efficacement l\u2019environnement pour une exp\u00e9rience d\u2019\u00e9coute immersive sans interf\u00e9rences ext\u00e9rieures. Ils offrent une connectivit\u00e9 polyvalente incluant le <b>Bluetooth sans fil<\/b>, facilitant la connexion sans c\u00e2ble aux appareils compatibles, ainsi que des ports <b>USB et USB-C<\/b> qui multiplient les options de connexion et de charge selon les besoins de l\u2019utilisateur. Disponibles en couleurs <b>blanc et beige<\/b>, ils pr\u00e9sentent un design \u00e9l\u00e9gant et sobre, caract\u00e9ristique de la gamme Apple. De plus, ces casques disposent d\u2019un <b>microphone int\u00e9gr\u00e9<\/b> garantissant une qualit\u00e9 vocale claire pour appels et communications, en faisant une solution optimale pour un usage personnel ou professionnel. Leur conception vise \u00e0 offrir un confort prolong\u00e9 lors de longues sessions, tout en int\u00e9grant des technologies sophistiqu\u00e9es qui optimisent la restitution sonore haute r\u00e9solution. Ensemble, les AirPods Max proposent une exp\u00e9rience audio sup\u00e9rieure avec des fonctionnalit\u00e9s actuelles de connectivit\u00e9 et de confort, en accord avec la valeur ajout\u00e9e d\u2019Apple en tant que fabricant de dispositifs technologiques haut de gamme. Ce produit se positionne comme une alternative id\u00e9ale pour ceux qui recherchent des casques sans fil avanc\u00e9s sans compromis sur la qualit\u00e9 ni le design.<\/p>\n<ul>\n<li>Couleur: Blanc<\/li>\n<li>Connexions:\n<ul>\n<li>USB-C<\/li>\n<li>USB<\/li>\n<\/ul>\n<\/li>\n<li>Type: Casques avec Microphone<\/li>\n<li>Caract\u00e9ristiques:\n<ul>\n<li>R\u00e9duction du bruit<\/li>\n<li>Microphone int\u00e9gr\u00e9<\/li>\n<li>Sans fil<\/li>\n<\/ul>\n<\/li>\n<li>Connectivit\u00e9:\n<ul>\n<li>Bluetooth<\/li>\n<li>Sans fil<\/li>\n<li>Bluetooth 5.0<\/li>\n<\/ul>\n<\/li>\n<li>Type de casque: Circonf\u00e9rence externe<\/li>\n<li>Syst\u00e8me d&#8217;exploitation: iOS<\/li>\n<li>Genre: Unisexe<\/li>\n<li>Compatible: Mac OS<\/li>\n<li>Temps de charge approx.: 1,5 heures<\/li>\n<li>Fonctions: Acc\u00e9l\u00e9rom\u00e8tre<\/li>\n<li>Inclut:\n<ul>\n<li>Sangle pour le cou<\/li>\n<li>Chargeur<\/li>\n<li>Housse de transport<\/li>\n<\/ul>\n<\/li>\n<li>Poids: 1,15 Kg<\/li>\n<li>Contr\u00f4leur de volume: Rotary<\/li>\n<li>Casque: Binaural<\/li>\n<li>Type de commande:\n<ul>\n<li>Dynamique<\/li>\n<li>Boutons, rotatif<\/li>\n<\/ul>\n<\/li>\n<li>Utilisation recommand\u00e9e: Appels et musique<\/li>\n<li>Unit\u00e9s: 2 Unit\u00e9s<\/li>\n<li>Autonomie approx.: 20 heures<\/li>\n<\/ul>","protected":false},"excerpt":{"rendered":"<p>Si vous \u00eates passionn\u00e9 d&#8217;informatique et d&#8217;\u00e9lectronique, si vous \u00eates \u00e0 la pointe de la technologie et qu&#8217;aucun d\u00e9tail ne vous \u00e9chappe, achetez Casque Bluetooth \u00e0 Bandeau Apple AirPods Max (2\u00aa Gen.) Blanc (2 Unit\u00e9s) au meilleur prix. Les casques avec microphone Apple AirPods Max mod\u00e8le MWW53ZM\/A sont un appareil audio haut de gamme con\u00e7u [&hellip;]<\/p>\n","protected":false},"featured_media":35810,"comment_status":"open","ping_status":"closed","template":"","meta":[],"product_brand":[979],"product_cat":[65,581,594],"product_tag":[213,566,106],"class_list":{"0":"post-35813","1":"product","2":"type-product","3":"status-publish","4":"has-post-thumbnail","6":"product_brand-brandp_533","7":"product_cat-informatique-electronique","8":"product_cat-informatique-peripheriques-et-consommables","9":"product_cat-micros-et-ecouteurs","10":"product_tag-tag_933","11":"product_tag-tag_547","12":"product_tag-tag_1295","14":"first","15":"instock","16":"taxable","17":"shipping-taxable","18":"purchasable","19":"product-type-simple"},"_links":{"self":[{"href":"https:\/\/bigbuy.tupique.com\/pt\/wp-json\/wp\/v2\/product\/35813","targetHints":{"allow":["GET"]}}],"collection":[{"href":"https:\/\/bigbuy.tupique.com\/pt\/wp-json\/wp\/v2\/product"}],"about":[{"href":"https:\/\/bigbuy.tupique.com\/pt\/wp-json\/wp\/v2\/types\/product"}],"replies":[{"embeddable":true,"href":"https:\/\/bigbuy.tupique.com\/pt\/wp-json\/wp\/v2\/comments?post=35813"}],"wp:featuredmedia":[{"embeddable":true,"href":"https:\/\/bigbuy.tupique.com\/pt\/wp-json\/wp\/v2\/media\/35810"}],"wp:attachment":[{"href":"https:\/\/bigbuy.tupique.com\/pt\/wp-json\/wp\/v2\/media?parent=35813"}],"wp:term":[{"taxonomy":"product_brand","embeddable":true,"href":"https:\/\/bigbuy.tupique.com\/pt\/wp-json\/wp\/v2\/product_brand?post=35813"},{"taxonomy":"product_cat","embeddable":true,"href":"https:\/\/bigbuy.tupique.com\/pt\/wp-json\/wp\/v2\/product_cat?post=35813"},{"taxonomy":"product_tag","embeddable":true,"href":"https:\/\/bigbuy.tupique.com\/pt\/wp-json\/wp\/v2\/product_tag?post=35813"}],"curies":[{"name":"wp","href":"https:\/\/api.w.org\/{rel}","templated":true}]}}