{"id":35594,"date":"2026-03-30T06:57:49","date_gmt":"2026-03-30T05:57:49","guid":{"rendered":"https:\/\/bigbuy.tupique.com\/produto\/mens-sunglasses-david-beckham-db-7146_s-multicolour\/"},"modified":"2026-04-15T05:22:22","modified_gmt":"2026-04-15T04:22:22","slug":"mens-sunglasses-david-beckham-db-7146_s-multicolour","status":"publish","type":"product","link":"https:\/\/bigbuy.tupique.com\/pt\/produto\/mens-sunglasses-david-beckham-db-7146_s-multicolour\/","title":{"rendered":"Lunettes de soleil Homme David Beckham DB 7146_S Multicouleur"},"content":{"rendered":"<p>Si vous \u00eates \u00e0 la recherche de nouvelles tendances sur le march\u00e9, nous vous pr\u00e9sentons <b>Lunettes de soleil Homme David Beckham DB 7146_S Multicouleur<\/b> !<\/p>\n<ul>\n<li>Type: Lunettes de soleil Homme<\/li>\n<li>Protection: Prot\u00e8gent contre 100 % des rayons UV (UV400)<\/li>\n<li>Couleur de la monture: Multicouleur<\/li>\n<li>Mati\u00e8re: Ac\u00e9tate<\/li>\n<li>Genre: Homme<\/li>\n<\/ul>","protected":false},"excerpt":{"rendered":"<p>Si vous \u00eates \u00e0 la recherche de nouvelles tendances sur le march\u00e9, nous vous pr\u00e9sentons Lunettes de soleil Homme David Beckham DB 7146_S Multicouleur ! Type: Lunettes de soleil Homme Protection: Prot\u00e8gent contre 100 % des rayons UV (UV400) Couleur de la monture: Multicouleur Mati\u00e8re: Ac\u00e9tate Genre: Homme<\/p>","protected":false},"featured_media":35592,"comment_status":"open","ping_status":"closed","template":"","meta":[],"product_brand":[847],"product_cat":[773,775,544],"product_tag":[103,723,721,543],"class_list":{"0":"post-35594","1":"product","2":"type-product","3":"status-publish","4":"has-post-thumbnail","6":"product_brand-brandp_7364","7":"product_cat-lunettes-de-soleil","8":"product_cat-lunettes-de-soleil-homme","9":"product_cat-mode-accessoires","10":"product_tag-tag_1261","11":"product_tag-tag_1273","12":"product_tag-tag_124","13":"product_tag-tag_61","15":"first","16":"instock","17":"taxable","18":"shipping-taxable","19":"purchasable","20":"product-type-simple"},"_links":{"self":[{"href":"https:\/\/bigbuy.tupique.com\/pt\/wp-json\/wp\/v2\/product\/35594","targetHints":{"allow":["GET"]}}],"collection":[{"href":"https:\/\/bigbuy.tupique.com\/pt\/wp-json\/wp\/v2\/product"}],"about":[{"href":"https:\/\/bigbuy.tupique.com\/pt\/wp-json\/wp\/v2\/types\/product"}],"replies":[{"embeddable":true,"href":"https:\/\/bigbuy.tupique.com\/pt\/wp-json\/wp\/v2\/comments?post=35594"}],"wp:featuredmedia":[{"embeddable":true,"href":"https:\/\/bigbuy.tupique.com\/pt\/wp-json\/wp\/v2\/media\/35592"}],"wp:attachment":[{"href":"https:\/\/bigbuy.tupique.com\/pt\/wp-json\/wp\/v2\/media?parent=35594"}],"wp:term":[{"taxonomy":"product_brand","embeddable":true,"href":"https:\/\/bigbuy.tupique.com\/pt\/wp-json\/wp\/v2\/product_brand?post=35594"},{"taxonomy":"product_cat","embeddable":true,"href":"https:\/\/bigbuy.tupique.com\/pt\/wp-json\/wp\/v2\/product_cat?post=35594"},{"taxonomy":"product_tag","embeddable":true,"href":"https:\/\/bigbuy.tupique.com\/pt\/wp-json\/wp\/v2\/product_tag?post=35594"}],"curies":[{"name":"wp","href":"https:\/\/api.w.org\/{rel}","templated":true}]}}