{"id":35386,"date":"2026-03-30T06:46:34","date_gmt":"2026-03-30T05:46:34","guid":{"rendered":"https:\/\/bigbuy.tupique.com\/produto\/robot-vacuum-cleaner-ecovacs-x9-pro-omni\/"},"modified":"2026-04-16T15:15:59","modified_gmt":"2026-04-16T14:15:59","slug":"robot-vacuum-cleaner-ecovacs-x9-pro-omni","status":"publish","type":"product","link":"https:\/\/bigbuy.tupique.com\/pt\/produto\/robot-vacuum-cleaner-ecovacs-x9-pro-omni\/","title":{"rendered":"Aspirateur robot ECOVACS X9 PRO OMNI"},"content":{"rendered":"<p>Si vous aimez prendre soin de chaque d\u00e9tail de votre maison et d&#8217;\u00eatre \u00e0 la derni\u00e8re mode en mati\u00e8re de produits qui vous rendront la vie plus facile, achetez <b>Aspirateur robot ECOVACS X9 PRO OMNI<\/b> au meilleur prix.<\/p>\n<p>Le <b>robot aspirateur ECOVACS DEEBOT X9 PRO OMNI<\/b> est un appareil con\u00e7u pour offrir un nettoyage avanc\u00e9 et efficace \u00e0 la maison, alliant puissance et technologie de pointe. Ce robot dispose d\u2019un syst\u00e8me d\u2019aspiration avec une force maximale de <b>16 600 Pa<\/b>, capable de capturer poussi\u00e8re et particules fines sur diff\u00e9rents types de surfaces, des sols durs aux tapis, garantissant un nettoyage en profondeur. Son design <b>rond et compact<\/b> en <b>noir<\/b> facilite l\u2019acc\u00e8s aux espaces \u00e9troits et sous les meubles, tandis que sa technologie intelligente int\u00e8gre des capteurs lui permettant de <b>d\u00e9tecter les obstacles<\/b>, \u00e9vitant collisions et chutes pour un nettoyage autonome et s\u00e9curis\u00e9. De plus, il int\u00e8gre un syst\u00e8me de filtration avanc\u00e9 avec technologie <b>HEPA<\/b>, retenant particules et allerg\u00e8nes, contribuant \u00e0 am\u00e9liorer la qualit\u00e9 de l\u2019air int\u00e9rieur. Le DEEBOT X9 PRO OMNI int\u00e8gre la <b>technologie BLAST<\/b> et un syst\u00e8me ultrafin qui optimise le mouvement et l\u2019efficacit\u00e9 pendant le nettoyage, facile \u00e0 entretenir gr\u00e2ce \u00e0 son auto-nettoyage instantan\u00e9, une fonction simplifiant le vidage et le nettoyage sans intervention constante. Sa compatibilit\u00e9 avec les prises EU facilite son utilisation dans la plupart des foyers europ\u00e9ens. Ce robot aspirateur, combinant puissance, design fonctionnel et technologie avanc\u00e9e, est con\u00e7u pour les utilisateurs recherchant une solution compl\u00e8te et automatis\u00e9e pour l\u2019entretien quotidien de la maison.<\/p>\n<ul>\n<li>Produit \u00e0 brancher: Oui<\/li>\n<li>Type de prise: Prise EU<\/li>\n<li>Bloc d\u2019Alimentation:\n<ul>\n<li>r\u00e9seau \u00e9lectrique<\/li>\n<li>Batterie<\/li>\n<\/ul>\n<\/li>\n<li>Couleur:\n<ul>\n<li>Noir<\/li>\n<li>noir<\/li>\n<\/ul>\n<\/li>\n<li>puissance: 110 W<\/li>\n<li>Tension: 14,4 V<\/li>\n<li>Indice de r\u00e9parabilit\u00e9: 8.6<\/li>\n<li>Capacit\u00e9:\n<ul>\n<li>3 L<\/li>\n<li>4 L<\/li>\n<\/ul>\n<\/li>\n<li>Dimensions approx.:\n<ul>\n<li>38 cm<\/li>\n<li>56 cm<\/li>\n<li>9,8 cm<\/li>\n<li>35 x 35 x 9 cm<\/li>\n<li>35,3 cm<\/li>\n<\/ul>\n<\/li>\n<li>Caract\u00e9ristiques:\n<ul>\n<li>Facile \u00e0 nettoyer<\/li>\n<li>D\u00e9tecte les obstacles<\/li>\n<\/ul>\n<\/li>\n<li>Forme: Rond<\/li>\n<li>Piles incluses: Oui<\/li>\n<li>Filtre: HEPA<\/li>\n<\/ul>","protected":false},"excerpt":{"rendered":"<p><span class=\"unit-info\">216.4975 &euro; \/ 1 l<\/span><\/p>","protected":false},"featured_media":35368,"comment_status":"open","ping_status":"closed","template":"","meta":[],"product_brand":[1247],"product_cat":[762,239,240],"product_tag":[59,56],"class_list":{"0":"post-35386","1":"product","2":"type-product","3":"status-publish","4":"has-post-thumbnail","6":"product_brand-brandp_6789","7":"product_cat-aspirateurs-et-robots","8":"product_cat-maison-jardin","9":"product_cat-nettoyage-aspirateur-et-repassage","10":"product_tag-tag_1304","11":"product_tag-tag_930","13":"first","14":"instock","15":"taxable","16":"shipping-taxable","17":"purchasable","18":"product-type-simple"},"_links":{"self":[{"href":"https:\/\/bigbuy.tupique.com\/pt\/wp-json\/wp\/v2\/product\/35386","targetHints":{"allow":["GET"]}}],"collection":[{"href":"https:\/\/bigbuy.tupique.com\/pt\/wp-json\/wp\/v2\/product"}],"about":[{"href":"https:\/\/bigbuy.tupique.com\/pt\/wp-json\/wp\/v2\/types\/product"}],"replies":[{"embeddable":true,"href":"https:\/\/bigbuy.tupique.com\/pt\/wp-json\/wp\/v2\/comments?post=35386"}],"wp:featuredmedia":[{"embeddable":true,"href":"https:\/\/bigbuy.tupique.com\/pt\/wp-json\/wp\/v2\/media\/35368"}],"wp:attachment":[{"href":"https:\/\/bigbuy.tupique.com\/pt\/wp-json\/wp\/v2\/media?parent=35386"}],"wp:term":[{"taxonomy":"product_brand","embeddable":true,"href":"https:\/\/bigbuy.tupique.com\/pt\/wp-json\/wp\/v2\/product_brand?post=35386"},{"taxonomy":"product_cat","embeddable":true,"href":"https:\/\/bigbuy.tupique.com\/pt\/wp-json\/wp\/v2\/product_cat?post=35386"},{"taxonomy":"product_tag","embeddable":true,"href":"https:\/\/bigbuy.tupique.com\/pt\/wp-json\/wp\/v2\/product_tag?post=35386"}],"curies":[{"name":"wp","href":"https:\/\/api.w.org\/{rel}","templated":true}]}}