{"id":35082,"date":"2026-03-30T06:31:21","date_gmt":"2026-03-30T05:31:21","guid":{"rendered":"https:\/\/bigbuy.tupique.com\/produto\/laptop-backpack-hp-prelude-pro-recycle\/"},"modified":"2026-04-15T05:10:25","modified_gmt":"2026-04-15T04:10:25","slug":"laptop-backpack-hp-prelude-pro-recycle","status":"publish","type":"product","link":"https:\/\/bigbuy.tupique.com\/pt\/produto\/laptop-backpack-hp-prelude-pro-recycle\/","title":{"rendered":"Sacoche pour Portable HP PRELUDE PRO RECYCLE"},"content":{"rendered":"<p>Si vous \u00eates passionn\u00e9 d&#8217;<b>informatique et d&#8217;\u00e9lectronique<\/b>, si vous \u00eates \u00e0 la pointe de la technologie et qu&#8217;aucun d\u00e9tail ne vous \u00e9chappe, achetez <b>Sacoche pour Portable HP PRELUDE PRO RECYCLE<\/b> au meilleur prix.<\/p>\n<ul>\n<li>Type: Chariot pour Ordinateur Portable<\/li>\n<li>Profondeur: 127 mm<\/li>\n<li>Caract\u00e9ristiques:\n<ul>\n<li>Mat\u00e9riaux recycl\u00e9s<\/li>\n<li>R\u00e9sistant<\/li>\n<li>Rembourr\u00e9<\/li>\n<li>Design moderne et ergonomique<\/li>\n<li>Compartiment pour ordinateur portable (jusqu&#8217;\u00e0 15,6&#8243;)<\/li>\n<\/ul>\n<\/li>\n<li>Rigide \/ Doux: Moelleuse<\/li>\n<li>Composition: Polyester<\/li>\n<li>Genre: Unisexe<\/li>\n<li>Diff\u00e9rents modes de transport: Sangle arri\u00e8re pour tenir la poign\u00e9e de la valise<\/li>\n<li>Taille de l&#8217;\u00e9cran: 15,6&#8221;<\/li>\n<li>Mati\u00e8re: Polyester Recyclado<\/li>\n<li>Taille: 15,6&#8221;<\/li>\n<\/ul>","protected":false},"excerpt":{"rendered":"<p>Si vous \u00eates passionn\u00e9 d&#8217;informatique et d&#8217;\u00e9lectronique, si vous \u00eates \u00e0 la pointe de la technologie et qu&#8217;aucun d\u00e9tail ne vous \u00e9chappe, achetez Sacoche pour Portable HP PRELUDE PRO RECYCLE au meilleur prix. Type: Chariot pour Ordinateur Portable Profondeur: 127 mm Caract\u00e9ristiques: Mat\u00e9riaux recycl\u00e9s R\u00e9sistant Rembourr\u00e9 Design moderne et ergonomique Compartiment pour ordinateur portable (jusqu&#8217;\u00e0 [&hellip;]<\/p>\n","protected":false},"featured_media":35078,"comment_status":"open","ping_status":"closed","template":"","meta":[],"product_brand":[630],"product_cat":[65,958,1335],"product_tag":[213,106],"class_list":{"0":"post-35082","1":"product","2":"type-product","3":"status-publish","4":"has-post-thumbnail","6":"product_brand-brandp_909","7":"product_cat-informatique-electronique","8":"product_cat-informatique-ordinateurs","9":"product_cat-mallettes-et-sacs","10":"product_tag-tag_933","11":"product_tag-tag_1295","13":"first","14":"instock","15":"taxable","16":"shipping-taxable","17":"purchasable","18":"product-type-simple"},"_links":{"self":[{"href":"https:\/\/bigbuy.tupique.com\/pt\/wp-json\/wp\/v2\/product\/35082","targetHints":{"allow":["GET"]}}],"collection":[{"href":"https:\/\/bigbuy.tupique.com\/pt\/wp-json\/wp\/v2\/product"}],"about":[{"href":"https:\/\/bigbuy.tupique.com\/pt\/wp-json\/wp\/v2\/types\/product"}],"replies":[{"embeddable":true,"href":"https:\/\/bigbuy.tupique.com\/pt\/wp-json\/wp\/v2\/comments?post=35082"}],"wp:featuredmedia":[{"embeddable":true,"href":"https:\/\/bigbuy.tupique.com\/pt\/wp-json\/wp\/v2\/media\/35078"}],"wp:attachment":[{"href":"https:\/\/bigbuy.tupique.com\/pt\/wp-json\/wp\/v2\/media?parent=35082"}],"wp:term":[{"taxonomy":"product_brand","embeddable":true,"href":"https:\/\/bigbuy.tupique.com\/pt\/wp-json\/wp\/v2\/product_brand?post=35082"},{"taxonomy":"product_cat","embeddable":true,"href":"https:\/\/bigbuy.tupique.com\/pt\/wp-json\/wp\/v2\/product_cat?post=35082"},{"taxonomy":"product_tag","embeddable":true,"href":"https:\/\/bigbuy.tupique.com\/pt\/wp-json\/wp\/v2\/product_tag?post=35082"}],"curies":[{"name":"wp","href":"https:\/\/api.w.org\/{rel}","templated":true}]}}