{"id":35057,"date":"2026-03-30T06:30:37","date_gmt":"2026-03-30T05:30:37","guid":{"rendered":"https:\/\/bigbuy.tupique.com\/produto\/external-hard-drive-lacie-mobile-secure-1tb-2-5se-grey-1-tb\/"},"modified":"2026-05-11T19:59:46","modified_gmt":"2026-05-11T17:59:46","slug":"external-hard-drive-lacie-mobile-secure-1tb-2-5se-grey-1-tb","status":"publish","type":"product","link":"https:\/\/bigbuy.tupique.com\/pt\/produto\/external-hard-drive-lacie-mobile-secure-1tb-2-5se-grey-1-tb\/","title":{"rendered":"Disque Dur Externe LaCie MOBILE SECURE 1TB 2.5SE Gris 1 TB"},"content":{"rendered":"<p>Si vous \u00eates passionn\u00e9 d&#8217;<b>informatique et d&#8217;\u00e9lectronique<\/b>, si vous \u00eates \u00e0 la pointe de la technologie et qu&#8217;aucun d\u00e9tail ne vous \u00e9chappe, achetez <b>Disque Dur Externe LaCie MOBILE SECURE 1TB 2.5SE Gris 1 TB<\/b> au meilleur prix.<\/p>\n<ul>\n<li>Type:\n<ul>\n<li>Disque Dur Externe<\/li>\n<li>SSD<\/li>\n<\/ul>\n<\/li>\n<li>Disque dur:\n<ul>\n<li>1 TB<\/li>\n<li>1 TB SSD<\/li>\n<\/ul>\n<\/li>\n<li>Couleur:\n<ul>\n<li>Gris<\/li>\n<li>Noir<\/li>\n<\/ul>\n<\/li>\n<li>Caract\u00e9ristiques:\n<ul>\n<li>Protection des donn\u00e9es\/mot de passe<\/li>\n<li>Guide d&#8217;installation inclus<\/li>\n<\/ul>\n<\/li>\n<li>Connexions:\n<ul>\n<li>USB-C<\/li>\n<li>USB 3.2<\/li>\n<li>USB<\/li>\n<li>Thunderbolt<\/li>\n<\/ul>\n<\/li>\n<li>Inclut: C\u00e2ble USB-C<\/li>\n<li>Compatible: macOS<\/li>\n<li>vitesse: 1050 MB\/s<\/li>\n<\/ul>","protected":false},"excerpt":{"rendered":"<p>Si vous \u00eates passionn\u00e9 d&#8217;informatique et d&#8217;\u00e9lectronique, si vous \u00eates \u00e0 la pointe de la technologie et qu&#8217;aucun d\u00e9tail ne vous \u00e9chappe, achetez Disque Dur Externe LaCie MOBILE SECURE 1TB 2.5SE Gris 1 TB au meilleur prix. Type: Disque Dur Externe SSD Disque dur: 1 TB 1 TB SSD Couleur: Gris Noir Caract\u00e9ristiques: Protection des [&hellip;]<\/p>\n","protected":false},"featured_media":35054,"comment_status":"open","ping_status":"closed","template":"","meta":[],"product_brand":[660],"product_cat":[588,65,584],"product_tag":[106],"class_list":{"0":"post-35057","1":"product","2":"type-product","3":"status-publish","4":"has-post-thumbnail","6":"product_brand-brandp_913","7":"product_cat-disques-durs","8":"product_cat-informatique-electronique","9":"product_cat-informatique-reseaux-et-composants","10":"product_tag-tag_1295","12":"first","13":"instock","14":"taxable","15":"shipping-taxable","16":"purchasable","17":"product-type-simple"},"_links":{"self":[{"href":"https:\/\/bigbuy.tupique.com\/pt\/wp-json\/wp\/v2\/product\/35057","targetHints":{"allow":["GET"]}}],"collection":[{"href":"https:\/\/bigbuy.tupique.com\/pt\/wp-json\/wp\/v2\/product"}],"about":[{"href":"https:\/\/bigbuy.tupique.com\/pt\/wp-json\/wp\/v2\/types\/product"}],"replies":[{"embeddable":true,"href":"https:\/\/bigbuy.tupique.com\/pt\/wp-json\/wp\/v2\/comments?post=35057"}],"wp:featuredmedia":[{"embeddable":true,"href":"https:\/\/bigbuy.tupique.com\/pt\/wp-json\/wp\/v2\/media\/35054"}],"wp:attachment":[{"href":"https:\/\/bigbuy.tupique.com\/pt\/wp-json\/wp\/v2\/media?parent=35057"}],"wp:term":[{"taxonomy":"product_brand","embeddable":true,"href":"https:\/\/bigbuy.tupique.com\/pt\/wp-json\/wp\/v2\/product_brand?post=35057"},{"taxonomy":"product_cat","embeddable":true,"href":"https:\/\/bigbuy.tupique.com\/pt\/wp-json\/wp\/v2\/product_cat?post=35057"},{"taxonomy":"product_tag","embeddable":true,"href":"https:\/\/bigbuy.tupique.com\/pt\/wp-json\/wp\/v2\/product_tag?post=35057"}],"curies":[{"name":"wp","href":"https:\/\/api.w.org\/{rel}","templated":true}]}}