{"id":34862,"date":"2026-03-30T06:19:04","date_gmt":"2026-03-30T05:19:04","guid":{"rendered":"https:\/\/bigbuy.tupique.com\/produto\/kvm-switch-startech-sv231dhu34k6\/"},"modified":"2026-04-16T09:11:47","modified_gmt":"2026-04-16T08:11:47","slug":"kvm-switch-startech-sv231dhu34k6","status":"publish","type":"product","link":"https:\/\/bigbuy.tupique.com\/pt\/produto\/kvm-switch-startech-sv231dhu34k6\/","title":{"rendered":"Switch KVM Startech SV231DHU34K6"},"content":{"rendered":"<p>Si vous \u00eates passionn\u00e9 d&#8217;<b>informatique et d&#8217;\u00e9lectronique<\/b>, si vous \u00eates \u00e0 la pointe de la technologie et qu&#8217;aucun d\u00e9tail ne vous \u00e9chappe, achetez <b>Switch KVM Startech SV231DHU34K6<\/b> au meilleur prix.<\/p>\n<ul>\n<li>R\u00e9solution (px): 3840 x 2160 px<\/li>\n<li>R\u00e9solution: 4K Ultra HD<\/li>\n<li>Couleur: Noir<\/li>\n<li>Connexions:\n<ul>\n<li>HDMI<\/li>\n<li>USB<\/li>\n<li>HDMI 2.0<\/li>\n<li>6<\/li>\n<li>2<\/li>\n<li>HDCP<\/li>\n<li>HDMI x 6<\/li>\n<\/ul>\n<\/li>\n<li>Mati\u00e8re: Acier<\/li>\n<li>Tension:\n<ul>\n<li>12 V<\/li>\n<li>100 &#8211; 240 V<\/li>\n<\/ul>\n<\/li>\n<li>Caract\u00e9ristiques: T\u00e9moin de fonctionnement LED<\/li>\n<li>Amp\u00e9rage: 1 A<\/li>\n<li>Certificat: CE, FCC, RoHS<\/li>\n<li>Largeur: 10 cm<\/li>\n<li>Non Inclus: Adaptateur AC<\/li>\n<li>\u00c9cran integr\u00e9: Non<\/li>\n<li>Inclut: Manuel de l&#8217;utilisateur<\/li>\n<\/ul>","protected":false},"excerpt":{"rendered":"<p>Si vous \u00eates passionn\u00e9 d&#8217;informatique et d&#8217;\u00e9lectronique, si vous \u00eates \u00e0 la pointe de la technologie et qu&#8217;aucun d\u00e9tail ne vous \u00e9chappe, achetez Switch KVM Startech SV231DHU34K6 au meilleur prix. R\u00e9solution (px): 3840 x 2160 px R\u00e9solution: 4K Ultra HD Couleur: Noir Connexions: HDMI USB HDMI 2.0 6 2 HDCP HDMI x 6 Mati\u00e8re: Acier [&hellip;]<\/p>\n","protected":false},"featured_media":34843,"comment_status":"open","ping_status":"closed","template":"","meta":[],"product_brand":[634],"product_cat":[598,65,608],"product_tag":[106],"class_list":{"0":"post-34862","1":"product","2":"type-product","3":"status-publish","4":"has-post-thumbnail","6":"product_brand-brandp_4771","7":"product_cat-informatique-cables-et-adaptateurs","8":"product_cat-informatique-electronique","9":"product_cat-switch-kvm","10":"product_tag-tag_1295","12":"first","13":"instock","14":"taxable","15":"shipping-taxable","16":"purchasable","17":"product-type-simple"},"_links":{"self":[{"href":"https:\/\/bigbuy.tupique.com\/pt\/wp-json\/wp\/v2\/product\/34862","targetHints":{"allow":["GET"]}}],"collection":[{"href":"https:\/\/bigbuy.tupique.com\/pt\/wp-json\/wp\/v2\/product"}],"about":[{"href":"https:\/\/bigbuy.tupique.com\/pt\/wp-json\/wp\/v2\/types\/product"}],"replies":[{"embeddable":true,"href":"https:\/\/bigbuy.tupique.com\/pt\/wp-json\/wp\/v2\/comments?post=34862"}],"wp:featuredmedia":[{"embeddable":true,"href":"https:\/\/bigbuy.tupique.com\/pt\/wp-json\/wp\/v2\/media\/34843"}],"wp:attachment":[{"href":"https:\/\/bigbuy.tupique.com\/pt\/wp-json\/wp\/v2\/media?parent=34862"}],"wp:term":[{"taxonomy":"product_brand","embeddable":true,"href":"https:\/\/bigbuy.tupique.com\/pt\/wp-json\/wp\/v2\/product_brand?post=34862"},{"taxonomy":"product_cat","embeddable":true,"href":"https:\/\/bigbuy.tupique.com\/pt\/wp-json\/wp\/v2\/product_cat?post=34862"},{"taxonomy":"product_tag","embeddable":true,"href":"https:\/\/bigbuy.tupique.com\/pt\/wp-json\/wp\/v2\/product_tag?post=34862"}],"curies":[{"name":"wp","href":"https:\/\/api.w.org\/{rel}","templated":true}]}}