{"id":34834,"date":"2026-03-30T06:18:12","date_gmt":"2026-03-30T05:18:12","guid":{"rendered":"https:\/\/bigbuy.tupique.com\/produto\/mini-electric-oven-cozze-2200-w\/"},"modified":"2026-04-16T16:56:21","modified_gmt":"2026-04-16T15:56:21","slug":"mini-electric-oven-cozze-2200-w","status":"publish","type":"product","link":"https:\/\/bigbuy.tupique.com\/pt\/produto\/mini-electric-oven-cozze-2200-w\/","title":{"rendered":"Mini Four \u00c9lectrique Cozze 2200 W"},"content":{"rendered":"<p>Si vous pensez r\u00e9nover votre cuisine, achetez <b>Mini Four \u00c9lectrique Cozze 2200 W<\/b> et d\u00b4autres <b>produits Cozze<\/b> !<\/p>\n<p>Le <b>Mini Four \u00c9lectrique Cozze<\/b> est un appareil con\u00e7u pour un usage domestique polyvalent, id\u00e9al pour ceux qui recherchent une solution compacte et efficace pour pr\u00e9parer pizzas et autres plats. Il dispose d\u2019une <b>puissance de 2200 W<\/b> garantissant un chauffage rapide et uniforme, optimisant les temps de cuisson et permettant d\u2019atteindre des temp\u00e9ratures adapt\u00e9es pour une cuisson homog\u00e8ne sans effort. Ce mini four pr\u00e9sente une structure en <b>acier<\/b>, disponible en plusieurs couleurs sobres et modernes telles que <b>blanc, noir et gris<\/b>, qui s\u2019adaptent facilement \u00e0 diff\u00e9rents styles de cuisine. Il fonctionne sous une alimentation de <b>230 V<\/b>, typique du secteur domestique europ\u00e9en, assurant la compatibilit\u00e9 avec les installations \u00e9lectriques standards. Contrairement aux plaques \u00e0 gaz, cet appareil \u00e9lectrique offre plus de confort et de s\u00e9curit\u00e9, \u00e9liminant le besoin de combustibles fossiles et r\u00e9duisant les risques li\u00e9s au gaz. Son design compact optimise l\u2019espace, en faisant le choix parfait pour les petites cuisines ou pour ceux qui souhaitent un four suppl\u00e9mentaire destin\u00e9 \u00e0 pr\u00e9parer pizzas, griller ou r\u00e9chauffer des aliments sans complications. Sa porte frontale apporte fonctionnalit\u00e9 et facilite la manipulation pendant la cuisson, maintenant un contr\u00f4le ad\u00e9quat de la chaleur int\u00e9rieure. Dans l\u2019ensemble, ce <b>mini four \u00e9lectrique Cozze<\/b> allie performances techniques solides \u00e0 un design adapt\u00e9 \u00e0 la praticit\u00e9 et au style actuels, constituant un outil efficace pour ceux qui valorisent rapidit\u00e9 et qualit\u00e9 en cuisine domestique.<\/p>\n<ul>\n<li>Type: r\u00e9chaud \u00e0 gaz<\/li>\n<li>Type de four: Mini Four \u00c9lectrique<\/li>\n<li>Produit \u00e0 brancher: Oui<\/li>\n<li>Couleur:\n<ul>\n<li>Gris<\/li>\n<li>Blanc<\/li>\n<li>Noir<\/li>\n<\/ul>\n<\/li>\n<li>Mati\u00e8re: Acier<\/li>\n<li>Tension: 230 V<\/li>\n<li>Bloc d\u2019Alimentation: \u00c9lectrique<\/li>\n<li>Non Inclus: Batterie<\/li>\n<li>puissance: 2200 W<\/li>\n<\/ul>","protected":false},"excerpt":{"rendered":"<p>Si vous pensez r\u00e9nover votre cuisine, achetez Mini Four \u00c9lectrique Cozze 2200 W et d\u00b4autres produits Cozze ! Le Mini Four \u00c9lectrique Cozze est un appareil con\u00e7u pour un usage domestique polyvalent, id\u00e9al pour ceux qui recherchent une solution compacte et efficace pour pr\u00e9parer pizzas et autres plats. Il dispose d\u2019une puissance de 2200 W [&hellip;]<\/p>\n","protected":false},"featured_media":177883,"comment_status":"open","ping_status":"closed","template":"","meta":[],"product_brand":[1099],"product_cat":[60,77,78],"product_tag":[55,59,56],"class_list":{"0":"post-34834","1":"product","2":"type-product","3":"status-publish","4":"has-post-thumbnail","6":"product_brand-brandp_9931","7":"product_cat-cuisine-gourmet","8":"product_cat-petit-electromenager","9":"product_cat-plaques-de-cuisson","10":"product_tag-tag_926","11":"product_tag-tag_1304","12":"product_tag-tag_930","14":"first","15":"instock","16":"taxable","17":"shipping-taxable","18":"purchasable","19":"product-type-simple"},"_links":{"self":[{"href":"https:\/\/bigbuy.tupique.com\/pt\/wp-json\/wp\/v2\/product\/34834","targetHints":{"allow":["GET"]}}],"collection":[{"href":"https:\/\/bigbuy.tupique.com\/pt\/wp-json\/wp\/v2\/product"}],"about":[{"href":"https:\/\/bigbuy.tupique.com\/pt\/wp-json\/wp\/v2\/types\/product"}],"replies":[{"embeddable":true,"href":"https:\/\/bigbuy.tupique.com\/pt\/wp-json\/wp\/v2\/comments?post=34834"}],"wp:featuredmedia":[{"embeddable":true,"href":"https:\/\/bigbuy.tupique.com\/pt\/wp-json\/wp\/v2\/media\/177883"}],"wp:attachment":[{"href":"https:\/\/bigbuy.tupique.com\/pt\/wp-json\/wp\/v2\/media?parent=34834"}],"wp:term":[{"taxonomy":"product_brand","embeddable":true,"href":"https:\/\/bigbuy.tupique.com\/pt\/wp-json\/wp\/v2\/product_brand?post=34834"},{"taxonomy":"product_cat","embeddable":true,"href":"https:\/\/bigbuy.tupique.com\/pt\/wp-json\/wp\/v2\/product_cat?post=34834"},{"taxonomy":"product_tag","embeddable":true,"href":"https:\/\/bigbuy.tupique.com\/pt\/wp-json\/wp\/v2\/product_tag?post=34834"}],"curies":[{"name":"wp","href":"https:\/\/api.w.org\/{rel}","templated":true}]}}