{"id":34670,"date":"2026-03-30T06:07:19","date_gmt":"2026-03-30T05:07:19","guid":{"rendered":"https:\/\/bigbuy.tupique.com\/produto\/smartphone-nothing-phone-3-5g-667-octa-core-16-gb-ram-512-gb-black\/"},"modified":"2026-04-15T05:10:11","modified_gmt":"2026-04-15T04:10:11","slug":"smartphone-nothing-phone-3-5g-667-octa-core-16-gb-ram-512-gb-black","status":"publish","type":"product","link":"https:\/\/bigbuy.tupique.com\/pt\/produto\/smartphone-nothing-phone-3-5g-667-octa-core-16-gb-ram-512-gb-black\/","title":{"rendered":"Smartphone Nothing Phone 3 5G 6,67&#8243; Octa Core 16 GB RAM 512 GB Noir"},"content":{"rendered":"<p>Si vous \u00eates passionn\u00e9 d&#8217;<b>informatique et d&#8217;\u00e9lectronique<\/b>, si vous \u00eates \u00e0 la pointe de la technologie et qu&#8217;aucun d\u00e9tail ne vous \u00e9chappe, achetez <b>Smartphone Nothing Phone 3 5G 6,67&#8243; Octa Core 16 GB RAM 512 GB Noir<\/b> au meilleur prix.<\/p>\n<p>Le <b>Nothing Phone 3 SP<\/b> est un <b>smartphone<\/b> innovant qui associe un design distinctif \u00e0 un ensemble puissant de sp\u00e9cifications pour les utilisateurs exigeants. Il dispose d\u2019un <b>\u00e9cran de 6,67 pouces<\/b> avec une r\u00e9solution de <b>1260 x 2800 pixels<\/b>, offrant des images nettes et une exp\u00e9rience optimale pour le multim\u00e9dia et la navigation fluide. \u00c9quip\u00e9 de <b>16 Go de RAM<\/b> et d\u2019un <b>processeur Snapdragon jusqu\u2019\u00e0 3,2 GHz<\/b>, il garantit d\u2019excellentes performances en multit\u00e2che avanc\u00e9 et pour les applications exigeantes, soutenu par le syst\u00e8me d\u2019exploitation <b>Android 15<\/b> pour une exp\u00e9rience moderne et s\u00e9curis\u00e9e. Sa <b>capacit\u00e9 de stockage interne de 512 Go<\/b> permet de conserver de nombreux fichiers, applications et photos sans souci d\u2019espace. Pour la photo et la vid\u00e9o, il propose un <b>triple appareil photo arri\u00e8re de 50 MP<\/b> avec <b>autofocus<\/b> et <b>capteur de lumi\u00e8re ambiante<\/b>, optimisant chaque prise de vue selon la luminosit\u00e9. Il offre la <b>double SIM<\/b> pour g\u00e9rer efficacement lignes personnelles et professionnelles, ainsi qu\u2019une <b>batterie de 5150 mAh<\/b> con\u00e7ue pour une utilisation quotidienne prolong\u00e9e. Le design en <b>noir<\/b> conserve l\u2019esth\u00e9tique embl\u00e9matique de Nothing et apporte une touche de sophistication, tandis que la connectivit\u00e9 <b>USB-C<\/b> et <b>GPS<\/b> compl\u00e8te l\u2019ensemble, assurant une grande mobilit\u00e9. De plus, l\u2019appareil ne p\u00e8se que <b>218 grammes<\/b> et b\u00e9n\u00e9ficie d\u2019une garantie officielle, offrant s\u00e9curit\u00e9 et tranquillit\u00e9 d\u2019esprit \u00e0 l\u2019utilisateur. Le Nothing Phone 3 SP s\u2019impose ainsi comme un choix comp\u00e9titif pour ceux qui recherchent un smartphone avanc\u00e9, \u00e9quilibr\u00e9 et distinctif dans le segment premium.<\/p>\n<ul>\n<li>Diagonale de l&#8217;\u00e9cran (cm): 16,9 cm<\/li>\n<li>Produit \u00e0 brancher: Oui<\/li>\n<li>Type: Smartphone<\/li>\n<li>Type de prise: Prise EU<\/li>\n<li>Bloc d\u2019Alimentation:\n<ul>\n<li>r\u00e9seau \u00e9lectrique<\/li>\n<li>USB<\/li>\n<\/ul>\n<\/li>\n<li>Indice de r\u00e9parabilit\u00e9: 7.4<\/li>\n<li>Technologie:\n<ul>\n<li>AMOLED<\/li>\n<li>Mime<\/li>\n<li>Glonass<\/li>\n<\/ul>\n<\/li>\n<li>Capacit\u00e9 de la batterie: 5150 mah<\/li>\n<li>Ecran: 6,67&#8243;<\/li>\n<li>Syst\u00e8me d&#8217;exploitation: Android<\/li>\n<li>puissance: 65 W<\/li>\n<li>Connectivit\u00e9:\n<ul>\n<li>NFC<\/li>\n<li>Bluetooth<\/li>\n<li>Wi-Fi<\/li>\n<li>BeiDou<\/li>\n<li>5G<\/li>\n<li>LTE<\/li>\n<\/ul>\n<\/li>\n<li>Cam\u00e9ra\/Appareil Photo:\n<ul>\n<li>50 Mp<\/li>\n<li>Frontal<\/li>\n<li>Triple<\/li>\n<\/ul>\n<\/li>\n<li>Connexions:\n<ul>\n<li>USB-C<\/li>\n<li>Dual SIM<\/li>\n<\/ul>\n<\/li>\n<li>Processeur: Octa Core<\/li>\n<li>M\u00e9moire RAM: 16 GB RAM<\/li>\n<li>M\u00e9moire interne:\n<ul>\n<li>512 GB<\/li>\n<li>16 GB<\/li>\n<\/ul>\n<\/li>\n<li>Couleur: Noir<\/li>\n<li>Caract\u00e9ristiques:\n<ul>\n<li>GPS<\/li>\n<li>Capteur de lumi\u00e8re ambiante<\/li>\n<li>Autofocus<\/li>\n<li>Garantie<\/li>\n<li>Chargement rapide et fiable<\/li>\n<li>Chargeur sans fil<\/li>\n<li>Lecteur d&#8217;empreintes<\/li>\n<li>Capteur de proximit\u00e9<\/li>\n<li>Gorilla Glass<\/li>\n<li>\u00c9cran plat<\/li>\n<\/ul>\n<\/li>\n<li>Classification \u00e9nerg\u00e9tique: A<\/li>\n<li>Capteurs:\n<ul>\n<li>Acc\u00e9l\u00e9rom\u00e8tre<\/li>\n<li>Gyroscope<\/li>\n<\/ul>\n<\/li>\n<li>Fonctions: ECO<\/li>\n<li>Inclut:\n<ul>\n<li>\u00c9tui de protection<\/li>\n<li>USB Type-C &#8211; USB Type-C<\/li>\n<\/ul>\n<\/li>\n<li>Fr\u00e9quence: 120 Hz<\/li>\n<li>Fonctionne \u00e0 piles: 1 Litio Ion, incluidas<\/li>\n<li>Type de batterie: Litio Ion<\/li>\n<li>Noyaux: 8 Noyaux<\/li>\n<li>vitesse: 3.2 GHz<\/li>\n<li>Famille de processeurs: Qualcomm Snapdragon<\/li>\n<li>R\u00e9solution (px): 1920 x 1080 px<\/li>\n<\/ul>","protected":false},"excerpt":{"rendered":"<p>Si vous \u00eates passionn\u00e9 d&#8217;informatique et d&#8217;\u00e9lectronique, si vous \u00eates \u00e0 la pointe de la technologie et qu&#8217;aucun d\u00e9tail ne vous \u00e9chappe, achetez Smartphone Nothing Phone 3 5G 6,67&#8243; Octa Core 16 GB RAM 512 GB Noir au meilleur prix. Le Nothing Phone 3 SP est un smartphone innovant qui associe un design distinctif \u00e0 [&hellip;]<\/p>\n","protected":false},"featured_media":34655,"comment_status":"open","ping_status":"closed","template":"","meta":[],"product_brand":[1339],"product_cat":[575,65,960],"product_tag":[213,566,106],"class_list":{"0":"post-34670","1":"product","2":"type-product","3":"status-publish","4":"has-post-thumbnail","6":"product_brand-brandp_6768","7":"product_cat-electronique-telephonie-et-tablettes","8":"product_cat-informatique-electronique","9":"product_cat-telephones-portables","10":"product_tag-tag_933","11":"product_tag-tag_547","12":"product_tag-tag_1295","14":"first","15":"instock","16":"taxable","17":"shipping-taxable","18":"purchasable","19":"product-type-simple"},"_links":{"self":[{"href":"https:\/\/bigbuy.tupique.com\/pt\/wp-json\/wp\/v2\/product\/34670","targetHints":{"allow":["GET"]}}],"collection":[{"href":"https:\/\/bigbuy.tupique.com\/pt\/wp-json\/wp\/v2\/product"}],"about":[{"href":"https:\/\/bigbuy.tupique.com\/pt\/wp-json\/wp\/v2\/types\/product"}],"replies":[{"embeddable":true,"href":"https:\/\/bigbuy.tupique.com\/pt\/wp-json\/wp\/v2\/comments?post=34670"}],"wp:featuredmedia":[{"embeddable":true,"href":"https:\/\/bigbuy.tupique.com\/pt\/wp-json\/wp\/v2\/media\/34655"}],"wp:attachment":[{"href":"https:\/\/bigbuy.tupique.com\/pt\/wp-json\/wp\/v2\/media?parent=34670"}],"wp:term":[{"taxonomy":"product_brand","embeddable":true,"href":"https:\/\/bigbuy.tupique.com\/pt\/wp-json\/wp\/v2\/product_brand?post=34670"},{"taxonomy":"product_cat","embeddable":true,"href":"https:\/\/bigbuy.tupique.com\/pt\/wp-json\/wp\/v2\/product_cat?post=34670"},{"taxonomy":"product_tag","embeddable":true,"href":"https:\/\/bigbuy.tupique.com\/pt\/wp-json\/wp\/v2\/product_tag?post=34670"}],"curies":[{"name":"wp","href":"https:\/\/api.w.org\/{rel}","templated":true}]}}