{"id":34552,"date":"2026-03-30T06:03:38","date_gmt":"2026-03-30T05:03:38","guid":{"rendered":"https:\/\/bigbuy.tupique.com\/produto\/smartphone-samsung-galaxy-s25-edge-67-octa-core-12-gb-ram-256-gb-blue\/"},"modified":"2026-04-16T23:44:48","modified_gmt":"2026-04-16T22:44:48","slug":"smartphone-samsung-galaxy-s25-edge-67-octa-core-12-gb-ram-256-gb-blue","status":"publish","type":"product","link":"https:\/\/bigbuy.tupique.com\/pt\/produto\/smartphone-samsung-galaxy-s25-edge-67-octa-core-12-gb-ram-256-gb-blue\/","title":{"rendered":"Smartphone Samsung Galaxy S25 Edge 6,7&#8243; Octa Core 12 GB RAM 256 GB Bleu"},"content":{"rendered":"<p>Si vous \u00eates \u00e0 la recherche de nouvelles tendances sur le march\u00e9, nous vous pr\u00e9sentons <b>Smartphone Samsung Galaxy S25 Edge 6,7&#8243; Octa Core 12 GB RAM 256 GB Bleu<\/b> !<\/p>\n<p>Le <b>Samsung Galaxy S25 Edge<\/b> est un <b>smartphone<\/b> haut de gamme qui se distingue par son int\u00e9gration soign\u00e9e de technologies avanc\u00e9es et son design \u00e9l\u00e9gant, con\u00e7u pour les utilisateurs recherchant un appareil puissant et polyvalent. Dot\u00e9 d\u2019un <b>\u00e9cran de 6,7 pouces<\/b>, il offre des images vibrantes et de grande taille, id\u00e9ales pour le divertissement et la productivit\u00e9. Il dispose de <b>12 Go de RAM<\/b>, assurant une gestion fluide des applications exigeantes et du multit\u00e2che, ainsi que d\u2019une g\u00e9n\u00e9reuse <b>capacit\u00e9 de stockage de 256 Go<\/b> pour conserver photos, vid\u00e9os et documents sans contrainte. Sa finition en <b>bleu<\/b> apporte une touche distinctive et raffin\u00e9e, en accord avec le design contemporain des appareils Samsung. Parmi ses fonctionnalit\u00e9s, on retrouve un <b>GPS<\/b> int\u00e9gr\u00e9 pour une navigation pr\u00e9cise et des outils comme le <b>barom\u00e8tre et le capteur de lumi\u00e8re ambiante<\/b> qui optimisent l\u2019exp\u00e9rience au quotidien dans diverses conditions. L\u2019appareil int\u00e8gre des technologies telles que l\u2019<b>USB-C<\/b> pour un transfert de donn\u00e9es rapide et une recharge efficace, et propose l\u2019autofocus pour am\u00e9liorer la qualit\u00e9 des photos. Comme toujours dans la s\u00e9rie Galaxy S, ce mod\u00e8le s\u2019adresse \u00e0 un public exigeant recherchant des performances avanc\u00e9es et une fiabilit\u00e9 au quotidien. En r\u00e9sum\u00e9, le Galaxy S25 Edge se positionne comme une option \u00e9quilibr\u00e9e et robuste dans l\u2019offre de smartphones premium, combinant des sp\u00e9cifications solides et des fonctionnalit\u00e9s avanc\u00e9es dans un appareil \u00e9l\u00e9gant.<\/p>\n<ul>\n<li>Type: Smartphone<\/li>\n<li>Produit \u00e0 brancher: Oui<\/li>\n<li>Diagonale de l&#8217;\u00e9cran (cm): 17 cm<\/li>\n<li>Type de prise: Prise EU<\/li>\n<li>Bloc d\u2019Alimentation: r\u00e9seau \u00e9lectrique<\/li>\n<li>Indice de r\u00e9parabilit\u00e9: 8.4<\/li>\n<li>Capacit\u00e9 de la batterie: 3900 mAh<\/li>\n<li>Ecran: 6,7&#8243;<\/li>\n<li>Syst\u00e8me d&#8217;exploitation: Android<\/li>\n<li>Connectivit\u00e9:\n<ul>\n<li>NFC<\/li>\n<li>Bluetooth<\/li>\n<li>Wi-Fi<\/li>\n<li>BeiDou<\/li>\n<li>5G<\/li>\n<\/ul>\n<\/li>\n<li>Cam\u00e9ra\/Appareil Photo:\n<ul>\n<li>12 mpx<\/li>\n<li>Dual<\/li>\n<li>12 MP<\/li>\n<li>Frontal<\/li>\n<\/ul>\n<\/li>\n<li>Connexions:\n<ul>\n<li>USB-C<\/li>\n<li>Dual SIM<\/li>\n<li>USB 3.2<\/li>\n<\/ul>\n<\/li>\n<li>Processeur:\n<ul>\n<li>Octa Core<\/li>\n<li>Qualcomm Snapdragon 8 Elite<\/li>\n<\/ul>\n<\/li>\n<li>M\u00e9moire RAM: 12 GB RAM<\/li>\n<li>M\u00e9moire interne: 256 GB<\/li>\n<li>Couleur: Bleu<\/li>\n<li>Caract\u00e9ristiques:\n<ul>\n<li>GPS<\/li>\n<li>Barom\u00e8tre<\/li>\n<li>Capteur de lumi\u00e8re ambiante<\/li>\n<li>Autofocus<\/li>\n<li>Chargement rapide et fiable<\/li>\n<li>SMS<\/li>\n<li>Chargeur sans fil<\/li>\n<li>Lecteur d&#8217;empreintes<\/li>\n<li>Capteur g\u00e9omagn\u00e9tique<\/li>\n<li>Capteur de proximit\u00e9<\/li>\n<li>Gorilla Glass<\/li>\n<li>\u00c9cran plat<\/li>\n<\/ul>\n<\/li>\n<li>Zoom Num\u00e9rique: 10x<\/li>\n<li>Classification \u00e9nerg\u00e9tique: A<\/li>\n<li>Technologie:\n<ul>\n<li>LED<\/li>\n<li>Mime<\/li>\n<li>Glonass<\/li>\n<\/ul>\n<\/li>\n<li>Capteurs:\n<ul>\n<li>Acc\u00e9l\u00e9rom\u00e8tre<\/li>\n<li>Gyroscope<\/li>\n<li>Magn\u00e9tom\u00e8tre<\/li>\n<\/ul>\n<\/li>\n<li>Fonctions: ECO<\/li>\n<li>Non Inclus: Adaptateur AC<\/li>\n<li>Fr\u00e9quence: 120 Hz<\/li>\n<li>Ouverture: F\/1,7<\/li>\n<li>Noyaux: 8 Noyaux<\/li>\n<li>Famille de processeurs: Qualcomm Snapdragon<\/li>\n<li>R\u00e9solution (px): 7680 x 4320 px<\/li>\n<\/ul>","protected":false},"excerpt":{"rendered":"<p>Si vous \u00eates \u00e0 la recherche de nouvelles tendances sur le march\u00e9, nous vous pr\u00e9sentons Smartphone Samsung Galaxy S25 Edge 6,7&#8243; Octa Core 12 GB RAM 256 GB Bleu ! Le Samsung Galaxy S25 Edge est un smartphone haut de gamme qui se distingue par son int\u00e9gration soign\u00e9e de technologies avanc\u00e9es et son design \u00e9l\u00e9gant, [&hellip;]<\/p>\n","protected":false},"featured_media":34544,"comment_status":"open","ping_status":"closed","template":"","meta":[],"product_brand":[183],"product_cat":[575,65,960],"product_tag":[213,566,106],"class_list":{"0":"post-34552","1":"product","2":"type-product","3":"status-publish","4":"has-post-thumbnail","6":"product_brand-brandp_576","7":"product_cat-electronique-telephonie-et-tablettes","8":"product_cat-informatique-electronique","9":"product_cat-telephones-portables","10":"product_tag-tag_933","11":"product_tag-tag_547","12":"product_tag-tag_1295","14":"first","15":"instock","16":"taxable","17":"shipping-taxable","18":"purchasable","19":"product-type-simple"},"_links":{"self":[{"href":"https:\/\/bigbuy.tupique.com\/pt\/wp-json\/wp\/v2\/product\/34552","targetHints":{"allow":["GET"]}}],"collection":[{"href":"https:\/\/bigbuy.tupique.com\/pt\/wp-json\/wp\/v2\/product"}],"about":[{"href":"https:\/\/bigbuy.tupique.com\/pt\/wp-json\/wp\/v2\/types\/product"}],"replies":[{"embeddable":true,"href":"https:\/\/bigbuy.tupique.com\/pt\/wp-json\/wp\/v2\/comments?post=34552"}],"wp:featuredmedia":[{"embeddable":true,"href":"https:\/\/bigbuy.tupique.com\/pt\/wp-json\/wp\/v2\/media\/34544"}],"wp:attachment":[{"href":"https:\/\/bigbuy.tupique.com\/pt\/wp-json\/wp\/v2\/media?parent=34552"}],"wp:term":[{"taxonomy":"product_brand","embeddable":true,"href":"https:\/\/bigbuy.tupique.com\/pt\/wp-json\/wp\/v2\/product_brand?post=34552"},{"taxonomy":"product_cat","embeddable":true,"href":"https:\/\/bigbuy.tupique.com\/pt\/wp-json\/wp\/v2\/product_cat?post=34552"},{"taxonomy":"product_tag","embeddable":true,"href":"https:\/\/bigbuy.tupique.com\/pt\/wp-json\/wp\/v2\/product_tag?post=34552"}],"curies":[{"name":"wp","href":"https:\/\/api.w.org\/{rel}","templated":true}]}}