{"id":34502,"date":"2026-03-30T06:02:08","date_gmt":"2026-03-30T05:02:08","guid":{"rendered":"https:\/\/bigbuy.tupique.com\/produto\/smartwatch-samsung-watch8-white-silver-15-o-44-mm\/"},"modified":"2026-04-16T20:51:31","modified_gmt":"2026-04-16T19:51:31","slug":"smartwatch-samsung-watch8-white-silver-15-o-44-mm","status":"publish","type":"product","link":"https:\/\/bigbuy.tupique.com\/pt\/produto\/smartwatch-samsung-watch8-white-silver-15-o-44-mm\/","title":{"rendered":"Montre intelligente Samsung Watch8 Blanc Argent\u00e9 1,5&#8243; \u00d8 44 mm"},"content":{"rendered":"<p>Si vous \u00eates passionn\u00e9 d&#8217;<b>informatique et d&#8217;\u00e9lectronique<\/b>, si vous \u00eates \u00e0 la pointe de la technologie et qu&#8217;aucun d\u00e9tail ne vous \u00e9chappe, achetez <b>Montre intelligente Samsung Watch8 Blanc Argent\u00e9 1,5&#8243; \u00d8 44 mm<\/b> au meilleur prix.<\/p>\n<p>Le <b>Samsung Galaxy Watch8<\/b> est une <b>smartwatch<\/b> avanc\u00e9e qui allie un design moderne \u00e0 des mat\u00e9riaux de haute qualit\u00e9, offrant une exp\u00e9rience polyvalente et compl\u00e8te \u00e0 l\u2019utilisateur. Avec un bo\u00eetier de <b>44 mm<\/b> couleur <b>argent\u00e9e<\/b>, il pr\u00e9sente une construction robuste en <b>aluminium<\/b> garantissant l\u00e9g\u00e8ret\u00e9 et r\u00e9sistance, compl\u00e9t\u00e9e par un bracelet en <b>silicone<\/b> disponible en <b>blanc<\/b> et <b>gris<\/b>, assurant confort et durabilit\u00e9 pour un usage quotidien. Sa technologie int\u00e9gr\u00e9e comprend des capteurs essentiels pour le suivi sant\u00e9, tels qu\u2019un <b>tensiom\u00e8tre<\/b> pour mesurer la pression art\u00e9rielle et un <b>acc\u00e9l\u00e9rom\u00e8tre<\/b> permettant d\u2019enregistrer pr\u00e9cis\u00e9ment l\u2019activit\u00e9 physique, facilitant analyses et statistiques pertinentes sur l\u2019\u00e9tat physique et les mouvements de l\u2019utilisateur. De plus, la connectivit\u00e9 4G offre une ind\u00e9pendance en permettant la gestion des appels et notifications sans d\u00e9pendre du t\u00e9l\u00e9phone mobile, ajoutant une valeur importante \u00e0 l\u2019autonomie. Cette smartwatch est con\u00e7ue pour les utilisateurs recherchant un appareil complet alliant fonctionnalit\u00e9 technologique et style \u00e9l\u00e9gant, capable de s\u2019adapter \u00e0 divers modes de vie et besoins, du soin personnel \u00e0 la gestion quotidienne. Le Samsung Galaxy Watch8 repr\u00e9sente une solution \u00e9quilibr\u00e9e et sophistiqu\u00e9e dans la gamme des montres connect\u00e9es, destin\u00e9e \u00e0 offrir contr\u00f4le, confort et fiabilit\u00e9 dans un format accessible et moderne.<\/p>\n<ul>\n<li>Type de montre: Montre intelligente<\/li>\n<li>Produit \u00e0 brancher: Oui<\/li>\n<li>Bloc d\u2019Alimentation: r\u00e9seau \u00e9lectrique<\/li>\n<li>Type:\n<ul>\n<li>Super AMOLED<\/li>\n<li>Tensiom\u00e8tre<\/li>\n<\/ul>\n<\/li>\n<li>Couleur:\n<ul>\n<li>Gris<\/li>\n<li>Blanc<\/li>\n<li>Argent\u00e9<\/li>\n<\/ul>\n<\/li>\n<li>Connectivit\u00e9:\n<ul>\n<li>Bluetooth 5.3<\/li>\n<li>Bluetooth<\/li>\n<li>Wi-Fi<\/li>\n<li>GPS<\/li>\n<li>NFC<\/li>\n<li>Glonass<\/li>\n<li>BeiDou<\/li>\n<li>Galileo<\/li>\n<li>eSIM<\/li>\n<\/ul>\n<\/li>\n<li>R\u00e9solution: 480 x 480<\/li>\n<li>Compatible: Android<\/li>\n<li>Mati\u00e8re:\n<ul>\n<li>Silicone<\/li>\n<li>Aluminium<\/li>\n<\/ul>\n<\/li>\n<li>Caract\u00e9ristiques:\n<ul>\n<li>Acc\u00e9l\u00e9rom\u00e8tre<\/li>\n<li>Barom\u00e8tre<\/li>\n<li>Capteur de lumi\u00e8re ambiante<\/li>\n<li>Gyroscope<\/li>\n<li>5 atm<\/li>\n<li>Connexion au r\u00e9seau mobile<\/li>\n<li>Capteur g\u00e9omagn\u00e9tique<\/li>\n<\/ul>\n<\/li>\n<li>Connexions: 4G<\/li>\n<li>M\u00e9moire interne: 32 GB<\/li>\n<li>Syst\u00e8me d&#8217;exploitation: Android<\/li>\n<li>Forme: Rond<\/li>\n<li>Classification IP: IP68<\/li>\n<li>Type de fermeture: Boucle<\/li>\n<li>Ecran: 1,5&#8243;<\/li>\n<li>Fonctions:\n<ul>\n<li>Moniteur de Sommeil<\/li>\n<li>Moniteur de fr\u00e9quence cardiaque<\/li>\n<\/ul>\n<\/li>\n<li>Technologie: AMOLED<\/li>\n<li>Diam\u00e8tre du bo\u00eetier de la montre: \u00d8 44 mm<\/li>\n<li>Autonomie approx.: 40 heures<\/li>\n<li>M\u00e9moire RAM: 2 GB<\/li>\n<\/ul>","protected":false},"excerpt":{"rendered":"<p>Si vous \u00eates passionn\u00e9 d&#8217;informatique et d&#8217;\u00e9lectronique, si vous \u00eates \u00e0 la pointe de la technologie et qu&#8217;aucun d\u00e9tail ne vous \u00e9chappe, achetez Montre intelligente Samsung Watch8 Blanc Argent\u00e9 1,5&#8243; \u00d8 44 mm au meilleur prix. Le Samsung Galaxy Watch8 est une smartwatch avanc\u00e9e qui allie un design moderne \u00e0 des mat\u00e9riaux de haute qualit\u00e9, [&hellip;]<\/p>\n","protected":false},"featured_media":34496,"comment_status":"open","ping_status":"closed","template":"","meta":[],"product_brand":[183],"product_cat":[575,65,748],"product_tag":[103,59,566,106],"class_list":{"0":"post-34502","1":"product","2":"type-product","3":"status-publish","4":"has-post-thumbnail","6":"product_brand-brandp_576","7":"product_cat-electronique-telephonie-et-tablettes","8":"product_cat-informatique-electronique","9":"product_cat-smartwatches","10":"product_tag-tag_1261","11":"product_tag-tag_1304","12":"product_tag-tag_547","13":"product_tag-tag_1295","15":"first","16":"instock","17":"taxable","18":"shipping-taxable","19":"purchasable","20":"product-type-simple"},"_links":{"self":[{"href":"https:\/\/bigbuy.tupique.com\/pt\/wp-json\/wp\/v2\/product\/34502","targetHints":{"allow":["GET"]}}],"collection":[{"href":"https:\/\/bigbuy.tupique.com\/pt\/wp-json\/wp\/v2\/product"}],"about":[{"href":"https:\/\/bigbuy.tupique.com\/pt\/wp-json\/wp\/v2\/types\/product"}],"replies":[{"embeddable":true,"href":"https:\/\/bigbuy.tupique.com\/pt\/wp-json\/wp\/v2\/comments?post=34502"}],"wp:featuredmedia":[{"embeddable":true,"href":"https:\/\/bigbuy.tupique.com\/pt\/wp-json\/wp\/v2\/media\/34496"}],"wp:attachment":[{"href":"https:\/\/bigbuy.tupique.com\/pt\/wp-json\/wp\/v2\/media?parent=34502"}],"wp:term":[{"taxonomy":"product_brand","embeddable":true,"href":"https:\/\/bigbuy.tupique.com\/pt\/wp-json\/wp\/v2\/product_brand?post=34502"},{"taxonomy":"product_cat","embeddable":true,"href":"https:\/\/bigbuy.tupique.com\/pt\/wp-json\/wp\/v2\/product_cat?post=34502"},{"taxonomy":"product_tag","embeddable":true,"href":"https:\/\/bigbuy.tupique.com\/pt\/wp-json\/wp\/v2\/product_tag?post=34502"}],"curies":[{"name":"wp","href":"https:\/\/api.w.org\/{rel}","templated":true}]}}