{"id":34400,"date":"2026-03-30T05:50:59","date_gmt":"2026-03-30T04:50:59","guid":{"rendered":"https:\/\/bigbuy.tupique.com\/produto\/surveillance-camcorder-abus-4\/"},"modified":"2026-04-16T15:16:01","modified_gmt":"2026-04-16T14:16:01","slug":"surveillance-camcorder-abus-4","status":"publish","type":"product","link":"https:\/\/bigbuy.tupique.com\/pt\/produto\/surveillance-camcorder-abus-4\/","title":{"rendered":"Camescope de surveillance ABUS"},"content":{"rendered":"<p>Si vous aimez prendre soin de chaque d\u00e9tail de votre maison et d&#8217;\u00eatre \u00e0 la derni\u00e8re mode en mati\u00e8re de produits qui vous rendront la vie plus facile, achetez <b>Camescope de surveillance ABUS<\/b> au meilleur prix.<\/p>\n<ul>\n<li>Type: Cam\u00e9scope<\/li>\n<li>Couleur: Noir<\/li>\n<li>Mati\u00e8re: M\u00e9tal<\/li>\n<li>Caract\u00e9ristiques:\n<ul>\n<li>Haut-parleurs int\u00e9gr\u00e9s<\/li>\n<li>Microphone int\u00e9gr\u00e9<\/li>\n<li>Sans fil<\/li>\n<li>R\u00e9sistant aux intemp\u00e9ries<\/li>\n<\/ul>\n<\/li>\n<li>Connectivit\u00e9:\n<ul>\n<li>Wi-Fi<\/li>\n<li>Sans fil<\/li>\n<\/ul>\n<\/li>\n<li>Montage: Montage mural<\/li>\n<li>Tension: 230 V<\/li>\n<li>Bloc d\u2019Alimentation: C\u00e2ble \u00e9lectrique<\/li>\n<li>Nombre de cam\u00e9ras: 1<\/li>\n<li>Classification IP: IP66<\/li>\n<li>Fonctions:\n<ul>\n<li>Vision nocturne<\/li>\n<li>Capteur de Mouvement<\/li>\n<\/ul>\n<\/li>\n<li>Technologie:\n<ul>\n<li>Infrarouges<\/li>\n<li>HDD<\/li>\n<\/ul>\n<\/li>\n<li>R\u00e9solution: 1080 p<\/li>\n<li>Taille maximale de la carte m\u00e9moire: 128 GB<\/li>\n<li>Ethernet: Non<\/li>\n<li>Type d&#8217;installation: Montage mural<\/li>\n<li>Temp\u00e9rature de couleur: 3000K<\/li>\n<li>Cartes M\u00e9moire Compatibles: MicroSD (TransFlash)<\/li>\n<li>consommation d&#8217;\u00e9nergie: 17 kWh<\/li>\n<li>Non Inclus: Bluetooth<\/li>\n<li>Distance focale: 4 mm<\/li>\n<\/ul>","protected":false},"excerpt":{"rendered":"<p>Si vous aimez prendre soin de chaque d\u00e9tail de votre maison et d&#8217;\u00eatre \u00e0 la derni\u00e8re mode en mati\u00e8re de produits qui vous rendront la vie plus facile, achetez Camescope de surveillance ABUS au meilleur prix. Type: Cam\u00e9scope Couleur: Noir Mati\u00e8re: M\u00e9tal Caract\u00e9ristiques: Haut-parleurs int\u00e9gr\u00e9s Microphone int\u00e9gr\u00e9 Sans fil R\u00e9sistant aux intemp\u00e9ries Connectivit\u00e9: Wi-Fi Sans [&hellip;]<\/p>\n","protected":false},"featured_media":34385,"comment_status":"open","ping_status":"closed","template":"","meta":[],"product_brand":[1169],"product_cat":[580,239,579],"product_tag":[567,59,210],"class_list":{"0":"post-34400","1":"product","2":"type-product","3":"status-publish","4":"has-post-thumbnail","6":"product_brand-brandp_6311","7":"product_cat-cameras-de-surveillance-video","8":"product_cat-maison-jardin","9":"product_cat-securite-a-la-maison","10":"product_tag-tag_556","11":"product_tag-tag_1304","12":"product_tag-tag_25","14":"first","15":"instock","16":"taxable","17":"shipping-taxable","18":"purchasable","19":"product-type-simple"},"_links":{"self":[{"href":"https:\/\/bigbuy.tupique.com\/pt\/wp-json\/wp\/v2\/product\/34400","targetHints":{"allow":["GET"]}}],"collection":[{"href":"https:\/\/bigbuy.tupique.com\/pt\/wp-json\/wp\/v2\/product"}],"about":[{"href":"https:\/\/bigbuy.tupique.com\/pt\/wp-json\/wp\/v2\/types\/product"}],"replies":[{"embeddable":true,"href":"https:\/\/bigbuy.tupique.com\/pt\/wp-json\/wp\/v2\/comments?post=34400"}],"wp:featuredmedia":[{"embeddable":true,"href":"https:\/\/bigbuy.tupique.com\/pt\/wp-json\/wp\/v2\/media\/34385"}],"wp:attachment":[{"href":"https:\/\/bigbuy.tupique.com\/pt\/wp-json\/wp\/v2\/media?parent=34400"}],"wp:term":[{"taxonomy":"product_brand","embeddable":true,"href":"https:\/\/bigbuy.tupique.com\/pt\/wp-json\/wp\/v2\/product_brand?post=34400"},{"taxonomy":"product_cat","embeddable":true,"href":"https:\/\/bigbuy.tupique.com\/pt\/wp-json\/wp\/v2\/product_cat?post=34400"},{"taxonomy":"product_tag","embeddable":true,"href":"https:\/\/bigbuy.tupique.com\/pt\/wp-json\/wp\/v2\/product_tag?post=34400"}],"curies":[{"name":"wp","href":"https:\/\/api.w.org\/{rel}","templated":true}]}}